{"id":4288,"date":"2022-04-11T15:55:49","date_gmt":"2022-04-11T13:55:49","guid":{"rendered":"https:\/\/www.sprachschule-aktiv-bonn.de\/kontakt\/"},"modified":"2023-04-19T14:00:03","modified_gmt":"2023-04-19T12:00:03","slug":"temas-etmek","status":"publish","type":"page","link":"https:\/\/www.sprachschule-aktiv-bonn.de\/tr\/temas-etmek\/","title":{"rendered":"\u0130leti\u015fim &#8211; Sprachschule Aktiv"},"content":{"rendered":"\t\t<div data-elementor-type=\"wp-page\" data-elementor-id=\"4288\" class=\"elementor elementor-4288 elementor-54\">\n\t\t\t\t\t\t<section class=\"elementor-section elementor-top-section elementor-element elementor-element-81a8d0d elementor-section-stretched elementor-section-boxed elementor-section-height-default elementor-section-height-default\" data-id=\"81a8d0d\" data-element_type=\"section\" data-e-type=\"section\" data-settings=\"{&quot;stretch_section&quot;:&quot;section-stretched&quot;,&quot;background_background&quot;:&quot;classic&quot;}\">\n\t\t\t\t\t\t<div class=\"elementor-container elementor-column-gap-default\">\n\t\t\t\t\t<div class=\"elementor-column elementor-col-100 elementor-top-column elementor-element elementor-element-2763638\" data-id=\"2763638\" data-element_type=\"column\" data-e-type=\"column\">\n\t\t\t<div class=\"elementor-widget-wrap elementor-element-populated\">\n\t\t\t\t\t\t<div class=\"elementor-element elementor-element-2105b6f elementor-widget elementor-widget-text-editor\" data-id=\"2105b6f\" data-element_type=\"widget\" data-e-type=\"widget\" data-widget_type=\"text-editor.default\">\n\t\t\t\t<div class=\"elementor-widget-container\">\n\t\t\t\t\t\t\t\t\t<p>Daha fazla bilgi almak i\u00e7in a\u015fa\u011f\u0131daki formu doldurun. Bir dil okulu dan\u0131\u015fman\u0131 en k\u0131sa s\u00fcrede sizinle ileti\u015fime ge\u00e7ecektir.<\/p>\t\t\t\t\t\t\t\t<\/div>\n\t\t\t\t<\/div>\n\t\t\t\t\t<\/div>\n\t\t<\/div>\n\t\t\t\t\t<\/div>\n\t\t<\/section>\n\t\t\t\t<section class=\"elementor-section elementor-top-section elementor-element elementor-element-327e8f2 elementor-section-stretched elementor-section-boxed elementor-section-height-default elementor-section-height-default\" data-id=\"327e8f2\" data-element_type=\"section\" data-e-type=\"section\" data-settings=\"{&quot;stretch_section&quot;:&quot;section-stretched&quot;,&quot;background_background&quot;:&quot;classic&quot;}\">\n\t\t\t\t\t\t<div class=\"elementor-container elementor-column-gap-default\">\n\t\t\t\t\t<div class=\"elementor-column elementor-col-100 elementor-top-column elementor-element elementor-element-ecac784\" data-id=\"ecac784\" data-element_type=\"column\" data-e-type=\"column\">\n\t\t\t<div class=\"elementor-widget-wrap elementor-element-populated\">\n\t\t\t\t\t\t<div class=\"elementor-element elementor-element-ef93af0 elementor-widget elementor-widget-text-editor\" data-id=\"ef93af0\" data-element_type=\"widget\" data-e-type=\"widget\" data-widget_type=\"text-editor.default\">\n\t\t\t\t<div class=\"elementor-widget-container\">\n\t\t\t\t\t\t\t\t\t\n<div class=\"wpcf7 no-js\" id=\"wpcf7-f4291-o1\" lang=\"tr-TR\" dir=\"ltr\" data-wpcf7-id=\"4291\">\n<div class=\"screen-reader-response\"><p role=\"status\" aria-live=\"polite\" aria-atomic=\"true\"><\/p> <ul><\/ul><\/div>\n<form action=\"\/tr\/wp-json\/wp\/v2\/pages\/4288#wpcf7-f4291-o1\" method=\"post\" class=\"wpcf7-form init wpcf7-acceptance-as-validation\" aria-label=\"\u0130leti\u015fim Formu\" novalidate=\"novalidate\" data-status=\"init\">\n<fieldset class=\"hidden-fields-container\"><input type=\"hidden\" name=\"_wpcf7\" value=\"4291\" \/><input type=\"hidden\" name=\"_wpcf7_version\" value=\"6.1.5\" \/><input type=\"hidden\" name=\"_wpcf7_locale\" value=\"tr_TR\" \/><input type=\"hidden\" name=\"_wpcf7_unit_tag\" value=\"wpcf7-f4291-o1\" \/><input type=\"hidden\" name=\"_wpcf7_container_post\" value=\"0\" \/><input type=\"hidden\" name=\"_wpcf7_posted_data_hash\" value=\"\" \/><input type=\"hidden\" name=\"_wpcf7_recaptcha_response\" value=\"\" \/>\n<\/fieldset>\n<div class=\"row\">\n\t<div class=\"col-lg-6\">\n\t\t<p><span class=\"wpcf7-form-control-wrap\" data-name=\"anrede\"><select class=\"wpcf7-form-control wpcf7-select wpcf7-validates-as-required\" aria-required=\"true\" aria-invalid=\"false\" name=\"anrede\"><option value=\"\">&#8212;L\u00fctfen bir se\u00e7enek se\u00e7in&#8212;<\/option><option value=\"Bay\u0131m\">Bay\u0131m<\/option><option value=\"Bayan\">Bayan<\/option><\/select><\/span>\n\t\t<\/p>\n\t<\/div>\n\t<div class=\"col-lg-6\">\n\t\t<p><span class=\"wpcf7-form-control-wrap\" data-name=\"Vorname\"><input size=\"40\" maxlength=\"400\" class=\"wpcf7-form-control wpcf7-text wpcf7-validates-as-required\" aria-required=\"true\" aria-invalid=\"false\" placeholder=\"\u0130lk ad\u0131*\" value=\"\" type=\"text\" name=\"Vorname\" \/><\/span>\n\t\t<\/p>\n\t<\/div>\n<\/div>\n<div class=\"row\">\n\t<div class=\"col-lg-6\">\n\t\t<p><span class=\"wpcf7-form-control-wrap\" data-name=\"Nachname\"><input size=\"40\" maxlength=\"400\" class=\"wpcf7-form-control wpcf7-text wpcf7-validates-as-required\" aria-required=\"true\" aria-invalid=\"false\" placeholder=\"Soy isim*\" value=\"\" type=\"text\" name=\"Nachname\" \/><\/span>\n\t\t<\/p>\n\t<\/div>\n\t<div class=\"col-lg-6\">\n\t\t<p><span class=\"wpcf7-form-control-wrap\" data-name=\"Telefon\"><input size=\"40\" maxlength=\"400\" class=\"wpcf7-form-control wpcf7-text wpcf7-validates-as-required\" aria-required=\"true\" aria-invalid=\"false\" placeholder=\"Telefon numaras\u0131*\" value=\"\" type=\"text\" name=\"Telefon\" \/><\/span>\n\t\t<\/p>\n\t<\/div>\n<\/div>\n<div class=\"row\">\n\t<div class=\"col-lg-6\">\n\t\t<p><span class=\"wpcf7-form-control-wrap\" data-name=\"your-email\"><input size=\"40\" maxlength=\"400\" class=\"wpcf7-form-control wpcf7-email wpcf7-validates-as-required wpcf7-text wpcf7-validates-as-email\" aria-required=\"true\" aria-invalid=\"false\" placeholder=\"E-posta adresi*\" value=\"\" type=\"email\" name=\"your-email\" \/><\/span>\n\t\t<\/p>\n\t<\/div>\n\t<div class=\"col-lg-6\">\n\t\t<p><span class=\"wpcf7-form-control-wrap\" data-name=\"your-subject\"><input size=\"40\" maxlength=\"400\" class=\"wpcf7-form-control wpcf7-text\" aria-invalid=\"false\" placeholder=\"\u0130li\u015fkin\" value=\"\" type=\"text\" name=\"your-subject\" \/><\/span>\n\t\t<\/p>\n\t<\/div>\n<\/div>\n<p><span class=\"wpcf7-form-control-wrap\" data-name=\"your-message\"><textarea cols=\"40\" rows=\"10\" maxlength=\"2000\" class=\"wpcf7-form-control wpcf7-textarea\" aria-invalid=\"false\" placeholder=\"Haberler\" name=\"your-message\"><\/textarea><\/span>\n<\/p>\n<div style=\"\">\n\t<p><span class=\"wpcf7-form-control-wrap\" data-name=\"agb\"><span class=\"wpcf7-form-control wpcf7-acceptance\"><span class=\"wpcf7-list-item\"><input type=\"checkbox\" name=\"agb\" value=\"1\" aria-invalid=\"false\" \/><\/span><\/span><\/span> (*) <a href=\"https:\/\/www.sprachschule-aktiv-bonn.de\/allgemeine-geschaeftsbedingungen\/\">Genel i\u015f ko\u015fullar\u0131n\u0131<\/a> kabul ettim ve <a href=\"https:\/\/www.sprachschule-aktiv-bonn.de\/datenschutzerklaerung\/\">veri koruma<\/a> hakk\u0131ndaki bilgileri okudum.\n\t<\/p>\n<\/div>\n<p><input class=\"wpcf7-form-control wpcf7-submit has-spinner\" type=\"submit\" value=\"G\u00f6ndermek\" \/>\n<\/p><div class=\"wpcf7-response-output\" aria-hidden=\"true\"><\/div>\n<\/form>\n<\/div>\n\t\t\t\t\t\t\t\t<\/div>\n\t\t\t\t<\/div>\n\t\t\t\t\t<\/div>\n\t\t<\/div>\n\t\t\t\t\t<\/div>\n\t\t<\/section>\n\t\t\t\t<\/div>\n\t\t","protected":false},"excerpt":{"rendered":"<p>Daha fazla bilgi almak i\u00e7in a\u015fa\u011f\u0131daki formu doldurun. Bir dil okulu dan\u0131\u015fman\u0131 en k\u0131sa s\u00fcrede sizinle ileti\u015fime ge\u00e7ecektir.<\/p>\n","protected":false},"author":1,"featured_media":0,"parent":0,"menu_order":0,"comment_status":"closed","ping_status":"closed","template":"","meta":{"footnotes":""},"class_list":["post-4288","page","type-page","status-publish","hentry"],"yoast_head":"<!-- This site is optimized with the Yoast SEO plugin v27.2 - https:\/\/yoast.com\/product\/yoast-seo-wordpress\/ -->\n<title>\u0130leti\u015fim formu - Bonn&#039;da dil \u00f6\u011frenmek i\u00e7in dil okulumuza ba\u015fvurun.<\/title>\n<meta name=\"description\" content=\"L\u00fctfen bu ileti\u015fim formu, e-posta ve telefon yoluyla bizimle ileti\u015fime ge\u00e7in. \u00dccretsiz deneme dersi i\u00e7in randevu alabilirsiniz.\" \/>\n<meta name=\"robots\" content=\"index, follow, max-snippet:-1, max-image-preview:large, max-video-preview:-1\" \/>\n<link rel=\"canonical\" href=\"https:\/\/www.sprachschule-aktiv-bonn.de\/tr\/temas-etmek\/\" \/>\n<meta property=\"og:locale\" content=\"tr_TR\" \/>\n<meta property=\"og:type\" content=\"article\" \/>\n<meta property=\"og:title\" content=\"\u0130leti\u015fim formu - Bonn&#039;da dil \u00f6\u011frenmek i\u00e7in dil okulumuza ba\u015fvurun.\" \/>\n<meta property=\"og:description\" content=\"L\u00fctfen bu ileti\u015fim formu, e-posta ve telefon yoluyla bizimle ileti\u015fime ge\u00e7in. \u00dccretsiz deneme dersi i\u00e7in randevu alabilirsiniz.\" \/>\n<meta property=\"og:url\" content=\"https:\/\/www.sprachschule-aktiv-bonn.de\/tr\/temas-etmek\/\" \/>\n<meta property=\"og:site_name\" content=\"Sprachschule Aktiv Bonn\" \/>\n<meta property=\"article:modified_time\" content=\"2023-04-19T12:00:03+00:00\" \/>\n<meta name=\"twitter:card\" content=\"summary_large_image\" \/>\n<meta name=\"twitter:label1\" content=\"Tahmini okuma s\u00fcresi\" \/>\n\t<meta name=\"twitter:data1\" content=\"1 dakika\" \/>\n<script type=\"application\/ld+json\" class=\"yoast-schema-graph\">{\"@context\":\"https:\/\/schema.org\",\"@graph\":[{\"@type\":\"WebPage\",\"@id\":\"https:\/\/www.sprachschule-aktiv-bonn.de\/tr\/temas-etmek\/\",\"url\":\"https:\/\/www.sprachschule-aktiv-bonn.de\/tr\/temas-etmek\/\",\"name\":\"\u0130leti\u015fim formu - Bonn'da dil \u00f6\u011frenmek i\u00e7in dil okulumuza ba\u015fvurun.\",\"isPartOf\":{\"@id\":\"https:\/\/www.sprachschule-aktiv-bonn.de\/#website\"},\"datePublished\":\"2022-04-11T13:55:49+00:00\",\"dateModified\":\"2023-04-19T12:00:03+00:00\",\"description\":\"L\u00fctfen bu ileti\u015fim formu, e-posta ve telefon yoluyla bizimle ileti\u015fime ge\u00e7in. \u00dccretsiz deneme dersi i\u00e7in randevu alabilirsiniz.\",\"breadcrumb\":{\"@id\":\"https:\/\/www.sprachschule-aktiv-bonn.de\/tr\/temas-etmek\/#breadcrumb\"},\"inLanguage\":\"tr\",\"potentialAction\":[{\"@type\":\"ReadAction\",\"target\":[\"https:\/\/www.sprachschule-aktiv-bonn.de\/tr\/temas-etmek\/\"]}]},{\"@type\":\"BreadcrumbList\",\"@id\":\"https:\/\/www.sprachschule-aktiv-bonn.de\/tr\/temas-etmek\/#breadcrumb\",\"itemListElement\":[{\"@type\":\"ListItem\",\"position\":1,\"name\":\"Startseite\",\"item\":\"https:\/\/www.sprachschule-aktiv-bonn.de\/tr\/\"},{\"@type\":\"ListItem\",\"position\":2,\"name\":\"\u0130leti\u015fim &#8211; Sprachschule Aktiv\"}]},{\"@type\":\"WebSite\",\"@id\":\"https:\/\/www.sprachschule-aktiv-bonn.de\/#website\",\"url\":\"https:\/\/www.sprachschule-aktiv-bonn.de\/\",\"name\":\"Sprachschule Aktiv Bonn\",\"description\":\"\",\"potentialAction\":[{\"@type\":\"SearchAction\",\"target\":{\"@type\":\"EntryPoint\",\"urlTemplate\":\"https:\/\/www.sprachschule-aktiv-bonn.de\/?s={search_term_string}\"},\"query-input\":{\"@type\":\"PropertyValueSpecification\",\"valueRequired\":true,\"valueName\":\"search_term_string\"}}],\"inLanguage\":\"tr\"}]}<\/script>\n<!-- \/ Yoast SEO plugin. -->","yoast_head_json":{"title":"\u0130leti\u015fim formu - Bonn'da dil \u00f6\u011frenmek i\u00e7in dil okulumuza ba\u015fvurun.","description":"L\u00fctfen bu ileti\u015fim formu, e-posta ve telefon yoluyla bizimle ileti\u015fime ge\u00e7in. \u00dccretsiz deneme dersi i\u00e7in randevu alabilirsiniz.","robots":{"index":"index","follow":"follow","max-snippet":"max-snippet:-1","max-image-preview":"max-image-preview:large","max-video-preview":"max-video-preview:-1"},"canonical":"https:\/\/www.sprachschule-aktiv-bonn.de\/tr\/temas-etmek\/","og_locale":"tr_TR","og_type":"article","og_title":"\u0130leti\u015fim formu - Bonn'da dil \u00f6\u011frenmek i\u00e7in dil okulumuza ba\u015fvurun.","og_description":"L\u00fctfen bu ileti\u015fim formu, e-posta ve telefon yoluyla bizimle ileti\u015fime ge\u00e7in. \u00dccretsiz deneme dersi i\u00e7in randevu alabilirsiniz.","og_url":"https:\/\/www.sprachschule-aktiv-bonn.de\/tr\/temas-etmek\/","og_site_name":"Sprachschule Aktiv Bonn","article_modified_time":"2023-04-19T12:00:03+00:00","twitter_card":"summary_large_image","twitter_misc":{"Tahmini okuma s\u00fcresi":"1 dakika"},"schema":{"@context":"https:\/\/schema.org","@graph":[{"@type":"WebPage","@id":"https:\/\/www.sprachschule-aktiv-bonn.de\/tr\/temas-etmek\/","url":"https:\/\/www.sprachschule-aktiv-bonn.de\/tr\/temas-etmek\/","name":"\u0130leti\u015fim formu - Bonn'da dil \u00f6\u011frenmek i\u00e7in dil okulumuza ba\u015fvurun.","isPartOf":{"@id":"https:\/\/www.sprachschule-aktiv-bonn.de\/#website"},"datePublished":"2022-04-11T13:55:49+00:00","dateModified":"2023-04-19T12:00:03+00:00","description":"L\u00fctfen bu ileti\u015fim formu, e-posta ve telefon yoluyla bizimle ileti\u015fime ge\u00e7in. \u00dccretsiz deneme dersi i\u00e7in randevu alabilirsiniz.","breadcrumb":{"@id":"https:\/\/www.sprachschule-aktiv-bonn.de\/tr\/temas-etmek\/#breadcrumb"},"inLanguage":"tr","potentialAction":[{"@type":"ReadAction","target":["https:\/\/www.sprachschule-aktiv-bonn.de\/tr\/temas-etmek\/"]}]},{"@type":"BreadcrumbList","@id":"https:\/\/www.sprachschule-aktiv-bonn.de\/tr\/temas-etmek\/#breadcrumb","itemListElement":[{"@type":"ListItem","position":1,"name":"Startseite","item":"https:\/\/www.sprachschule-aktiv-bonn.de\/tr\/"},{"@type":"ListItem","position":2,"name":"\u0130leti\u015fim &#8211; Sprachschule Aktiv"}]},{"@type":"WebSite","@id":"https:\/\/www.sprachschule-aktiv-bonn.de\/#website","url":"https:\/\/www.sprachschule-aktiv-bonn.de\/","name":"Sprachschule Aktiv Bonn","description":"","potentialAction":[{"@type":"SearchAction","target":{"@type":"EntryPoint","urlTemplate":"https:\/\/www.sprachschule-aktiv-bonn.de\/?s={search_term_string}"},"query-input":{"@type":"PropertyValueSpecification","valueRequired":true,"valueName":"search_term_string"}}],"inLanguage":"tr"}]}},"_links":{"self":[{"href":"https:\/\/www.sprachschule-aktiv-bonn.de\/tr\/wp-json\/wp\/v2\/pages\/4288","targetHints":{"allow":["GET"]}}],"collection":[{"href":"https:\/\/www.sprachschule-aktiv-bonn.de\/tr\/wp-json\/wp\/v2\/pages"}],"about":[{"href":"https:\/\/www.sprachschule-aktiv-bonn.de\/tr\/wp-json\/wp\/v2\/types\/page"}],"author":[{"embeddable":true,"href":"https:\/\/www.sprachschule-aktiv-bonn.de\/tr\/wp-json\/wp\/v2\/users\/1"}],"replies":[{"embeddable":true,"href":"https:\/\/www.sprachschule-aktiv-bonn.de\/tr\/wp-json\/wp\/v2\/comments?post=4288"}],"version-history":[{"count":5,"href":"https:\/\/www.sprachschule-aktiv-bonn.de\/tr\/wp-json\/wp\/v2\/pages\/4288\/revisions"}],"predecessor-version":[{"id":4295,"href":"https:\/\/www.sprachschule-aktiv-bonn.de\/tr\/wp-json\/wp\/v2\/pages\/4288\/revisions\/4295"}],"wp:attachment":[{"href":"https:\/\/www.sprachschule-aktiv-bonn.de\/tr\/wp-json\/wp\/v2\/media?parent=4288"}],"curies":[{"name":"wp","href":"https:\/\/api.w.org\/{rel}","templated":true}]}}