{"id":4262,"date":"2022-05-31T07:27:58","date_gmt":"2022-05-31T05:27:58","guid":{"rendered":"https:\/\/www.sprachschule-aktiv-bonn.de\/testdaf-pruefungsvorbereitungskurse\/"},"modified":"2026-03-24T21:38:29","modified_gmt":"2026-03-24T20:38:29","slug":"bonndaki-telc-almanca-sinavlari","status":"publish","type":"page","link":"https:\/\/www.sprachschule-aktiv-bonn.de\/tr\/bonndaki-telc-almanca-sinavlari\/","title":{"rendered":"Bonn&#8217;daki telc Almanca s\u0131navlar\u0131"},"content":{"rendered":"<img fetchpriority=\"high\" decoding=\"async\" width=\"768\" height=\"1024\" src=\"https:\/\/www.sprachschule-aktiv-bonn.de\/wp-content\/uploads\/2023\/04\/telc-deutsch-pruefungen-in-bonn-1-768x1024.jpg\" alt=\"Bonn&#039;daki TestDaF s\u0131nav\u0131 haz\u0131rl\u0131k kurslar\u0131\" srcset=\"https:\/\/www.sprachschule-aktiv-bonn.de\/wp-content\/uploads\/2023\/04\/telc-deutsch-pruefungen-in-bonn-1-768x1024.jpg 768w, https:\/\/www.sprachschule-aktiv-bonn.de\/wp-content\/uploads\/2023\/04\/telc-deutsch-pruefungen-in-bonn-1-225x300.jpg 225w, https:\/\/www.sprachschule-aktiv-bonn.de\/wp-content\/uploads\/2023\/04\/telc-deutsch-pruefungen-in-bonn-1.jpg 800w\" sizes=\"(max-width: 768px) 100vw, 768px\" \/>\n<p>Bir \u00fcniversite program\u0131na kabul i\u00e7in bir test mi yoksa uluslararas\u0131 olarak da tan\u0131nan bir s\u0131nav m\u0131 gerekiyor? Uluslararas\u0131 olarak tan\u0131nan telc s\u0131navlar\u0131na kaydolun ve testinizi bizimle Sprachschule Aktiv Bonn&#8217;da yap\u0131n. Ger\u00e7ek zamanl\u0131 olarak s\u0131nav\u0131 sim\u00fcle edebilece\u011finiz haz\u0131rl\u0131k kurslar\u0131m\u0131zda tam bir haz\u0131rl\u0131k yapabilirsiniz ve telc s\u0131nav g\u00f6revlilerinden t\u00fcm gerekli strateji ve ba\u015far\u0131 ipu\u00e7lar\u0131n\u0131 alabilirsiniz.<\/p>\n<p>\u00a0<\/p>\n<p>A1&#8217;den C2&#8217;ye kadar, a\u015fa\u011f\u0131daki tarihlerde Almanca seviyenizi ve talep edildi\u011finde \u0130ngilizce, \u0130spanyolca, Frans\u0131zca gibi yabanc\u0131 dillerinizi de sertifikaland\u0131rabilirsiniz. S\u0131nav tarihlerimizde zaman\u0131n\u0131z yoksa, size \u00f6zel bir s\u0131nav tarihi ayarlamak i\u00e7in bizimle ileti\u015fime ge\u00e7ebilirsiniz. Kay\u0131ttan sertifikan\u0131za kadar hepsinde size yard\u0131mc\u0131 olaca\u011f\u0131z.<\/p>\n<h2>Kim s\u0131nava girebilir?<\/h2>\n<p>\u0130lkokul e\u011fitimini alm\u0131\u015f herkes Telc s\u0131nav\u0131n\u0131 alabilir. Farkl\u0131 seviyelerde s\u0131navlar sunulmaktad\u0131r, A1&#8217;den C2&#8217;ye kadar. Seviyeye ba\u011fl\u0131 olarak, okuma anlama, dinleme anlama, yaz\u0131l\u0131 ve s\u00f6zl\u00fc ifade gibi farkl\u0131 Almanca becerileri test edilir.<\/p>\n<p>\u00a0Sprachschule Aktiv Bonn&#8217;da Telc s\u0131nav\u0131 haz\u0131rl\u0131k kurslar\u0131 da mevcuttur ve d\u00fc\u015f\u00fck maliyetli bir \u015fekilde en iyi \u015fekilde haz\u0131rlanman\u0131za yard\u0131mc\u0131 olur.<\/p>\n<p><a href=\"#\">H\u0131zl\u0131 istek<\/a>\t\t<\/p>\n<h2>\u00dcniversite giri\u015f \u015fartlar\u0131:<\/h2>\n<p>Birinci derece program\u0131na (lisans veya devlet s\u0131nav\u0131) ba\u015fvuru veya kabul i\u00e7in en az C1 seviyesinde Almanca dil becerilerinin kan\u0131tlanmas\u0131 gerekmektedir. Telc sertifikas\u0131 kabul edilen bir belge olarak hizmet eder ve kaydolma i\u00e7in idealdir. Hukuk, t\u0131p veya psikoloji gibi \u00e7ok y\u00fcksek d\u00fczeyde dil yetene\u011fi gerektiren dersler i\u00e7in, C2 sertifikas\u0131 edinmek bile tavsiye edilir.<\/p>\n<p>\u00a0K\u00f6ln \u00dcniversitesi&#8217;nde, DSH 2&#8217;nin yerine a\u015fa\u011f\u0131daki sertifikalar tan\u0131n\u0131r:<\/p>\n<ul>\n<li>\u00dcniversiteye Giri\u015f Alman Dili S\u0131nav\u0131 (DSH-2 veya DSH-3)*.<\/li>\n<li>Yabanc\u0131 Dil Olarak Almanca Testi (TestDaF) t\u00fcm d\u00f6rt s\u0131nav par\u00e7as\u0131nda seviye 4 ile<\/li>\n<li>Goethe Sertifikas\u0131 C2<\/li>\n<li>Telc Almanca C1 \u00dcniversite<\/li>\n<li>Telc Almanca C2<\/li>\n<\/ul>\n<p>\u00a0*Baz\u0131 \u00fcniversitelerde, \u00fcniversiteye kabul edilmeden DSH s\u0131nav\u0131na kaydolamayaca\u011f\u0131n\u0131z i\u00e7in DSH s\u0131nav\u0131n\u0131 alman\u0131z m\u00fcmk\u00fcn olmayabilir.<\/p>\n<h2>Bonn&#8217;da dil kursu talebi<\/h2>\n<p>Bu dil seviyesini yan\u0131n\u0131zda getirmeniz gerekiyor. Okulumuz, \u00f6nceki telc s\u0131nav sonu\u00e7lar\u0131na g\u00f6re \u00e7ok etkili oldu\u011fu kan\u0131tlanm\u0131\u015f bir Telc s\u0131nav\u0131 haz\u0131rl\u0131k kursu sunmaktad\u0131r. Kursu alan \u00f6\u011frencilerin %94.40&#8217;\u0131 s\u0131nav\u0131 ge\u00e7ti, kursa kat\u0131lmayan \u00f6\u011frencilerin ise %56.76&#8217;s\u0131 s\u0131nav\u0131 ge\u00e7ebildi. Kurs, yo\u011fun kurslar\u0131m\u0131z\u0131n bir par\u00e7as\u0131 olarak ger\u00e7ekle\u015ftirilir, b\u00f6ylece ek bir kursa ihtiyac\u0131n\u0131z olmaz ve para tasarrufu sa\u011flayabilirsiniz. S\u0131nav\u0131n bile\u015fenleri kurs boyunca yo\u011fun bir \u015fekilde uygulan\u0131r ve ger\u00e7ek zamanl\u0131 olarak sim\u00fcle edilir, b\u00f6ylece ge\u00e7me \u015fans\u0131n\u0131z\u0131 \u00f6nemli \u00f6l\u00e7\u00fcde art\u0131r\u0131r. S\u0131nava kat\u0131lmak i\u00e7in pasaport veya kimlik kart\u0131, bir kur\u015fun kalem, bir kalemt\u0131ra\u015f ve bir silgiye ihtiyac\u0131n\u0131z olacak. S\u0131nav, yaz\u0131l\u0131 ve s\u00f6zl\u00fc olmak \u00fczere iki b\u00f6l\u00fcmden olu\u015fur ve yaz\u0131l\u0131 k\u0131s\u0131m yakla\u015f\u0131k 3,5 saat, s\u00f6zl\u00fc k\u0131s\u0131m ise 15-20 dakika s\u00fcrer. S\u0131nav sonucu ve s\u0131nav belgesi s\u0131navdan yakla\u015f\u0131k 5-6 hafta sonra otomatik olarak e-posta yoluyla size g\u00f6nderilir. S\u0131nav\u0131 istedi\u011finiz kadar tekrarlayabilir ve plans\u0131z bir s\u0131nav i\u00e7in bireysel tarihler talep edebilirsiniz. Kurs ve s\u0131nav i\u00e7in minimum kat\u0131l\u0131mc\u0131 say\u0131s\u0131 3&#8217;t\u00fcr. Telc s\u0131nav \u00fccretleri t\u00fcm masraflar\u0131 kapsar, ancak 15 \u20ac kay\u0131t \u00fccreti al\u0131n\u0131r. Ba\u015far\u0131 \u015fans\u0131n\u0131z\u0131 en \u00fcst d\u00fczeye \u00e7\u0131karmak i\u00e7in telc s\u0131nav haz\u0131rl\u0131k kursumuzu \u00f6neriyoruz. Hemen kaydolun ve bir sonraki kurs i\u00e7in yerinizi garantileyin!<\/p>\n<h2>Yo\u011fun kurslar\u0131m\u0131zda haz\u0131rl\u0131k<\/h2>\n<p>\t\thttps:\/\/www.youtube.com\/watch?v=54-5aCU96MM<\/p>\n<p>Sprachschule Aktiv Bonn, her seviye i\u00e7in telc s\u0131nav\u0131 haz\u0131rl\u0131k kurslar\u0131 sunmaktad\u0131r. S\u0131navdan \u00f6nceki d\u00f6rt hafta boyunca, profesyonel \u00f6\u011fretmenlerimizle haftada be\u015f g\u00fcn yo\u011fun bir kursla telc s\u0131nav\u0131n\u0131n yaz\u0131l\u0131 ve s\u00f6zl\u00fc stratejileri ve m\u00fcfredat\u0131n\u0131 pratik yapacaks\u0131n\u0131z. \u00d6\u011frencilerimizin \u00e7o\u011fu telc s\u0131nav hakemidir. Eski model test ve s\u0131navlara eri\u015fiminiz olacak ve ger\u00e7ek zamanl\u0131 sim\u00fclasyonlarla haz\u0131rlanacaks\u0131n\u0131z. \u00d6\u011fretmenlerimiz, s\u0131nav\u0131 en iyi \u015fekilde ge\u00e7mek i\u00e7in en iyi ipu\u00e7lar\u0131 ve \u00f6nerileri size vereceklerdir. Emin de\u011fil misiniz? \u0130statistiklere g\u00f6re, bizimle haz\u0131rl\u0131k kursu alan t\u00fcm \u00f6\u011frencilerin %94,40&#8217;\u0131 telc s\u0131nav\u0131n\u0131 ge\u00e7iyor. \u015eans\u0131n\u0131z\u0131 \u015fimdi art\u0131r\u0131n!<\/p>\n<h2>Bonn&#8217;daki telc haz\u0131rl\u0131k kurslar\u0131n\u0131n maliyeti<\/h2>\n<p>Kurs s\u00fcresi \u00f6nceki e\u011fitiminize ba\u011fl\u0131 olarak de\u011fi\u015fir. Seviye ba\u015f\u0131na en az sekiz hafta bekleyin.<\/p>\n<p>Kurs, Pazartesi&#8217;den Cuma&#8217;ya kadar saat 9:00 ile 12:00 aras\u0131nda ger\u00e7ekle\u015fir.<\/p>\n<p>Ba\u015flang\u0131\u00e7 tarihleri: her ay\u0131n ilk Pazartesi g\u00fcn\u00fc<\/p>\n<p>Tarihler: Pazartesi&#8217;den Cuma&#8217;ya kadar saat 9:00 ila 12:00 aras\u0131<\/p>\n<p>Maliyetlerimiz:<\/p>\n<p>Bir hafta: 199 avro<\/p>\n<p>\u0130ki hafta: 299 avro<\/p>\n<p>\u00dc\u00e7 hafta: 349 avro<\/p>\n<p>D\u00f6rt hafta: 399 avro<\/p>\n<p><a href=\"#\">Bonn&#8217;da dil kursuna kay\u0131t<\/a>\t\t<\/p>\n<h2>\u0130\u015fte telc s\u0131nav\u0131n\u0131n nas\u0131l \u00e7al\u0131\u015ft\u0131\u011f\u0131<\/h2>\n<p>S\u0131nav, yaz\u0131l\u0131 ve s\u00f6zl\u00fc bir b\u00f6l\u00fcmden olu\u015fur. Yaz\u0131l\u0131 b\u00f6l\u00fcm, okuma anlama, dinleme anlama ve yaz\u0131l\u0131 ifadeyi i\u00e7erir. Bu b\u00f6l\u00fcm, 20 dakikal\u0131k bir ara ile yakla\u015f\u0131k 3,5 saat s\u00fcrer. S\u00f6zl\u00fc b\u00f6l\u00fcm genellikle 2-3 di\u011fer kat\u0131l\u0131mc\u0131yla bir grup s\u0131nav\u0131 olarak ger\u00e7ekle\u015ftirilir. Yakla\u015f\u0131k 15-20 dakika s\u00fcrer. S\u00f6zl\u00fc s\u0131navdan \u00f6nce haz\u0131rlanmak i\u00e7in 20 dakikan\u0131z vard\u0131r.<\/p>\n<p>Pasaport veya kimlik kart\u0131 gereklidir. Bir kalem, kalemt\u0131ra\u015f ve silgiye ihtiyac\u0131n\u0131z olacak. Sadece bir kalemle yazabilirsiniz. T\u00fckenmez kalemler veya benzerleri yasakt\u0131r.<\/p>\n<p>S\u0131nava istedi\u011finiz kadar tekrar girebilirsiniz.<\/p>\n<p>Yakla\u015f\u0131k 15-20 dakika s\u00fcrer. S\u00f6zl\u00fc s\u0131navdan \u00f6nce haz\u0131rlanmak i\u00e7in 20 dakikan\u0131z var.<\/p>\n<p>Pasaport veya kimlik kart\u0131 gereklidir. Bir kalem, kalemt\u0131ra\u015f ve silgiye ihtiyac\u0131n\u0131z olacak. Sadece bir kalemle yazabilirsiniz. T\u00fckenmez kalem veya benzeri \u015feyler yasakt\u0131r.<\/p>\n<p>S\u0131nav\u0131 istedi\u011finiz kadar tekrarlayabilirsiniz.<\/p>\n<p>S\u0131nav \u00fccreti, ilgili seviye i\u00e7in kay\u0131t tarihine kadar \u00f6denmelidir. \u0130lgili seviye i\u00e7in s\u0131nav haz\u0131rl\u0131k kursu \u00fccreti en ge\u00e7 kursun ba\u015flang\u0131c\u0131nda \u00f6denmelidir. Sa\u011fl\u0131k nedenleriyle kat\u0131lamaman\u0131z durumunda, t\u0131bbi bir rapor sunman\u0131z halinde s\u0131nav \u00fccreti size iade edilecektir ve iptal \u00fccreti olarak 80.00\u20ac d\u00fc\u015f\u00fclecektir.<\/p>\n<p>S\u0131nav sonucu ve s\u0131nav belgesi, yakla\u015f\u0131k 5-6 hafta sonra otomatik olarak e-posta yoluyla size g\u00f6nderilecektir. S\u0131nav, Frankfurt&#8217;taki telc Enstit\u00fcs\u00fc&#8217;nde d\u00fczeltildi\u011fi i\u00e7in Sprachschule Aktiv K\u00f6ln d\u00fczeltme s\u00fcresi \u00fczerinde hi\u00e7bir etkiye sahip de\u011fildir ve sorumlu tutulamaz. Sonu\u00e7 haz\u0131r oldu\u011funda sizinle otomatik olarak ileti\u015fime ge\u00e7ece\u011fiz! Dilerseniz belgeyi postayla da g\u00f6nderebiliriz.<\/p>\n<h2>Bireysel tarihler<\/h2>\n<p>Ayr\u0131 bir telc s\u0131nav\u0131 i\u00e7in tercih etti\u011finiz tarihi bize iletebilirsiniz. Ard\u0131ndan, plans\u0131z bir s\u0131nav i\u00e7in yeterli kat\u0131l\u0131mc\u0131 say\u0131s\u0131na sahip olup olmad\u0131\u011f\u0131m\u0131z\u0131 ve tercih etti\u011finiz tarihte s\u0131nav\u0131 yapabilecek miyiz diye kontrol edece\u011fiz veya size ayr\u0131 bir teklif sunaca\u011f\u0131z. Acil durumlarda, sadece sizin i\u00e7in \u00f6zel bir s\u0131nav da ayarlayabiliriz.<\/p>\n<p>Ba\u015far\u0131l\u0131 bir e\u011fitim i\u00e7in \u015fimdi ko\u015fullar\u0131 olu\u015fturun<\/p>\n<p>Bonn&#8217;da e\u011fitim almak zordur ve m\u00fckemmel Almanca konu\u015fmadan neredeyse imkans\u0131zd\u0131r. Bonn&#8217;daki Sprachschule Aktiv&#8217;de bug\u00fcn Almanca kursuna kaydolun ve ba\u015far\u0131l\u0131 bir e\u011fitim i\u00e7in ko\u015fullar\u0131 olu\u015fturun.<\/p>\n","protected":false},"excerpt":{"rendered":"<p>Bir \u00fcniversite program\u0131na kabul i\u00e7in bir test mi yoksa uluslararas\u0131 olarak da tan\u0131nan bir s\u0131nav m\u0131 gerekiyor? Uluslararas\u0131 olarak tan\u0131nan telc s\u0131navlar\u0131na kaydolun ve testinizi bizimle Sprachschule Aktiv Bonn&#8217;da yap\u0131n. Ger\u00e7ek zamanl\u0131 olarak s\u0131nav\u0131 sim\u00fcle edebilece\u011finiz haz\u0131rl\u0131k kurslar\u0131m\u0131zda tam bir haz\u0131rl\u0131k yapabilirsiniz ve telc s\u0131nav g\u00f6revlilerinden t\u00fcm gerekli strateji ve ba\u015far\u0131 ipu\u00e7lar\u0131n\u0131 alabilirsiniz. \u00a0 A1&#8217;den&hellip; <a class=\"read-more\" href=\"https:\/\/www.sprachschule-aktiv-bonn.de\/tr\/bonndaki-telc-almanca-sinavlari\/\" title=\"Read Bonn&#8217;daki telc Almanca s\u0131navlar\u0131\">Read more &raquo;<\/a><\/p>\n","protected":false},"author":2,"featured_media":0,"parent":0,"menu_order":0,"comment_status":"closed","ping_status":"closed","template":"","meta":{"footnotes":""},"class_list":["post-4262","page","type-page","status-publish","hentry"],"yoast_head":"<!-- This site is optimized with the Yoast SEO plugin v27.2 - https:\/\/yoast.com\/product\/yoast-seo-wordpress\/ -->\n<title>Bonn&#039;daki telc Almanca s\u0131navlar\u0131<\/title>\n<meta name=\"description\" content=\"Bonn&#039;da TestDaF i\u00e7in haz\u0131rl\u0131k kurslar\u0131 \u00fccretsiz deneme dersi ve dil testi ile. 4 haftal\u0131k yo\u011fun kurs 399 \u20ac&#039;ya mal oluyor. \u015eimdi bilgi al\u0131n!\" \/>\n<meta name=\"robots\" content=\"index, follow, max-snippet:-1, max-image-preview:large, max-video-preview:-1\" \/>\n<link rel=\"canonical\" href=\"https:\/\/www.sprachschule-aktiv-bonn.de\/tr\/bonndaki-telc-almanca-sinavlari\/\" \/>\n<meta property=\"og:locale\" content=\"tr_TR\" \/>\n<meta property=\"og:type\" content=\"article\" \/>\n<meta property=\"og:title\" content=\"Bonn&#039;daki telc Almanca s\u0131navlar\u0131\" \/>\n<meta property=\"og:description\" content=\"Bonn&#039;da TestDaF i\u00e7in haz\u0131rl\u0131k kurslar\u0131 \u00fccretsiz deneme dersi ve dil testi ile. 4 haftal\u0131k yo\u011fun kurs 399 \u20ac&#039;ya mal oluyor. \u015eimdi bilgi al\u0131n!\" \/>\n<meta property=\"og:url\" content=\"https:\/\/www.sprachschule-aktiv-bonn.de\/tr\/bonndaki-telc-almanca-sinavlari\/\" \/>\n<meta property=\"og:site_name\" content=\"Sprachschule Aktiv Bonn\" \/>\n<meta property=\"article:modified_time\" content=\"2026-03-24T20:38:29+00:00\" \/>\n<meta property=\"og:image\" content=\"https:\/\/www.sprachschule-aktiv-bonn.de\/wp-content\/uploads\/2023\/04\/telc-deutsch-pruefungen-in-bonn-1.jpg\" \/>\n\t<meta property=\"og:image:width\" content=\"800\" \/>\n\t<meta property=\"og:image:height\" content=\"1067\" \/>\n\t<meta property=\"og:image:type\" content=\"image\/jpeg\" \/>\n<meta name=\"twitter:card\" content=\"summary_large_image\" \/>\n<meta name=\"twitter:label1\" content=\"Tahmini okuma s\u00fcresi\" \/>\n\t<meta name=\"twitter:data1\" content=\"6 dakika\" \/>\n<script type=\"application\/ld+json\" class=\"yoast-schema-graph\">{\"@context\":\"https:\/\/schema.org\",\"@graph\":[{\"@type\":\"WebPage\",\"@id\":\"https:\/\/www.sprachschule-aktiv-bonn.de\/tr\/bonndaki-telc-almanca-sinavlari\/\",\"url\":\"https:\/\/www.sprachschule-aktiv-bonn.de\/tr\/bonndaki-telc-almanca-sinavlari\/\",\"name\":\"Bonn'daki telc Almanca s\u0131navlar\u0131\",\"isPartOf\":{\"@id\":\"https:\/\/www.sprachschule-aktiv-bonn.de\/#website\"},\"primaryImageOfPage\":{\"@id\":\"https:\/\/www.sprachschule-aktiv-bonn.de\/tr\/bonndaki-telc-almanca-sinavlari\/#primaryimage\"},\"image\":{\"@id\":\"https:\/\/www.sprachschule-aktiv-bonn.de\/tr\/bonndaki-telc-almanca-sinavlari\/#primaryimage\"},\"thumbnailUrl\":\"https:\/\/www.sprachschule-aktiv-bonn.de\/wp-content\/uploads\/2023\/04\/telc-deutsch-pruefungen-in-bonn-1-768x1024.jpg\",\"datePublished\":\"2022-05-31T05:27:58+00:00\",\"dateModified\":\"2026-03-24T20:38:29+00:00\",\"description\":\"Bonn'da TestDaF i\u00e7in haz\u0131rl\u0131k kurslar\u0131 \u00fccretsiz deneme dersi ve dil testi ile. 4 haftal\u0131k yo\u011fun kurs 399 \u20ac'ya mal oluyor. \u015eimdi bilgi al\u0131n!\",\"breadcrumb\":{\"@id\":\"https:\/\/www.sprachschule-aktiv-bonn.de\/tr\/bonndaki-telc-almanca-sinavlari\/#breadcrumb\"},\"inLanguage\":\"tr\",\"potentialAction\":[{\"@type\":\"ReadAction\",\"target\":[\"https:\/\/www.sprachschule-aktiv-bonn.de\/tr\/bonndaki-telc-almanca-sinavlari\/\"]}]},{\"@type\":\"ImageObject\",\"inLanguage\":\"tr\",\"@id\":\"https:\/\/www.sprachschule-aktiv-bonn.de\/tr\/bonndaki-telc-almanca-sinavlari\/#primaryimage\",\"url\":\"https:\/\/www.sprachschule-aktiv-bonn.de\/wp-content\/uploads\/2023\/04\/telc-deutsch-pruefungen-in-bonn-1-768x1024.jpg\",\"contentUrl\":\"https:\/\/www.sprachschule-aktiv-bonn.de\/wp-content\/uploads\/2023\/04\/telc-deutsch-pruefungen-in-bonn-1-768x1024.jpg\"},{\"@type\":\"BreadcrumbList\",\"@id\":\"https:\/\/www.sprachschule-aktiv-bonn.de\/tr\/bonndaki-telc-almanca-sinavlari\/#breadcrumb\",\"itemListElement\":[{\"@type\":\"ListItem\",\"position\":1,\"name\":\"Startseite\",\"item\":\"https:\/\/www.sprachschule-aktiv-bonn.de\/tr\/\"},{\"@type\":\"ListItem\",\"position\":2,\"name\":\"Bonn&#8217;daki telc Almanca s\u0131navlar\u0131\"}]},{\"@type\":\"WebSite\",\"@id\":\"https:\/\/www.sprachschule-aktiv-bonn.de\/#website\",\"url\":\"https:\/\/www.sprachschule-aktiv-bonn.de\/\",\"name\":\"Sprachschule Aktiv Bonn\",\"description\":\"\",\"potentialAction\":[{\"@type\":\"SearchAction\",\"target\":{\"@type\":\"EntryPoint\",\"urlTemplate\":\"https:\/\/www.sprachschule-aktiv-bonn.de\/?s={search_term_string}\"},\"query-input\":{\"@type\":\"PropertyValueSpecification\",\"valueRequired\":true,\"valueName\":\"search_term_string\"}}],\"inLanguage\":\"tr\"}]}<\/script>\n<!-- \/ Yoast SEO plugin. -->","yoast_head_json":{"title":"Bonn'daki telc Almanca s\u0131navlar\u0131","description":"Bonn'da TestDaF i\u00e7in haz\u0131rl\u0131k kurslar\u0131 \u00fccretsiz deneme dersi ve dil testi ile. 4 haftal\u0131k yo\u011fun kurs 399 \u20ac'ya mal oluyor. \u015eimdi bilgi al\u0131n!","robots":{"index":"index","follow":"follow","max-snippet":"max-snippet:-1","max-image-preview":"max-image-preview:large","max-video-preview":"max-video-preview:-1"},"canonical":"https:\/\/www.sprachschule-aktiv-bonn.de\/tr\/bonndaki-telc-almanca-sinavlari\/","og_locale":"tr_TR","og_type":"article","og_title":"Bonn'daki telc Almanca s\u0131navlar\u0131","og_description":"Bonn'da TestDaF i\u00e7in haz\u0131rl\u0131k kurslar\u0131 \u00fccretsiz deneme dersi ve dil testi ile. 4 haftal\u0131k yo\u011fun kurs 399 \u20ac'ya mal oluyor. \u015eimdi bilgi al\u0131n!","og_url":"https:\/\/www.sprachschule-aktiv-bonn.de\/tr\/bonndaki-telc-almanca-sinavlari\/","og_site_name":"Sprachschule Aktiv Bonn","article_modified_time":"2026-03-24T20:38:29+00:00","og_image":[{"width":800,"height":1067,"url":"https:\/\/www.sprachschule-aktiv-bonn.de\/wp-content\/uploads\/2023\/04\/telc-deutsch-pruefungen-in-bonn-1.jpg","type":"image\/jpeg"}],"twitter_card":"summary_large_image","twitter_misc":{"Tahmini okuma s\u00fcresi":"6 dakika"},"schema":{"@context":"https:\/\/schema.org","@graph":[{"@type":"WebPage","@id":"https:\/\/www.sprachschule-aktiv-bonn.de\/tr\/bonndaki-telc-almanca-sinavlari\/","url":"https:\/\/www.sprachschule-aktiv-bonn.de\/tr\/bonndaki-telc-almanca-sinavlari\/","name":"Bonn'daki telc Almanca s\u0131navlar\u0131","isPartOf":{"@id":"https:\/\/www.sprachschule-aktiv-bonn.de\/#website"},"primaryImageOfPage":{"@id":"https:\/\/www.sprachschule-aktiv-bonn.de\/tr\/bonndaki-telc-almanca-sinavlari\/#primaryimage"},"image":{"@id":"https:\/\/www.sprachschule-aktiv-bonn.de\/tr\/bonndaki-telc-almanca-sinavlari\/#primaryimage"},"thumbnailUrl":"https:\/\/www.sprachschule-aktiv-bonn.de\/wp-content\/uploads\/2023\/04\/telc-deutsch-pruefungen-in-bonn-1-768x1024.jpg","datePublished":"2022-05-31T05:27:58+00:00","dateModified":"2026-03-24T20:38:29+00:00","description":"Bonn'da TestDaF i\u00e7in haz\u0131rl\u0131k kurslar\u0131 \u00fccretsiz deneme dersi ve dil testi ile. 4 haftal\u0131k yo\u011fun kurs 399 \u20ac'ya mal oluyor. \u015eimdi bilgi al\u0131n!","breadcrumb":{"@id":"https:\/\/www.sprachschule-aktiv-bonn.de\/tr\/bonndaki-telc-almanca-sinavlari\/#breadcrumb"},"inLanguage":"tr","potentialAction":[{"@type":"ReadAction","target":["https:\/\/www.sprachschule-aktiv-bonn.de\/tr\/bonndaki-telc-almanca-sinavlari\/"]}]},{"@type":"ImageObject","inLanguage":"tr","@id":"https:\/\/www.sprachschule-aktiv-bonn.de\/tr\/bonndaki-telc-almanca-sinavlari\/#primaryimage","url":"https:\/\/www.sprachschule-aktiv-bonn.de\/wp-content\/uploads\/2023\/04\/telc-deutsch-pruefungen-in-bonn-1-768x1024.jpg","contentUrl":"https:\/\/www.sprachschule-aktiv-bonn.de\/wp-content\/uploads\/2023\/04\/telc-deutsch-pruefungen-in-bonn-1-768x1024.jpg"},{"@type":"BreadcrumbList","@id":"https:\/\/www.sprachschule-aktiv-bonn.de\/tr\/bonndaki-telc-almanca-sinavlari\/#breadcrumb","itemListElement":[{"@type":"ListItem","position":1,"name":"Startseite","item":"https:\/\/www.sprachschule-aktiv-bonn.de\/tr\/"},{"@type":"ListItem","position":2,"name":"Bonn&#8217;daki telc Almanca s\u0131navlar\u0131"}]},{"@type":"WebSite","@id":"https:\/\/www.sprachschule-aktiv-bonn.de\/#website","url":"https:\/\/www.sprachschule-aktiv-bonn.de\/","name":"Sprachschule Aktiv Bonn","description":"","potentialAction":[{"@type":"SearchAction","target":{"@type":"EntryPoint","urlTemplate":"https:\/\/www.sprachschule-aktiv-bonn.de\/?s={search_term_string}"},"query-input":{"@type":"PropertyValueSpecification","valueRequired":true,"valueName":"search_term_string"}}],"inLanguage":"tr"}]}},"_links":{"self":[{"href":"https:\/\/www.sprachschule-aktiv-bonn.de\/tr\/wp-json\/wp\/v2\/pages\/4262","targetHints":{"allow":["GET"]}}],"collection":[{"href":"https:\/\/www.sprachschule-aktiv-bonn.de\/tr\/wp-json\/wp\/v2\/pages"}],"about":[{"href":"https:\/\/www.sprachschule-aktiv-bonn.de\/tr\/wp-json\/wp\/v2\/types\/page"}],"author":[{"embeddable":true,"href":"https:\/\/www.sprachschule-aktiv-bonn.de\/tr\/wp-json\/wp\/v2\/users\/2"}],"replies":[{"embeddable":true,"href":"https:\/\/www.sprachschule-aktiv-bonn.de\/tr\/wp-json\/wp\/v2\/comments?post=4262"}],"version-history":[{"count":8,"href":"https:\/\/www.sprachschule-aktiv-bonn.de\/tr\/wp-json\/wp\/v2\/pages\/4262\/revisions"}],"predecessor-version":[{"id":7652,"href":"https:\/\/www.sprachschule-aktiv-bonn.de\/tr\/wp-json\/wp\/v2\/pages\/4262\/revisions\/7652"}],"wp:attachment":[{"href":"https:\/\/www.sprachschule-aktiv-bonn.de\/tr\/wp-json\/wp\/v2\/media?parent=4262"}],"curies":[{"name":"wp","href":"https:\/\/api.w.org\/{rel}","templated":true}]}}