{"id":2673,"date":"2023-04-17T12:05:23","date_gmt":"2023-04-17T10:05:23","guid":{"rendered":"https:\/\/www.sprachschule-aktiv-bonn.de\/?page_id=2673"},"modified":"2026-03-24T20:11:28","modified_gmt":"2026-03-24T19:11:28","slug":"visto-linguistico-per-il-corso-di-tedesco","status":"publish","type":"page","link":"https:\/\/www.sprachschule-aktiv-bonn.de\/it\/visto-linguistico-per-il-corso-di-tedesco\/","title":{"rendered":"Visto linguistico per il corso di tedesco a Bonn"},"content":{"rendered":"\t\t<div data-elementor-type=\"wp-page\" data-elementor-id=\"2673\" class=\"elementor elementor-2673\">\n\t\t\t\t\t\t<section class=\"elementor-section elementor-top-section elementor-element elementor-element-30ce7c25 elementor-section-boxed elementor-section-height-default elementor-section-height-default\" data-id=\"30ce7c25\" data-element_type=\"section\" data-e-type=\"section\">\n\t\t\t\t\t\t<div class=\"elementor-container elementor-column-gap-default\">\n\t\t\t\t\t<div class=\"elementor-column elementor-col-100 elementor-top-column elementor-element elementor-element-18e43770\" data-id=\"18e43770\" data-element_type=\"column\" data-e-type=\"column\">\n\t\t\t<div class=\"elementor-widget-wrap elementor-element-populated\">\n\t\t\t\t\t\t<div class=\"elementor-element elementor-element-445b23d4 elementor-widget elementor-widget-text-editor\" data-id=\"445b23d4\" data-element_type=\"widget\" data-e-type=\"widget\" data-widget_type=\"text-editor.default\">\n\t\t\t\t<div class=\"elementor-widget-container\">\n\t\t\t\t\t\t\t\t\t<p>Se desiderate soggiornare a Bonn per un periodo pi\u00f9 lungo e imparare il tedesco, non c&#8217;\u00e8 alcun problema per i cittadini dell&#8217;area Schengen. La situazione \u00e8 diversa se arrivate a Bonn da un altro Paese. Avrete bisogno di un visto per la durata del corso di lingua. Saremo lieti di aiutarvi a compilarlo e di consigliarvi.<\/p><p>\u00c8 possibile frequentare con noi un corso intensivo di tedesco (4 settimane, dal luned\u00ec al venerd\u00ec, pi\u00f9 un corso di comunicazione il sabato, con 24 unit\u00e0 didattiche a settimana) per ottenere il visto d&#8217;ingresso in Germania. Informatevi presso le autorit\u00e0 competenti sulla durata del corso di tedesco per ottenere il visto. Si consiglia una durata minima di 6 mesi per poter giustificare la seriet\u00e0 della volont\u00e0 di imparare la lingua tedesca a lungo termine. Pi\u00f9 lunga sar\u00e0 l&#8217;iscrizione, pi\u00f9 alte saranno le possibilit\u00e0 di ottenere il visto.<\/p>\t\t\t\t\t\t\t\t<\/div>\n\t\t\t\t<\/div>\n\t\t\t\t<section class=\"elementor-section elementor-inner-section elementor-element elementor-element-383e10b4 elementor-section-boxed elementor-section-height-default elementor-section-height-default\" data-id=\"383e10b4\" data-element_type=\"section\" data-e-type=\"section\">\n\t\t\t\t\t\t<div class=\"elementor-container elementor-column-gap-default\">\n\t\t\t\t\t<div class=\"elementor-column elementor-col-50 elementor-inner-column elementor-element elementor-element-24bc1dd3\" data-id=\"24bc1dd3\" data-element_type=\"column\" data-e-type=\"column\">\n\t\t\t<div class=\"elementor-widget-wrap elementor-element-populated\">\n\t\t\t\t\t\t<div class=\"elementor-element elementor-element-3e13ea7a elementor-widget elementor-widget-image\" data-id=\"3e13ea7a\" data-element_type=\"widget\" data-e-type=\"widget\" data-widget_type=\"image.default\">\n\t\t\t\t<div class=\"elementor-widget-container\">\n\t\t\t\t\t\t\t\t\t\t\t\t\t\t\t<img fetchpriority=\"high\" decoding=\"async\" width=\"500\" height=\"351\" src=\"https:\/\/www.sprachschule-aktiv-bonn.de\/wp-content\/uploads\/2023\/04\/sprachvisum-deutschkurs-bonn.webp\" class=\"attachment-large size-large wp-image-2424\" alt=\"\ubcf8\uc5d0\uc11c \ub3c5\uc77c\uc5b4 \ucf54\uc2a4\ub97c\uc704\ud55c \uc5b8\uc5b4 \ube44\uc790\" srcset=\"https:\/\/www.sprachschule-aktiv-bonn.de\/wp-content\/uploads\/2023\/04\/sprachvisum-deutschkurs-bonn.webp 500w, https:\/\/www.sprachschule-aktiv-bonn.de\/wp-content\/uploads\/2023\/04\/sprachvisum-deutschkurs-bonn-300x211.webp 300w\" sizes=\"(max-width: 500px) 100vw, 500px\" \/>\t\t\t\t\t\t\t\t\t\t\t\t\t\t\t<\/div>\n\t\t\t\t<\/div>\n\t\t\t\t\t<\/div>\n\t\t<\/div>\n\t\t\t\t<div class=\"elementor-column elementor-col-50 elementor-inner-column elementor-element elementor-element-611a898f\" data-id=\"611a898f\" data-element_type=\"column\" data-e-type=\"column\">\n\t\t\t<div class=\"elementor-widget-wrap elementor-element-populated\">\n\t\t\t\t\t\t<div class=\"elementor-element elementor-element-26815a48 elementor-widget elementor-widget-heading\" data-id=\"26815a48\" data-element_type=\"widget\" data-e-type=\"widget\" data-widget_type=\"heading.default\">\n\t\t\t\t<div class=\"elementor-widget-container\">\n\t\t\t\t\t<h2 class=\"elementor-heading-title elementor-size-default\">Visto linguistico per il corso di tedesco a Bonn<\/h2>\t\t\t\t<\/div>\n\t\t\t\t<\/div>\n\t\t\t\t<div class=\"elementor-element elementor-element-13a3def8 elementor-widget elementor-widget-text-editor\" data-id=\"13a3def8\" data-element_type=\"widget\" data-e-type=\"widget\" data-widget_type=\"text-editor.default\">\n\t\t\t\t<div class=\"elementor-widget-container\">\n\t\t\t\t\t\t\t\t\t<p>Il visto per un corso di tedesco si ottiene solo se si impara il tedesco durante questo periodo. Un corso serale una volta alla settimana non \u00e8 sufficiente. I corsi intensivi della Sprachschule Aktiv di Bonn, con quattro ore di lezione cinque volte a settimana, sono di solito sufficienti per ottenere il visto. Si consiglia di frequentare un corso intensivo per almeno un semestre. Questo sottolinea la vostra intenzione di imparare bene il tedesco durante il vostro soggiorno a Bonn. Per maggiori informazioni, contattate il consolato tedesco del vostro Paese.<\/p>\t\t\t\t\t\t\t\t<\/div>\n\t\t\t\t<\/div>\n\t\t\t\t<div class=\"elementor-element elementor-element-6c1bfb0 elementor-widget elementor-widget-text-editor\" data-id=\"6c1bfb0\" data-element_type=\"widget\" data-e-type=\"widget\" data-widget_type=\"text-editor.default\">\n\t\t\t\t<div class=\"elementor-widget-container\">\n\t\t\t\t\t\t\t\t\t<a class=\"whyaweb-kontakt\" href=\"#\">Richiedi un corso di lingua a Bonn<\/a>\t\t\t\t\t\t\t\t<\/div>\n\t\t\t\t<\/div>\n\t\t\t\t\t<\/div>\n\t\t<\/div>\n\t\t\t\t\t<\/div>\n\t\t<\/section>\n\t\t\t\t\t<\/div>\n\t\t<\/div>\n\t\t\t\t\t<\/div>\n\t\t<\/section>\n\t\t\t\t<section class=\"elementor-section elementor-top-section elementor-element elementor-element-610292ce elementor-section-boxed elementor-section-height-default elementor-section-height-default\" data-id=\"610292ce\" data-element_type=\"section\" data-e-type=\"section\">\n\t\t\t\t\t\t<div class=\"elementor-container elementor-column-gap-default\">\n\t\t\t\t\t<div class=\"elementor-column elementor-col-100 elementor-top-column elementor-element elementor-element-6d042423\" data-id=\"6d042423\" data-element_type=\"column\" data-e-type=\"column\">\n\t\t\t<div class=\"elementor-widget-wrap elementor-element-populated\">\n\t\t\t\t\t\t<div class=\"elementor-element elementor-element-135678c6 elementor-widget elementor-widget-heading\" data-id=\"135678c6\" data-element_type=\"widget\" data-e-type=\"widget\" data-widget_type=\"heading.default\">\n\t\t\t\t<div class=\"elementor-widget-container\">\n\t\t\t\t\t<h2 class=\"elementor-heading-title elementor-size-default\">Con i nostri corsi intensivi a Bonn raggiungerete rapidamente i vostri obiettivi<\/h2>\t\t\t\t<\/div>\n\t\t\t\t<\/div>\n\t\t\t\t<div class=\"elementor-element elementor-element-58f19531 elementor-widget elementor-widget-text-editor\" data-id=\"58f19531\" data-element_type=\"widget\" data-e-type=\"widget\" data-widget_type=\"text-editor.default\">\n\t\t\t\t<div class=\"elementor-widget-container\">\n\t\t\t\t\t\t\t\t\t<p>I nostri corsi di lingua si basano sul Quadro Comune Europeo di Riferimento per le Lingue. Ci sono sei livelli in totale (A1, A2, B1, B2, C1 e C2). Per un livello sono necessari due mesi di corso intensivo. Se non siete sicuri del livello linguistico in cui vi trovate, fate il nostro test di posizionamento gratuito, disponibile sul sito web della Sprachschule Aktiv di Bonn.<br \/>La Sprachschule Aktiv di Bonn offre un corso intensivo di tedesco con visto proprio nel centro della famosa Bonn M\u00fcnster. Sono necessarie quattro settimane per un modulo (ad esempio A1.1). Per completare un livello sono necessarie otto settimane (ad esempio B1.1 e B1.2 per il B1).<br \/>I singoli livelli sono suddivisi in A1, A2, B1, B2, C1 e C2. Qui troverete tutte le informazioni importanti:<\/p><p>Corso mattutino: Dal luned\u00ec al venerd\u00ec, 24 unit\u00e0 didattiche a settimana!<br \/><br \/>In aggiunta, 1 corso settimanale di grammatica se il numero di partecipanti \u00e8 sufficientemente alto.<\/p><p><strong>Orario:<\/strong> dal luned\u00ec al venerd\u00ec: dalle 9:00 alle 12:00.<br \/><strong>Data di inizio: <\/strong>primo luned\u00ec del mese<br \/><strong>Costo:<\/strong><br \/>Una settimana costa 199 euro<br \/>Due settimane costano 349 euro<br \/>Tre settimane costano 449 euro<br \/>Quattro settimane costano 499 euro<\/p>\t\t\t\t\t\t\t\t<\/div>\n\t\t\t\t<\/div>\n\t\t\t\t<div class=\"elementor-element elementor-element-41e7921 elementor-widget elementor-widget-text-editor\" data-id=\"41e7921\" data-element_type=\"widget\" data-e-type=\"widget\" data-widget_type=\"text-editor.default\">\n\t\t\t\t<div class=\"elementor-widget-container\">\n\t\t\t\t\t\t\t\t\t<a class=\"whyaweb-anmeldung\" href=\"#\">Iscrizione a un corso di lingua a Bonn<\/a>\t\t\t\t\t\t\t\t<\/div>\n\t\t\t\t<\/div>\n\t\t\t\t<div class=\"elementor-element elementor-element-5e3fd788 elementor-widget elementor-widget-heading\" data-id=\"5e3fd788\" data-element_type=\"widget\" data-e-type=\"widget\" data-widget_type=\"heading.default\">\n\t\t\t\t<div class=\"elementor-widget-container\">\n\t\t\t\t\t<h2 class=\"elementor-heading-title elementor-size-default\">Prima di tutto iscrivetevi al corso di tedesco di vostra scelta<\/h2>\t\t\t\t<\/div>\n\t\t\t\t<\/div>\n\t\t\t\t<div class=\"elementor-element elementor-element-421f4f9a elementor-widget elementor-widget-text-editor\" data-id=\"421f4f9a\" data-element_type=\"widget\" data-e-type=\"widget\" data-widget_type=\"text-editor.default\">\n\t\t\t\t<div class=\"elementor-widget-container\">\n\t\t\t\t\t\t\t\t\t<p>Prima di poter richiedere un visto, \u00e8 necessario dimostrare di frequentare un corso di tedesco a Bonn. Potete iscrivervi facilmente tramite il nostro sito web. Dopo aver pagato met\u00e0 del costo del corso, vi invieremo una conferma.<\/p>\t\t\t\t\t\t\t\t<\/div>\n\t\t\t\t<\/div>\n\t\t\t\t<div class=\"elementor-element elementor-element-610df834 elementor-widget elementor-widget-heading\" data-id=\"610df834\" data-element_type=\"widget\" data-e-type=\"widget\" data-widget_type=\"heading.default\">\n\t\t\t\t<div class=\"elementor-widget-container\">\n\t\t\t\t\t<h2 class=\"elementor-heading-title elementor-size-default\">Come richiedere il visto<\/h2>\t\t\t\t<\/div>\n\t\t\t\t<\/div>\n\t\t\t\t<div class=\"elementor-element elementor-element-86b1868 elementor-widget elementor-widget-text-editor\" data-id=\"86b1868\" data-element_type=\"widget\" data-e-type=\"widget\" data-widget_type=\"text-editor.default\">\n\t\t\t\t<div class=\"elementor-widget-container\">\n\t\t\t\t\t\t\t\t\t<p>\u00c8 possibile richiedere il visto presso il consolato tedesco del proprio Paese. \u00c8 possibile compilare il modulo di domanda su Internet. Inserite con cura tutti i dati negli appositi campi.<\/p><p>Per la domanda sono necessari<\/p><ul><li>Due moduli di domanda compilati e firmati dal richiedente.<\/li><li>Un passaporto valido<\/li><li>Prova dell&#8217;assicurazione sanitaria<\/li><li>Due fototessere nuove<\/li><li>Prova dell&#8217;iscrizione al corso e del pagamento delle tasse scolastiche<\/li><li>Almeno un diploma di scuola media inferiore<\/li><\/ul>\t\t\t\t\t\t\t\t<\/div>\n\t\t\t\t<\/div>\n\t\t\t\t<div class=\"elementor-element elementor-element-1d8aad9c elementor-widget elementor-widget-heading\" data-id=\"1d8aad9c\" data-element_type=\"widget\" data-e-type=\"widget\" data-widget_type=\"heading.default\">\n\t\t\t\t<div class=\"elementor-widget-container\">\n\t\t\t\t\t<h2 class=\"elementor-heading-title elementor-size-default\">Approfittate del nostro supporto fin dall'inizio<\/h2>\t\t\t\t<\/div>\n\t\t\t\t<\/div>\n\t\t\t\t<div class=\"elementor-element elementor-element-44dfb9a9 elementor-widget elementor-widget-text-editor\" data-id=\"44dfb9a9\" data-element_type=\"widget\" data-e-type=\"widget\" data-widget_type=\"text-editor.default\">\n\t\t\t\t<div class=\"elementor-widget-container\">\n\t\t\t\t\t\t\t\t\t<p>Il nostro team di supporto si prender\u00e0 cura di voi prima del primo giorno di corso. Se avete problemi a compilare la domanda di visto, saremo lieti di aiutarvi. Possiamo anche aiutarvi a trovare un alloggio adeguato. Molti dei nostri partecipanti ai corsi vivono con una famiglia ospitante durante il corso, poich\u00e9 questo aumenta notevolmente il successo dell&#8217;apprendimento.<br \/>Per il vostro soggiorno \u00e8 necessaria una buona assicurazione sanitaria. L&#8217;offerta \u00e8 ampia e la ricerca non \u00e8 sempre facile. Da anni collaboriamo con un partner affidabile che offre un buon servizio a un prezzo equo. Basta contattarci.<\/p>\t\t\t\t\t\t\t\t<\/div>\n\t\t\t\t<\/div>\n\t\t\t\t<section class=\"elementor-section elementor-inner-section elementor-element elementor-element-5eb7c84 elementor-section-boxed elementor-section-height-default elementor-section-height-default\" data-id=\"5eb7c84\" data-element_type=\"section\" data-e-type=\"section\">\n\t\t\t\t\t\t<div class=\"elementor-container elementor-column-gap-default\">\n\t\t\t\t\t<div class=\"elementor-column elementor-col-50 elementor-inner-column elementor-element elementor-element-732ba5a8\" data-id=\"732ba5a8\" data-element_type=\"column\" data-e-type=\"column\">\n\t\t\t<div class=\"elementor-widget-wrap elementor-element-populated\">\n\t\t\t\t\t\t<div class=\"elementor-element elementor-element-21940ddb elementor-widget elementor-widget-video\" data-id=\"21940ddb\" data-element_type=\"widget\" data-e-type=\"widget\" data-settings=\"{&quot;youtube_url&quot;:&quot;https:\\\/\\\/www.youtube.com\\\/watch?v=54-5aCU96MM&quot;,&quot;video_type&quot;:&quot;youtube&quot;,&quot;controls&quot;:&quot;yes&quot;}\" data-widget_type=\"video.default\">\n\t\t\t\t<div class=\"elementor-widget-container\">\n\t\t\t\t\t\t\t<div class=\"elementor-wrapper elementor-open-inline\">\n\t\t\t<div class=\"elementor-video\"><\/div>\t\t<\/div>\n\t\t\t\t\t\t<\/div>\n\t\t\t\t<\/div>\n\t\t\t\t\t<\/div>\n\t\t<\/div>\n\t\t\t\t<div class=\"elementor-column elementor-col-50 elementor-inner-column elementor-element elementor-element-55427e99\" data-id=\"55427e99\" data-element_type=\"column\" data-e-type=\"column\">\n\t\t\t<div class=\"elementor-widget-wrap elementor-element-populated\">\n\t\t\t\t\t\t<div class=\"elementor-element elementor-element-7b22d5a elementor-widget elementor-widget-text-editor\" data-id=\"7b22d5a\" data-element_type=\"widget\" data-e-type=\"widget\" data-widget_type=\"text-editor.default\">\n\t\t\t\t<div class=\"elementor-widget-container\">\n\t\t\t\t\t\t\t\t\t<p>Il nostro staff \u00e8 sempre disponibile a parlare con voi, anche durante il corso.<\/p><p>Se non ricevete ancora il visto, vi verr\u00e0 restituito il denaro dopo aver presentato la lettera di rifiuto. In questo caso dovremo addebitare una tassa di elaborazione di 250,00\u20ac. Se il visto non viene approvato in tempo, \u00e8 possibile posticipare gratuitamente l&#8217;inizio del corso fino a 4 mesi. Iscrivetevi subito alla scuola di lingua: info@sprachschule-aktiv-bonn.de<\/p><p>Saremo lieti di organizzare per voi l&#8217;alloggio in collaborazione con i nostri partner.<\/p>\t\t\t\t\t\t\t\t<\/div>\n\t\t\t\t<\/div>\n\t\t\t\t\t<\/div>\n\t\t<\/div>\n\t\t\t\t\t<\/div>\n\t\t<\/section>\n\t\t\t\t<div class=\"elementor-element elementor-element-70951994 elementor-widget elementor-widget-heading\" data-id=\"70951994\" data-element_type=\"widget\" data-e-type=\"widget\" data-widget_type=\"heading.default\">\n\t\t\t\t<div class=\"elementor-widget-container\">\n\t\t\t\t\t<h2 class=\"elementor-heading-title elementor-size-default\">Organizzate oggi stesso il vostro soggiorno linguistico a Bonn<\/h2>\t\t\t\t<\/div>\n\t\t\t\t<\/div>\n\t\t\t\t<div class=\"elementor-element elementor-element-1109dc3 elementor-widget elementor-widget-text-editor\" data-id=\"1109dc3\" data-element_type=\"widget\" data-e-type=\"widget\" data-widget_type=\"text-editor.default\">\n\t\t\t\t<div class=\"elementor-widget-container\">\n\t\t\t\t\t\t\t\t\t<p>Venite a conoscere una delle citt\u00e0 tedesche pi\u00f9 attraenti al centro del Reno. Bonn \u00e8 una citt\u00e0 bellissima, non per niente \u00e8 stata la capitale della Repubblica Federale Tedesca per diversi decenni. Qui ogni pietra respira storia. Inoltre, l&#8217;affascinante citt\u00e0 di Colonia dista solo pochi chilometri. Fate il primo passo e iscrivetevi a un corso di tedesco a Bonn.<\/p>\t\t\t\t\t\t\t\t<\/div>\n\t\t\t\t<\/div>\n\t\t\t\t\t<\/div>\n\t\t<\/div>\n\t\t\t\t\t<\/div>\n\t\t<\/section>\n\t\t\t\t<\/div>\n\t\t","protected":false},"excerpt":{"rendered":"<p>Se desiderate soggiornare a Bonn per un periodo pi\u00f9 lungo e imparare il tedesco, non c&#8217;\u00e8 alcun problema per i cittadini dell&#8217;area Schengen. La situazione \u00e8 diversa se arrivate a Bonn da un altro Paese. Avrete bisogno di un visto per la durata del corso di lingua. Saremo lieti di aiutarvi a compilarlo e di&hellip; <a class=\"read-more\" href=\"https:\/\/www.sprachschule-aktiv-bonn.de\/it\/visto-linguistico-per-il-corso-di-tedesco\/\" title=\"Read Visto linguistico per il corso di tedesco a Bonn\">Read more &raquo;<\/a><\/p>\n","protected":false},"author":1,"featured_media":0,"parent":0,"menu_order":0,"comment_status":"closed","ping_status":"closed","template":"","meta":{"footnotes":""},"class_list":["post-2673","page","type-page","status-publish","hentry"],"yoast_head":"<!-- This site is optimized with the Yoast SEO plugin v27.2 - https:\/\/yoast.com\/product\/yoast-seo-wordpress\/ -->\n<title>Visto linguistico per il corso di tedesco a Bonn<\/title>\n<meta name=\"description\" content=\"Se desiderate soggiornare a Bonn per un periodo pi\u00f9 lungo e imparare il tedesco, non c&#039;\u00e8 alcun problema per i cittadini dell&#039;area Schengen.\" \/>\n<meta name=\"robots\" content=\"index, follow, max-snippet:-1, max-image-preview:large, max-video-preview:-1\" \/>\n<link rel=\"canonical\" href=\"https:\/\/www.sprachschule-aktiv-bonn.de\/it\/visto-linguistico-per-il-corso-di-tedesco\/\" \/>\n<meta property=\"og:locale\" content=\"it_IT\" \/>\n<meta property=\"og:type\" content=\"article\" \/>\n<meta property=\"og:title\" content=\"Visto linguistico per il corso di tedesco a Bonn\" \/>\n<meta property=\"og:description\" content=\"Se desiderate soggiornare a Bonn per un periodo pi\u00f9 lungo e imparare il tedesco, non c&#039;\u00e8 alcun problema per i cittadini dell&#039;area Schengen.\" \/>\n<meta property=\"og:url\" content=\"https:\/\/www.sprachschule-aktiv-bonn.de\/it\/visto-linguistico-per-il-corso-di-tedesco\/\" \/>\n<meta property=\"og:site_name\" content=\"Sprachschule Aktiv Bonn\" \/>\n<meta property=\"article:modified_time\" content=\"2026-03-24T19:11:28+00:00\" \/>\n<meta property=\"og:image\" content=\"https:\/\/www.sprachschule-aktiv-bonn.de\/wp-content\/uploads\/2023\/04\/sprachvisum-deutschkurs-bonn.webp\" \/>\n\t<meta property=\"og:image:width\" content=\"500\" \/>\n\t<meta property=\"og:image:height\" content=\"351\" \/>\n\t<meta property=\"og:image:type\" content=\"image\/webp\" \/>\n<meta name=\"twitter:card\" content=\"summary_large_image\" \/>\n<meta name=\"twitter:label1\" content=\"Tempo di lettura stimato\" \/>\n\t<meta name=\"twitter:data1\" content=\"5 minuti\" \/>\n<script type=\"application\/ld+json\" class=\"yoast-schema-graph\">{\"@context\":\"https:\/\/schema.org\",\"@graph\":[{\"@type\":\"WebPage\",\"@id\":\"https:\/\/www.sprachschule-aktiv-bonn.de\/it\/visto-linguistico-per-il-corso-di-tedesco\/\",\"url\":\"https:\/\/www.sprachschule-aktiv-bonn.de\/it\/visto-linguistico-per-il-corso-di-tedesco\/\",\"name\":\"Visto linguistico per il corso di tedesco a Bonn\",\"isPartOf\":{\"@id\":\"https:\/\/www.sprachschule-aktiv-bonn.de\/#website\"},\"primaryImageOfPage\":{\"@id\":\"https:\/\/www.sprachschule-aktiv-bonn.de\/it\/visto-linguistico-per-il-corso-di-tedesco\/#primaryimage\"},\"image\":{\"@id\":\"https:\/\/www.sprachschule-aktiv-bonn.de\/it\/visto-linguistico-per-il-corso-di-tedesco\/#primaryimage\"},\"thumbnailUrl\":\"https:\/\/www.sprachschule-aktiv-bonn.de\/wp-content\/uploads\/2023\/04\/sprachvisum-deutschkurs-bonn.webp\",\"datePublished\":\"2023-04-17T10:05:23+00:00\",\"dateModified\":\"2026-03-24T19:11:28+00:00\",\"description\":\"Se desiderate soggiornare a Bonn per un periodo pi\u00f9 lungo e imparare il tedesco, non c'\u00e8 alcun problema per i cittadini dell'area Schengen.\",\"breadcrumb\":{\"@id\":\"https:\/\/www.sprachschule-aktiv-bonn.de\/it\/visto-linguistico-per-il-corso-di-tedesco\/#breadcrumb\"},\"inLanguage\":\"it-IT\",\"potentialAction\":[{\"@type\":\"ReadAction\",\"target\":[\"https:\/\/www.sprachschule-aktiv-bonn.de\/it\/visto-linguistico-per-il-corso-di-tedesco\/\"]}]},{\"@type\":\"ImageObject\",\"inLanguage\":\"it-IT\",\"@id\":\"https:\/\/www.sprachschule-aktiv-bonn.de\/it\/visto-linguistico-per-il-corso-di-tedesco\/#primaryimage\",\"url\":\"https:\/\/www.sprachschule-aktiv-bonn.de\/wp-content\/uploads\/2023\/04\/sprachvisum-deutschkurs-bonn.webp\",\"contentUrl\":\"https:\/\/www.sprachschule-aktiv-bonn.de\/wp-content\/uploads\/2023\/04\/sprachvisum-deutschkurs-bonn.webp\"},{\"@type\":\"BreadcrumbList\",\"@id\":\"https:\/\/www.sprachschule-aktiv-bonn.de\/it\/visto-linguistico-per-il-corso-di-tedesco\/#breadcrumb\",\"itemListElement\":[{\"@type\":\"ListItem\",\"position\":1,\"name\":\"Startseite\",\"item\":\"https:\/\/www.sprachschule-aktiv-bonn.de\/it\/\"},{\"@type\":\"ListItem\",\"position\":2,\"name\":\"Visto linguistico per il corso di tedesco a Bonn\"}]},{\"@type\":\"WebSite\",\"@id\":\"https:\/\/www.sprachschule-aktiv-bonn.de\/#website\",\"url\":\"https:\/\/www.sprachschule-aktiv-bonn.de\/\",\"name\":\"Sprachschule Aktiv Bonn\",\"description\":\"\",\"potentialAction\":[{\"@type\":\"SearchAction\",\"target\":{\"@type\":\"EntryPoint\",\"urlTemplate\":\"https:\/\/www.sprachschule-aktiv-bonn.de\/?s={search_term_string}\"},\"query-input\":{\"@type\":\"PropertyValueSpecification\",\"valueRequired\":true,\"valueName\":\"search_term_string\"}}],\"inLanguage\":\"it-IT\"}]}<\/script>\n<!-- \/ Yoast SEO plugin. -->","yoast_head_json":{"title":"Visto linguistico per il corso di tedesco a Bonn","description":"Se desiderate soggiornare a Bonn per un periodo pi\u00f9 lungo e imparare il tedesco, non c'\u00e8 alcun problema per i cittadini dell'area Schengen.","robots":{"index":"index","follow":"follow","max-snippet":"max-snippet:-1","max-image-preview":"max-image-preview:large","max-video-preview":"max-video-preview:-1"},"canonical":"https:\/\/www.sprachschule-aktiv-bonn.de\/it\/visto-linguistico-per-il-corso-di-tedesco\/","og_locale":"it_IT","og_type":"article","og_title":"Visto linguistico per il corso di tedesco a Bonn","og_description":"Se desiderate soggiornare a Bonn per un periodo pi\u00f9 lungo e imparare il tedesco, non c'\u00e8 alcun problema per i cittadini dell'area Schengen.","og_url":"https:\/\/www.sprachschule-aktiv-bonn.de\/it\/visto-linguistico-per-il-corso-di-tedesco\/","og_site_name":"Sprachschule Aktiv Bonn","article_modified_time":"2026-03-24T19:11:28+00:00","og_image":[{"width":500,"height":351,"url":"https:\/\/www.sprachschule-aktiv-bonn.de\/wp-content\/uploads\/2023\/04\/sprachvisum-deutschkurs-bonn.webp","type":"image\/webp"}],"twitter_card":"summary_large_image","twitter_misc":{"Tempo di lettura stimato":"5 minuti"},"schema":{"@context":"https:\/\/schema.org","@graph":[{"@type":"WebPage","@id":"https:\/\/www.sprachschule-aktiv-bonn.de\/it\/visto-linguistico-per-il-corso-di-tedesco\/","url":"https:\/\/www.sprachschule-aktiv-bonn.de\/it\/visto-linguistico-per-il-corso-di-tedesco\/","name":"Visto linguistico per il corso di tedesco a Bonn","isPartOf":{"@id":"https:\/\/www.sprachschule-aktiv-bonn.de\/#website"},"primaryImageOfPage":{"@id":"https:\/\/www.sprachschule-aktiv-bonn.de\/it\/visto-linguistico-per-il-corso-di-tedesco\/#primaryimage"},"image":{"@id":"https:\/\/www.sprachschule-aktiv-bonn.de\/it\/visto-linguistico-per-il-corso-di-tedesco\/#primaryimage"},"thumbnailUrl":"https:\/\/www.sprachschule-aktiv-bonn.de\/wp-content\/uploads\/2023\/04\/sprachvisum-deutschkurs-bonn.webp","datePublished":"2023-04-17T10:05:23+00:00","dateModified":"2026-03-24T19:11:28+00:00","description":"Se desiderate soggiornare a Bonn per un periodo pi\u00f9 lungo e imparare il tedesco, non c'\u00e8 alcun problema per i cittadini dell'area Schengen.","breadcrumb":{"@id":"https:\/\/www.sprachschule-aktiv-bonn.de\/it\/visto-linguistico-per-il-corso-di-tedesco\/#breadcrumb"},"inLanguage":"it-IT","potentialAction":[{"@type":"ReadAction","target":["https:\/\/www.sprachschule-aktiv-bonn.de\/it\/visto-linguistico-per-il-corso-di-tedesco\/"]}]},{"@type":"ImageObject","inLanguage":"it-IT","@id":"https:\/\/www.sprachschule-aktiv-bonn.de\/it\/visto-linguistico-per-il-corso-di-tedesco\/#primaryimage","url":"https:\/\/www.sprachschule-aktiv-bonn.de\/wp-content\/uploads\/2023\/04\/sprachvisum-deutschkurs-bonn.webp","contentUrl":"https:\/\/www.sprachschule-aktiv-bonn.de\/wp-content\/uploads\/2023\/04\/sprachvisum-deutschkurs-bonn.webp"},{"@type":"BreadcrumbList","@id":"https:\/\/www.sprachschule-aktiv-bonn.de\/it\/visto-linguistico-per-il-corso-di-tedesco\/#breadcrumb","itemListElement":[{"@type":"ListItem","position":1,"name":"Startseite","item":"https:\/\/www.sprachschule-aktiv-bonn.de\/it\/"},{"@type":"ListItem","position":2,"name":"Visto linguistico per il corso di tedesco a Bonn"}]},{"@type":"WebSite","@id":"https:\/\/www.sprachschule-aktiv-bonn.de\/#website","url":"https:\/\/www.sprachschule-aktiv-bonn.de\/","name":"Sprachschule Aktiv Bonn","description":"","potentialAction":[{"@type":"SearchAction","target":{"@type":"EntryPoint","urlTemplate":"https:\/\/www.sprachschule-aktiv-bonn.de\/?s={search_term_string}"},"query-input":{"@type":"PropertyValueSpecification","valueRequired":true,"valueName":"search_term_string"}}],"inLanguage":"it-IT"}]}},"_links":{"self":[{"href":"https:\/\/www.sprachschule-aktiv-bonn.de\/it\/wp-json\/wp\/v2\/pages\/2673","targetHints":{"allow":["GET"]}}],"collection":[{"href":"https:\/\/www.sprachschule-aktiv-bonn.de\/it\/wp-json\/wp\/v2\/pages"}],"about":[{"href":"https:\/\/www.sprachschule-aktiv-bonn.de\/it\/wp-json\/wp\/v2\/types\/page"}],"author":[{"embeddable":true,"href":"https:\/\/www.sprachschule-aktiv-bonn.de\/it\/wp-json\/wp\/v2\/users\/1"}],"replies":[{"embeddable":true,"href":"https:\/\/www.sprachschule-aktiv-bonn.de\/it\/wp-json\/wp\/v2\/comments?post=2673"}],"version-history":[{"count":7,"href":"https:\/\/www.sprachschule-aktiv-bonn.de\/it\/wp-json\/wp\/v2\/pages\/2673\/revisions"}],"predecessor-version":[{"id":7560,"href":"https:\/\/www.sprachschule-aktiv-bonn.de\/it\/wp-json\/wp\/v2\/pages\/2673\/revisions\/7560"}],"wp:attachment":[{"href":"https:\/\/www.sprachschule-aktiv-bonn.de\/it\/wp-json\/wp\/v2\/media?parent=2673"}],"curies":[{"name":"wp","href":"https:\/\/api.w.org\/{rel}","templated":true}]}}