{"id":2629,"date":"2022-05-31T07:27:58","date_gmt":"2022-05-31T05:27:58","guid":{"rendered":"https:\/\/www.sprachschule-aktiv-bonn.de\/testdaf-pruefungsvorbereitungskurse\/"},"modified":"2026-03-24T21:11:19","modified_gmt":"2026-03-24T20:11:19","slug":"esami-di-tedesco-telc","status":"publish","type":"page","link":"https:\/\/www.sprachschule-aktiv-bonn.de\/it\/esami-di-tedesco-telc\/","title":{"rendered":"Esami di tedesco telc a Bonn"},"content":{"rendered":"<img fetchpriority=\"high\" decoding=\"async\" width=\"768\" height=\"1024\" src=\"https:\/\/www.sprachschule-aktiv-bonn.de\/wp-content\/uploads\/2023\/04\/telc-deutsch-pruefungen-in-bonn-1-768x1024.jpg\" alt=\"Corsi di preparazione all&#039;esame TestDaF a Bonn\" srcset=\"https:\/\/www.sprachschule-aktiv-bonn.de\/wp-content\/uploads\/2023\/04\/telc-deutsch-pruefungen-in-bonn-1-768x1024.jpg 768w, https:\/\/www.sprachschule-aktiv-bonn.de\/wp-content\/uploads\/2023\/04\/telc-deutsch-pruefungen-in-bonn-1-225x300.jpg 225w, https:\/\/www.sprachschule-aktiv-bonn.de\/wp-content\/uploads\/2023\/04\/telc-deutsch-pruefungen-in-bonn-1.jpg 800w\" sizes=\"(max-width: 768px) 100vw, 768px\" \/>\n<p>Avete bisogno di un test per l&#8217;ammissione a un corso universitario o di un esame riconosciuto a livello internazionale? Iscrivetevi agli esami telc riconosciuti a livello internazionale e sostenete il vostro test con noi alla Sprachschule Aktiv Bonn. La preparazione perfetta si trova nei nostri corsi di preparazione, dove potrete simulare l&#8217;esame in tempo reale e ricevere tutti i consigli necessari sulle strategie e sul successo dagli esaminatori telc.<\/p>\n<p>Da A1 a C2, \u00e8 possibile ottenere la certificazione di qualsiasi livello di tedesco nelle date elencate di seguito, oltre a lingue straniere come inglese, spagnolo, francese e molte altre lingue su richiesta. Se non avete tempo nelle nostre date d&#8217;esame, potete concordare con noi una data d&#8217;esame individuale. Saremo lieti di consigliarvi. Dalla registrazione al certificato.<\/p>\n<h2>Chi pu\u00f2 sostenere l&#8217;esame?<\/h2>\n<p>In linea di principio, chiunque voglia farsi certificare la conoscenza della lingua tedesca pu\u00f2 sostenere un esame Telc. Gli esami sono offerti a diversi livelli, da A1 a C2. A seconda del livello, vengono testate diverse abilit\u00e0 di tedesco, come ad esempio la comprensione della lettura, la comprensione dell&#8217;ascolto, l&#8217;espressione scritta e orale. Presso la Sprachschule Aktiv di Bonn sono disponibili corsi speciali di preparazione all&#8217;esame Telc, che preparano all&#8217;esame nel miglior modo possibile a costi contenuti.<\/p>\n<p><a href=\"#\">Richiesta rapida<\/a>\t\t<\/p>\n<h2>Requisiti di ammissione all&#8217;universit\u00e0:<\/h2>\n<p>Per l&#8217;iscrizione o l&#8217;ammissione a un corso di laurea di primo livello (laurea triennale o esame di stato), \u00e8 necessario dimostrare di conoscere la lingua tedesca a un livello almeno C1. Un certificato telc serve come prova riconosciuta ed \u00e8 ideale per l&#8217;iscrizione. Per le materie che richiedono un livello di competenza linguistica molto elevato, come giurisprudenza, medicina o psicologia, \u00e8 addirittura consigliabile ottenere un certificato C2.<\/p>\n<p>Presso l&#8217;Universit\u00e0 di Colonia i seguenti certificati sono riconosciuti come sostitutivi del DSH 2:<\/p>\n<p>\u00a0<\/p>\n<ul>\n<li>Esame di lingua tedesca per l&#8217;ammissione all&#8217;universit\u00e0 (DSH-2 o DSH-3)*.<\/li>\n<li>TestDaF (Tedesco come lingua straniera) con livello 4 in tutte e quattro le parti d&#8217;esame.<\/li>\n<li>Certificato Goethe C2<br \/>telc Tedesco C1<\/li>\n<li>Universit\u00e0<br \/>telc tedesco C2<\/li>\n<\/ul>\n<p>*In alcune universit\u00e0 non \u00e8 possibile sostenere l&#8217;esame DSH, in quanto \u00e8 possibile iscriversi ai corsi DSH solo se si \u00e8 gi\u00e0 stati ammessi all&#8217;universit\u00e0.<\/p>\n<h2>\u00c8 necessario portare con s\u00e9 il livello linguistico<\/h2>\n<p>La nostra scuola offre un corso di preparazione all&#8217;esame Telc che, secondo i risultati dei precedenti esami Telc, \u00e8 molto efficace. Il 94,40% degli studenti che hanno seguito il corso ha superato l&#8217;esame, rispetto al 56,76% degli studenti che non hanno seguito un corso di preparazione. Il corso si svolge nell&#8217;ambito dei nostri corsi intensivi, quindi non \u00e8 necessario un corso aggiuntivo e si pu\u00f2 risparmiare. Le componenti dell&#8217;esame vengono esercitate in modo intensivo durante il corso e anche simulate in tempo reale per aumentare significativamente le possibilit\u00e0 di superamento. Per l&#8217;esame sono necessari il passaporto o la carta d&#8217;identit\u00e0, una matita, un temperino e una gomma. L&#8217;esame consiste in una parte scritta e una orale; la parte scritta dura circa 3,5 ore e la parte orale circa 15-20 minuti. Il risultato dell&#8217;esame e il certificato d&#8217;esame vi saranno inviati automaticamente per e-mail circa 5-6 settimane dopo l&#8217;esame. \u00c8 possibile ripetere l&#8217;esame tutte le volte che si desidera e anche richiedere date individuali per un esame non programmato. Il numero minimo di partecipanti per il corso e l&#8217;esame \u00e8 di 3. Il costo dell&#8217;esame telc include tutti i costi, ma viene richiesta una tassa di iscrizione di 15 \u20ac. Nel complesso, consigliamo il nostro corso di preparazione all&#8217;esame telc per massimizzare le possibilit\u00e0 di successo. Iscrivetevi ora e assicuratevi il vostro posto nel prossimo corso!<\/p>\n<h2>Preparazione nei nostri corsi intensivi<\/h2>\n<p>\t\thttps:\/\/www.youtube.com\/watch?v=54-5aCU96MM<\/p>\n<p>La Sprachschule Aktiv Bonn offre corsi di preparazione all&#8217;esame Telc per ogni livello. Nelle quattro settimane che precedono l&#8217;esame, vi eserciterete con i nostri insegnanti professionisti, la maggior parte dei quali sono esaminatori telc, sulle strategie e sul programma dell&#8217;esame telc scritto e orale, in un corso intensivo che si svolge cinque volte a settimana. Avrete accesso a vecchi modelli di test ed esami e a simulazioni in tempo reale. I nostri docenti vi daranno consigli e suggerimenti su come superare l&#8217;esame con il massimo successo. Siete incerti?\u00a0 Secondo le statistiche, il 94,40% degli studenti che hanno seguito un corso di preparazione con noi supera l&#8217;esame Telc. Aumenta subito le tue possibilit\u00e0!<\/p>\n<h2>I costi del corso di preparazione al telc a Bonn<\/h2>\n<p>La durata del corso dipende dalla vostra formazione precedente. Si prevedono almeno otto settimane per livello.<\/p>\n<p>Il corso si svolge dal luned\u00ec al venerd\u00ec tra le 9:00 e le 12:00.<\/p>\n<p><strong>Date di inizio:<\/strong> il primo luned\u00ec del mese<br \/><strong>Date:<\/strong> Dal luned\u00ec al venerd\u00ec dalle 9:00 alle 12:00.<br \/><strong>Costi:<\/strong><br \/>Una settimana: 199 euro<br \/>Due settimane: 299 euro<br \/>Tre settimane: 349 euro<br \/>Quattro settimane: 399 Euro<\/p>\n<p><a href=\"#\">Iscrizione a un corso di lingua a Bonn<\/a><\/p>\n<h2>Come funziona l&#8217;esame telc<\/h2>\n<p>L&#8217;esame consiste in una parte scritta e una orale. La parte scritta consiste in comprensione della lettura, comprensione dell&#8217;ascolto ed espressione scritta. Questa parte dura circa 3,5 ore con una pausa di 20 minuti. La parte orale si svolge solitamente in gruppo con altri 2-3 partecipanti.<\/p>\n<p>Dura circa 15-20 minuti. Avete 20 minuti per prepararvi prima dell&#8217;esame orale.<br \/>Passaporto o carta d&#8217;identit\u00e0. \u00c8 necessario avere una matita, un temperino e una gomma. Si pu\u00f2 scrivere solo con la matita. Penne a sfera o simili sono vietate.<br \/>\u00c8 possibile ripetere l&#8217;esame tutte le volte che si desidera.<\/p>\n<p>La tassa d&#8217;esame deve essere pagata al pi\u00f9 tardi entro la data di scadenza dell&#8217;iscrizione al rispettivo livello. La tassa per il corso di preparazione all&#8217;esame per il rispettivo livello deve essere versata al pi\u00f9 tardi all&#8217;inizio del corso. In caso di impedimento per motivi di salute, la quota d&#8217;esame verr\u00e0 rimborsata dietro presentazione di un certificato medico, meno una tassa di annullamento di 80,00 \u20ac.<\/p>\n<p>Il risultato dell&#8217;esame e il certificato d&#8217;esame vi saranno inviati automaticamente per e-mail circa 5-6 settimane dopo l&#8217;esame. L&#8217;esame viene corretto presso l&#8217;Istituto telc di Francoforte, pertanto la Sprachschule Aktiv K\u00f6ln non ha alcuna influenza sui tempi di correzione richiesti e non si assume alcuna responsabilit\u00e0.<\/p>\n<p>Vi contatteremo automaticamente quando il risultato sar\u00e0 disponibile! Se lo desiderate, possiamo inviarvi il certificato per posta.<\/p>\n<h2>Date individuali<\/h2>\n<p>Potete inviarci la data che preferite per un esame telc separato. Verificheremo se abbiamo il numero minimo di partecipanti per un esame non programmato e se possiamo tenere l&#8217;esame nella data da voi preferita, oppure vi faremo un&#8217;offerta separata per l&#8217;esame. In casi urgenti, possiamo anche organizzare un esame privato solo per voi.<\/p>\n<p>Creare subito i presupposti per uno studio di successo<br \/>Studiare a Bonn \u00e8 impegnativo e quasi impossibile se non si parla perfettamente il tedesco. Iscrivetevi oggi stesso a un corso di tedesco presso la Sprachschule Aktiv di Bonn e create i presupposti per uno studio di successo.<\/p>\n","protected":false},"excerpt":{"rendered":"<p>Avete bisogno di un test per l&#8217;ammissione a un corso universitario o di un esame riconosciuto a livello internazionale? Iscrivetevi agli esami telc riconosciuti a livello internazionale e sostenete il vostro test con noi alla Sprachschule Aktiv Bonn. La preparazione perfetta si trova nei nostri corsi di preparazione, dove potrete simulare l&#8217;esame in tempo reale&hellip; <a class=\"read-more\" href=\"https:\/\/www.sprachschule-aktiv-bonn.de\/it\/esami-di-tedesco-telc\/\" title=\"Read Esami di tedesco telc a Bonn\">Read more &raquo;<\/a><\/p>\n","protected":false},"author":2,"featured_media":0,"parent":0,"menu_order":0,"comment_status":"closed","ping_status":"closed","template":"","meta":{"footnotes":""},"class_list":["post-2629","page","type-page","status-publish","hentry"],"yoast_head":"<!-- This site is optimized with the Yoast SEO plugin v27.2 - https:\/\/yoast.com\/product\/yoast-seo-wordpress\/ -->\n<title>Esami di tedesco telc a Bonn<\/title>\n<meta name=\"description\" content=\"Corsi di preparazione per il TestDaF a Bonn con una lezione di prova e un test di lingua gratuiti. Il corso intensivo di 4 settimane costa 399 \u20ac. Informatevi ora!\" \/>\n<meta name=\"robots\" content=\"index, follow, max-snippet:-1, max-image-preview:large, max-video-preview:-1\" \/>\n<link rel=\"canonical\" href=\"https:\/\/www.sprachschule-aktiv-bonn.de\/it\/esami-di-tedesco-telc\/\" \/>\n<meta property=\"og:locale\" content=\"it_IT\" \/>\n<meta property=\"og:type\" content=\"article\" \/>\n<meta property=\"og:title\" content=\"Esami di tedesco telc a Bonn\" \/>\n<meta property=\"og:description\" content=\"Corsi di preparazione per il TestDaF a Bonn con una lezione di prova e un test di lingua gratuiti. Il corso intensivo di 4 settimane costa 399 \u20ac. Informatevi ora!\" \/>\n<meta property=\"og:url\" content=\"https:\/\/www.sprachschule-aktiv-bonn.de\/it\/esami-di-tedesco-telc\/\" \/>\n<meta property=\"og:site_name\" content=\"Sprachschule Aktiv Bonn\" \/>\n<meta property=\"article:modified_time\" content=\"2026-03-24T20:11:19+00:00\" \/>\n<meta property=\"og:image\" content=\"https:\/\/www.sprachschule-aktiv-bonn.de\/wp-content\/uploads\/2023\/04\/telc-deutsch-pruefungen-in-bonn-1.jpg\" \/>\n\t<meta property=\"og:image:width\" content=\"800\" \/>\n\t<meta property=\"og:image:height\" content=\"1067\" \/>\n\t<meta property=\"og:image:type\" content=\"image\/jpeg\" \/>\n<meta name=\"twitter:card\" content=\"summary_large_image\" \/>\n<meta name=\"twitter:label1\" content=\"Tempo di lettura stimato\" \/>\n\t<meta name=\"twitter:data1\" content=\"7 minuti\" \/>\n<script type=\"application\/ld+json\" class=\"yoast-schema-graph\">{\"@context\":\"https:\/\/schema.org\",\"@graph\":[{\"@type\":\"WebPage\",\"@id\":\"https:\/\/www.sprachschule-aktiv-bonn.de\/it\/esami-di-tedesco-telc\/\",\"url\":\"https:\/\/www.sprachschule-aktiv-bonn.de\/it\/esami-di-tedesco-telc\/\",\"name\":\"Esami di tedesco telc a Bonn\",\"isPartOf\":{\"@id\":\"https:\/\/www.sprachschule-aktiv-bonn.de\/#website\"},\"primaryImageOfPage\":{\"@id\":\"https:\/\/www.sprachschule-aktiv-bonn.de\/it\/esami-di-tedesco-telc\/#primaryimage\"},\"image\":{\"@id\":\"https:\/\/www.sprachschule-aktiv-bonn.de\/it\/esami-di-tedesco-telc\/#primaryimage\"},\"thumbnailUrl\":\"https:\/\/www.sprachschule-aktiv-bonn.de\/wp-content\/uploads\/2023\/04\/telc-deutsch-pruefungen-in-bonn-1-768x1024.jpg\",\"datePublished\":\"2022-05-31T05:27:58+00:00\",\"dateModified\":\"2026-03-24T20:11:19+00:00\",\"description\":\"Corsi di preparazione per il TestDaF a Bonn con una lezione di prova e un test di lingua gratuiti. Il corso intensivo di 4 settimane costa 399 \u20ac. Informatevi ora!\",\"breadcrumb\":{\"@id\":\"https:\/\/www.sprachschule-aktiv-bonn.de\/it\/esami-di-tedesco-telc\/#breadcrumb\"},\"inLanguage\":\"it-IT\",\"potentialAction\":[{\"@type\":\"ReadAction\",\"target\":[\"https:\/\/www.sprachschule-aktiv-bonn.de\/it\/esami-di-tedesco-telc\/\"]}]},{\"@type\":\"ImageObject\",\"inLanguage\":\"it-IT\",\"@id\":\"https:\/\/www.sprachschule-aktiv-bonn.de\/it\/esami-di-tedesco-telc\/#primaryimage\",\"url\":\"https:\/\/www.sprachschule-aktiv-bonn.de\/wp-content\/uploads\/2023\/04\/telc-deutsch-pruefungen-in-bonn-1-768x1024.jpg\",\"contentUrl\":\"https:\/\/www.sprachschule-aktiv-bonn.de\/wp-content\/uploads\/2023\/04\/telc-deutsch-pruefungen-in-bonn-1-768x1024.jpg\"},{\"@type\":\"BreadcrumbList\",\"@id\":\"https:\/\/www.sprachschule-aktiv-bonn.de\/it\/esami-di-tedesco-telc\/#breadcrumb\",\"itemListElement\":[{\"@type\":\"ListItem\",\"position\":1,\"name\":\"Startseite\",\"item\":\"https:\/\/www.sprachschule-aktiv-bonn.de\/it\/\"},{\"@type\":\"ListItem\",\"position\":2,\"name\":\"Esami di tedesco telc a Bonn\"}]},{\"@type\":\"WebSite\",\"@id\":\"https:\/\/www.sprachschule-aktiv-bonn.de\/#website\",\"url\":\"https:\/\/www.sprachschule-aktiv-bonn.de\/\",\"name\":\"Sprachschule Aktiv Bonn\",\"description\":\"\",\"potentialAction\":[{\"@type\":\"SearchAction\",\"target\":{\"@type\":\"EntryPoint\",\"urlTemplate\":\"https:\/\/www.sprachschule-aktiv-bonn.de\/?s={search_term_string}\"},\"query-input\":{\"@type\":\"PropertyValueSpecification\",\"valueRequired\":true,\"valueName\":\"search_term_string\"}}],\"inLanguage\":\"it-IT\"}]}<\/script>\n<!-- \/ Yoast SEO plugin. -->","yoast_head_json":{"title":"Esami di tedesco telc a Bonn","description":"Corsi di preparazione per il TestDaF a Bonn con una lezione di prova e un test di lingua gratuiti. Il corso intensivo di 4 settimane costa 399 \u20ac. Informatevi ora!","robots":{"index":"index","follow":"follow","max-snippet":"max-snippet:-1","max-image-preview":"max-image-preview:large","max-video-preview":"max-video-preview:-1"},"canonical":"https:\/\/www.sprachschule-aktiv-bonn.de\/it\/esami-di-tedesco-telc\/","og_locale":"it_IT","og_type":"article","og_title":"Esami di tedesco telc a Bonn","og_description":"Corsi di preparazione per il TestDaF a Bonn con una lezione di prova e un test di lingua gratuiti. Il corso intensivo di 4 settimane costa 399 \u20ac. Informatevi ora!","og_url":"https:\/\/www.sprachschule-aktiv-bonn.de\/it\/esami-di-tedesco-telc\/","og_site_name":"Sprachschule Aktiv Bonn","article_modified_time":"2026-03-24T20:11:19+00:00","og_image":[{"width":800,"height":1067,"url":"https:\/\/www.sprachschule-aktiv-bonn.de\/wp-content\/uploads\/2023\/04\/telc-deutsch-pruefungen-in-bonn-1.jpg","type":"image\/jpeg"}],"twitter_card":"summary_large_image","twitter_misc":{"Tempo di lettura stimato":"7 minuti"},"schema":{"@context":"https:\/\/schema.org","@graph":[{"@type":"WebPage","@id":"https:\/\/www.sprachschule-aktiv-bonn.de\/it\/esami-di-tedesco-telc\/","url":"https:\/\/www.sprachschule-aktiv-bonn.de\/it\/esami-di-tedesco-telc\/","name":"Esami di tedesco telc a Bonn","isPartOf":{"@id":"https:\/\/www.sprachschule-aktiv-bonn.de\/#website"},"primaryImageOfPage":{"@id":"https:\/\/www.sprachschule-aktiv-bonn.de\/it\/esami-di-tedesco-telc\/#primaryimage"},"image":{"@id":"https:\/\/www.sprachschule-aktiv-bonn.de\/it\/esami-di-tedesco-telc\/#primaryimage"},"thumbnailUrl":"https:\/\/www.sprachschule-aktiv-bonn.de\/wp-content\/uploads\/2023\/04\/telc-deutsch-pruefungen-in-bonn-1-768x1024.jpg","datePublished":"2022-05-31T05:27:58+00:00","dateModified":"2026-03-24T20:11:19+00:00","description":"Corsi di preparazione per il TestDaF a Bonn con una lezione di prova e un test di lingua gratuiti. Il corso intensivo di 4 settimane costa 399 \u20ac. Informatevi ora!","breadcrumb":{"@id":"https:\/\/www.sprachschule-aktiv-bonn.de\/it\/esami-di-tedesco-telc\/#breadcrumb"},"inLanguage":"it-IT","potentialAction":[{"@type":"ReadAction","target":["https:\/\/www.sprachschule-aktiv-bonn.de\/it\/esami-di-tedesco-telc\/"]}]},{"@type":"ImageObject","inLanguage":"it-IT","@id":"https:\/\/www.sprachschule-aktiv-bonn.de\/it\/esami-di-tedesco-telc\/#primaryimage","url":"https:\/\/www.sprachschule-aktiv-bonn.de\/wp-content\/uploads\/2023\/04\/telc-deutsch-pruefungen-in-bonn-1-768x1024.jpg","contentUrl":"https:\/\/www.sprachschule-aktiv-bonn.de\/wp-content\/uploads\/2023\/04\/telc-deutsch-pruefungen-in-bonn-1-768x1024.jpg"},{"@type":"BreadcrumbList","@id":"https:\/\/www.sprachschule-aktiv-bonn.de\/it\/esami-di-tedesco-telc\/#breadcrumb","itemListElement":[{"@type":"ListItem","position":1,"name":"Startseite","item":"https:\/\/www.sprachschule-aktiv-bonn.de\/it\/"},{"@type":"ListItem","position":2,"name":"Esami di tedesco telc a Bonn"}]},{"@type":"WebSite","@id":"https:\/\/www.sprachschule-aktiv-bonn.de\/#website","url":"https:\/\/www.sprachschule-aktiv-bonn.de\/","name":"Sprachschule Aktiv Bonn","description":"","potentialAction":[{"@type":"SearchAction","target":{"@type":"EntryPoint","urlTemplate":"https:\/\/www.sprachschule-aktiv-bonn.de\/?s={search_term_string}"},"query-input":{"@type":"PropertyValueSpecification","valueRequired":true,"valueName":"search_term_string"}}],"inLanguage":"it-IT"}]}},"_links":{"self":[{"href":"https:\/\/www.sprachschule-aktiv-bonn.de\/it\/wp-json\/wp\/v2\/pages\/2629","targetHints":{"allow":["GET"]}}],"collection":[{"href":"https:\/\/www.sprachschule-aktiv-bonn.de\/it\/wp-json\/wp\/v2\/pages"}],"about":[{"href":"https:\/\/www.sprachschule-aktiv-bonn.de\/it\/wp-json\/wp\/v2\/types\/page"}],"author":[{"embeddable":true,"href":"https:\/\/www.sprachschule-aktiv-bonn.de\/it\/wp-json\/wp\/v2\/users\/2"}],"replies":[{"embeddable":true,"href":"https:\/\/www.sprachschule-aktiv-bonn.de\/it\/wp-json\/wp\/v2\/comments?post=2629"}],"version-history":[{"count":8,"href":"https:\/\/www.sprachschule-aktiv-bonn.de\/it\/wp-json\/wp\/v2\/pages\/2629\/revisions"}],"predecessor-version":[{"id":7571,"href":"https:\/\/www.sprachschule-aktiv-bonn.de\/it\/wp-json\/wp\/v2\/pages\/2629\/revisions\/7571"}],"wp:attachment":[{"href":"https:\/\/www.sprachschule-aktiv-bonn.de\/it\/wp-json\/wp\/v2\/media?parent=2629"}],"curies":[{"name":"wp","href":"https:\/\/api.w.org\/{rel}","templated":true}]}}