{"id":2550,"date":"2022-06-04T06:57:16","date_gmt":"2022-06-04T04:57:16","guid":{"rendered":"https:\/\/www.sprachschule-aktiv-bonn.de\/krankenversicherung-fuer-deutschlerner\/"},"modified":"2026-03-24T21:14:22","modified_gmt":"2026-03-24T20:14:22","slug":"assicurazione-sanitaria-studenti-di-tedesco","status":"publish","type":"page","link":"https:\/\/www.sprachschule-aktiv-bonn.de\/it\/assicurazione-sanitaria-studenti-di-tedesco\/","title":{"rendered":"Assicurazione sanitaria studenti di tedesco a Bonn"},"content":{"rendered":"\t\t<div data-elementor-type=\"wp-page\" data-elementor-id=\"2550\" class=\"elementor elementor-2550 elementor-449\">\n\t\t\t\t\t\t<section class=\"elementor-section elementor-top-section elementor-element elementor-element-8080e38 elementor-section-boxed elementor-section-height-default elementor-section-height-default\" data-id=\"8080e38\" data-element_type=\"section\" data-e-type=\"section\">\n\t\t\t\t\t\t<div class=\"elementor-container elementor-column-gap-default\">\n\t\t\t\t\t<div class=\"elementor-column elementor-col-100 elementor-top-column elementor-element elementor-element-fda4d08\" data-id=\"fda4d08\" data-element_type=\"column\" data-e-type=\"column\">\n\t\t\t<div class=\"elementor-widget-wrap elementor-element-populated\">\n\t\t\t\t\t\t<section class=\"elementor-section elementor-inner-section elementor-element elementor-element-b7fea2a elementor-section-content-middle elementor-section-boxed elementor-section-height-default elementor-section-height-default\" data-id=\"b7fea2a\" data-element_type=\"section\" data-e-type=\"section\">\n\t\t\t\t\t\t<div class=\"elementor-container elementor-column-gap-default\">\n\t\t\t\t\t<div class=\"elementor-column elementor-col-50 elementor-inner-column elementor-element elementor-element-05d0f89\" data-id=\"05d0f89\" data-element_type=\"column\" data-e-type=\"column\">\n\t\t\t<div class=\"elementor-widget-wrap elementor-element-populated\">\n\t\t\t\t\t\t<div class=\"elementor-element elementor-element-f484b39 elementor-widget elementor-widget-image\" data-id=\"f484b39\" data-element_type=\"widget\" data-e-type=\"widget\" data-widget_type=\"image.default\">\n\t\t\t\t<div class=\"elementor-widget-container\">\n\t\t\t\t\t\t\t\t\t\t\t\t\t\t\t<img fetchpriority=\"high\" decoding=\"async\" width=\"1024\" height=\"576\" src=\"https:\/\/www.sprachschule-aktiv-bonn.de\/wp-content\/uploads\/2023\/04\/bildergalerie-sprachschule-in-bonn-21-1024x576.webp\" class=\"attachment-large size-large wp-image-2441\" alt=\"Assicurazione sanitaria studenti di tedesco a Bonn\" srcset=\"https:\/\/www.sprachschule-aktiv-bonn.de\/wp-content\/uploads\/2023\/04\/bildergalerie-sprachschule-in-bonn-21-1024x576.webp 1024w, https:\/\/www.sprachschule-aktiv-bonn.de\/wp-content\/uploads\/2023\/04\/bildergalerie-sprachschule-in-bonn-21-300x169.webp 300w, https:\/\/www.sprachschule-aktiv-bonn.de\/wp-content\/uploads\/2023\/04\/bildergalerie-sprachschule-in-bonn-21-768x432.webp 768w, https:\/\/www.sprachschule-aktiv-bonn.de\/wp-content\/uploads\/2023\/04\/bildergalerie-sprachschule-in-bonn-21.webp 1280w\" sizes=\"(max-width: 1024px) 100vw, 1024px\" \/>\t\t\t\t\t\t\t\t\t\t\t\t\t\t\t<\/div>\n\t\t\t\t<\/div>\n\t\t\t\t\t<\/div>\n\t\t<\/div>\n\t\t\t\t<div class=\"elementor-column elementor-col-50 elementor-inner-column elementor-element elementor-element-40895c6\" data-id=\"40895c6\" data-element_type=\"column\" data-e-type=\"column\">\n\t\t\t<div class=\"elementor-widget-wrap elementor-element-populated\">\n\t\t\t\t\t\t<div class=\"elementor-element elementor-element-80ecbb7 elementor-widget elementor-widget-text-editor\" data-id=\"80ecbb7\" data-element_type=\"widget\" data-e-type=\"widget\" data-widget_type=\"text-editor.default\">\n\t\t\t\t<div class=\"elementor-widget-container\">\n\t\t\t\t\t\t\t\t\t<p>\u00c8 molto importante che gli studenti di lingua straniera in Germania abbiano un&#8217;assicurazione sanitaria. Se non sono gi\u00e0 protetti da un&#8217;assicurazione obbligatoria, dovrebbero cercare un&#8217;assicurazione sanitaria adeguata gi\u00e0 prima di presentare la domanda di visto. Un&#8217;assicurazione sanitaria valida \u00e8 un prerequisito per la richiesta di un visto in Germania. La domanda pu\u00f2 essere presentata online in pochi minuti. Tuttavia, \u00e8 consigliabile informarsi prima sulle diverse opzioni assicurative, poich\u00e9 la portata dell&#8217;assicurazione pu\u00f2 variare a seconda del fornitore. Scegliendo con cura l&#8217;assicurazione giusta, \u00e8 possibile risparmiare molto denaro e ricevere comunque un&#8217;assistenza di alta qualit\u00e0. Siamo qui per aiutarvi a trovare il giusto piano di assicurazione sanitaria. Lavoriamo con un fornitore affidabile e rispettabile.<\/p>\t\t\t\t\t\t\t\t<\/div>\n\t\t\t\t<\/div>\n\t\t\t\t\t<\/div>\n\t\t<\/div>\n\t\t\t\t\t<\/div>\n\t\t<\/section>\n\t\t\t\t<div class=\"elementor-element elementor-element-0b31bfd elementor-widget elementor-widget-heading\" data-id=\"0b31bfd\" data-element_type=\"widget\" data-e-type=\"widget\" data-widget_type=\"heading.default\">\n\t\t\t\t<div class=\"elementor-widget-container\">\n\t\t\t\t\t<h2 class=\"elementor-heading-title elementor-size-default\">Trovare l'assicurazione giusta<\/h2>\t\t\t\t<\/div>\n\t\t\t\t<\/div>\n\t\t\t\t<section class=\"elementor-section elementor-inner-section elementor-element elementor-element-cb01ba0 elementor-section-boxed elementor-section-height-default elementor-section-height-default\" data-id=\"cb01ba0\" data-element_type=\"section\" data-e-type=\"section\">\n\t\t\t\t\t\t<div class=\"elementor-container elementor-column-gap-default\">\n\t\t\t\t\t<div class=\"elementor-column elementor-col-100 elementor-inner-column elementor-element elementor-element-cdf6c65\" data-id=\"cdf6c65\" data-element_type=\"column\" data-e-type=\"column\">\n\t\t\t<div class=\"elementor-widget-wrap elementor-element-populated\">\n\t\t\t\t\t\t<div class=\"elementor-element elementor-element-00dd3eb elementor-widget elementor-widget-text-editor\" data-id=\"00dd3eb\" data-element_type=\"widget\" data-e-type=\"widget\" data-widget_type=\"text-editor.default\">\n\t\t\t\t<div class=\"elementor-widget-container\">\n\t\t\t\t\t\t\t\t\t<p>Trovare la giusta assicurazione sanitaria non \u00e8 un problema. Basta andare su internet e subito si hanno a disposizione innumerevoli fornitori tra cui scegliere. Ma \u00e8 qui che inizia il problema, perch\u00e9 quale compagnia offre il miglior rapporto qualit\u00e0-prezzo per voi studenti di lingue? Un confronto diretto non \u00e8 sempre facile, perch\u00e9 le tariffe sono diverse. La scuola di lingue Aktiv di Bonn ha avuto una buona esperienza con la compagnia assicurativa Care Concept. La compagnia offre assicurazioni per studenti e studenti di lingue.<\/p>\t\t\t\t\t\t\t\t<\/div>\n\t\t\t\t<\/div>\n\t\t\t\t<div class=\"elementor-element elementor-element-36f05d4 elementor-widget elementor-widget-text-editor\" data-id=\"36f05d4\" data-element_type=\"widget\" data-e-type=\"widget\" data-widget_type=\"text-editor.default\">\n\t\t\t\t<div class=\"elementor-widget-container\">\n\t\t\t\t\t\t\t\t\t<a class=\"whyaweb-kontakt\" href=\"#\">Richiesta rapida<\/a>\t\t\t\t\t\t\t\t<\/div>\n\t\t\t\t<\/div>\n\t\t\t\t\t<\/div>\n\t\t<\/div>\n\t\t\t\t\t<\/div>\n\t\t<\/section>\n\t\t\t\t<div class=\"elementor-element elementor-element-70f6cd2 elementor-widget elementor-widget-heading\" data-id=\"70f6cd2\" data-element_type=\"widget\" data-e-type=\"widget\" data-widget_type=\"heading.default\">\n\t\t\t\t<div class=\"elementor-widget-container\">\n\t\t\t\t\t<h2 class=\"elementor-heading-title elementor-size-default\">I requisiti per l'assicurazione sanitaria<\/h2>\t\t\t\t<\/div>\n\t\t\t\t<\/div>\n\t\t\t\t<div class=\"elementor-element elementor-element-3ed1fd9 elementor-widget elementor-widget-text-editor\" data-id=\"3ed1fd9\" data-element_type=\"widget\" data-e-type=\"widget\" data-widget_type=\"text-editor.default\">\n\t\t\t\t<div class=\"elementor-widget-container\">\n\t\t\t\t\t\t\t\t\t<p>Il nostro partner di cooperazione \u00e8 la compagnia di assicurazione sanitaria Care Concept. L&#8217;assicurazione \u00e8 appositamente studiata per le esigenze degli studenti di lingue e offre prodotti su misura. Pu\u00f2 essere stipulata senza problemi fino all&#8217;et\u00e0 di 35 anni. Gli studenti di lingue di tutto il mondo che vogliono frequentare una scuola di lingue in Germania o in Austria possono stipulare questa assicurazione. La protezione ideale durante l&#8217;apprendimento del tedesco.<\/p>\t\t\t\t\t\t\t\t<\/div>\n\t\t\t\t<\/div>\n\t\t\t\t<div class=\"elementor-element elementor-element-39fa0d1 elementor-widget elementor-widget-heading\" data-id=\"39fa0d1\" data-element_type=\"widget\" data-e-type=\"widget\" data-widget_type=\"heading.default\">\n\t\t\t\t<div class=\"elementor-widget-container\">\n\t\t\t\t\t<h2 class=\"elementor-heading-title elementor-size-default\">I vantaggi di Care Concept<\/h2>\t\t\t\t<\/div>\n\t\t\t\t<\/div>\n\t\t\t\t<div class=\"elementor-element elementor-element-b1b94ac elementor-widget elementor-widget-text-editor\" data-id=\"b1b94ac\" data-element_type=\"widget\" data-e-type=\"widget\" data-widget_type=\"text-editor.default\">\n\t\t\t\t<div class=\"elementor-widget-container\">\n\t\t\t\t\t\t\t\t\t<p>Riceverete le prestazioni a cui siete abituati dalla vostra assicurazione sanitaria, ovvero tutte le cure ambulatoriali, dentistiche e ospedaliere necessarie. Nel caso di una visita dal dentista, dipende dalla tariffa scelta se si deve pagare un ticket e, in tal caso, quanto.<\/p>\t\t\t\t\t\t\t\t<\/div>\n\t\t\t\t<\/div>\n\t\t\t\t<div class=\"elementor-element elementor-element-02479d2 elementor-widget elementor-widget-heading\" data-id=\"02479d2\" data-element_type=\"widget\" data-e-type=\"widget\" data-widget_type=\"heading.default\">\n\t\t\t\t<div class=\"elementor-widget-container\">\n\t\t\t\t\t<h2 class=\"elementor-heading-title elementor-size-default\">Ecco i costi che dovete aspettarvi<\/h2>\t\t\t\t<\/div>\n\t\t\t\t<\/div>\n\t\t\t\t<div class=\"elementor-element elementor-element-f14456b elementor-widget elementor-widget-text-editor\" data-id=\"f14456b\" data-element_type=\"widget\" data-e-type=\"widget\" data-widget_type=\"text-editor.default\">\n\t\t\t\t<div class=\"elementor-widget-container\">\n\t\t\t\t\t\t\t\t\t<p>Tutte le tariffe offrono un buon servizio di base che copre tutte le aree pi\u00f9 importanti. La tariffa pi\u00f9 economica si chiama Care College Basis e non costa pi\u00f9 di 28 euro al mese. Con questa tariffa, i ticket sono dovuti pi\u00f9 spesso. Care College Comfort offre un po&#8217; pi\u00f9 di servizi per 35 euro al mese. Infine, Care College Premium costa 63 euro al mese. Questa tariffa non lascia praticamente nulla a desiderare. Tra le altre cose, riceverete 100 euro per nuovi occhiali o altri ausili visivi, e se avete bisogno di una protesi dentaria dopo un incidente, ne riceverete una del valore massimo di 2.500 euro. In caso di ricovero ospedaliero, riceverete un&#8217;indennit\u00e0 ospedaliera giornaliera. Le condizioni esatte sono riportate sulla homepage di Care Concept. I prezzi indicati sono validi per un massimo di 18 mesi. Si tratta di un periodo abbastanza sufficiente per un corso di lingua.<\/p>\t\t\t\t\t\t\t\t<\/div>\n\t\t\t\t<\/div>\n\t\t\t\t<div class=\"elementor-element elementor-element-9482e27 elementor-widget elementor-widget-heading\" data-id=\"9482e27\" data-element_type=\"widget\" data-e-type=\"widget\" data-widget_type=\"heading.default\">\n\t\t\t\t<div class=\"elementor-widget-container\">\n\t\t\t\t\t<h2 class=\"elementor-heading-title elementor-size-default\">Come stipulare l'assicurazione<\/h2>\t\t\t\t<\/div>\n\t\t\t\t<\/div>\n\t\t\t\t<div class=\"elementor-element elementor-element-4103d97 elementor-widget elementor-widget-text-editor\" data-id=\"4103d97\" data-element_type=\"widget\" data-e-type=\"widget\" data-widget_type=\"text-editor.default\">\n\t\t\t\t<div class=\"elementor-widget-container\">\n\t\t\t\t\t\t\t\t\t<p>L&#8217;assicurazione sanitaria Care Concept pu\u00f2 essere stipulata facilmente via Internet. Compilate attentamente tutte le domande. Se lo desiderate, potete combinare l&#8217;assicurazione con un&#8217;assicurazione contro gli infortuni o la responsabilit\u00e0 civile. Dopo pochi minuti, riceverete i documenti assicurativi in anticipo per e-mail e qualche giorno dopo per posta. Quando si entra in Germania, \u00e8 necessario portare con s\u00e9 la prova dell&#8217;assicurazione sanitaria, poich\u00e9 spesso \u00e8 un requisito indispensabile per l&#8217;ingresso.<\/p>\t\t\t\t\t\t\t\t<\/div>\n\t\t\t\t<\/div>\n\t\t\t\t<div class=\"elementor-element elementor-element-f95258f elementor-widget elementor-widget-heading\" data-id=\"f95258f\" data-element_type=\"widget\" data-e-type=\"widget\" data-widget_type=\"heading.default\">\n\t\t\t\t<div class=\"elementor-widget-container\">\n\t\t\t\t\t<h2 class=\"elementor-heading-title elementor-size-default\">Godere di un buon trattamento a Bonn<\/h2>\t\t\t\t<\/div>\n\t\t\t\t<\/div>\n\t\t\t\t<section class=\"elementor-section elementor-inner-section elementor-element elementor-element-f7e3e51 elementor-section-boxed elementor-section-height-default elementor-section-height-default\" data-id=\"f7e3e51\" data-element_type=\"section\" data-e-type=\"section\">\n\t\t\t\t\t\t<div class=\"elementor-container elementor-column-gap-default\">\n\t\t\t\t\t<div class=\"elementor-column elementor-col-50 elementor-inner-column elementor-element elementor-element-7f4a67b\" data-id=\"7f4a67b\" data-element_type=\"column\" data-e-type=\"column\">\n\t\t\t<div class=\"elementor-widget-wrap elementor-element-populated\">\n\t\t\t\t\t\t<div class=\"elementor-element elementor-element-fad5200 elementor-widget elementor-widget-video\" data-id=\"fad5200\" data-element_type=\"widget\" data-e-type=\"widget\" data-settings=\"{&quot;youtube_url&quot;:&quot;https:\\\/\\\/www.youtube.com\\\/watch?v=JOvJI8b4z_E&quot;,&quot;video_type&quot;:&quot;youtube&quot;,&quot;controls&quot;:&quot;yes&quot;}\" data-widget_type=\"video.default\">\n\t\t\t\t<div class=\"elementor-widget-container\">\n\t\t\t\t\t\t\t<div class=\"elementor-wrapper elementor-open-inline\">\n\t\t\t<div class=\"elementor-video\"><\/div>\t\t<\/div>\n\t\t\t\t\t\t<\/div>\n\t\t\t\t<\/div>\n\t\t\t\t\t<\/div>\n\t\t<\/div>\n\t\t\t\t<div class=\"elementor-column elementor-col-50 elementor-inner-column elementor-element elementor-element-58a5815\" data-id=\"58a5815\" data-element_type=\"column\" data-e-type=\"column\">\n\t\t\t<div class=\"elementor-widget-wrap elementor-element-populated\">\n\t\t\t\t\t\t<div class=\"elementor-element elementor-element-64bbb96 elementor-widget elementor-widget-text-editor\" data-id=\"64bbb96\" data-element_type=\"widget\" data-e-type=\"widget\" data-widget_type=\"text-editor.default\">\n\t\t\t\t<div class=\"elementor-widget-container\">\n\t\t\t\t\t\t\t\t\t<p>Come avete visto, pagate solo un contributo molto basso. I dipendenti assicurati obbligatoriamente pagano un importo pi\u00f9 volte superiore. Con questa tariffa vantaggiosa, avrete i vantaggi di un paziente privato.<\/p><p>La Germania ha un sistema sanitario molto sviluppato. Molti pazienti SHI ne beneficiano solo in parte, perch\u00e9 molti medici non prescrivono farmaci innovativi ai pazienti SHI. In qualit\u00e0 di paziente privato, si ottiene sempre il trattamento migliore. Anche se vivete in Europa e siete assicurati nel vostro Paese, dovreste prendere in considerazione un&#8217;assicurazione sanitaria di viaggio. In caso di malattia grave, la vostra assicurazione sanitaria non pagher\u00e0 il trasporto di ritorno nel vostro Paese, che pu\u00f2 diventare rapidamente molto costoso.<\/p>\t\t\t\t\t\t\t\t<\/div>\n\t\t\t\t<\/div>\n\t\t\t\t\t<\/div>\n\t\t<\/div>\n\t\t\t\t\t<\/div>\n\t\t<\/section>\n\t\t\t\t\t<\/div>\n\t\t<\/div>\n\t\t\t\t\t<\/div>\n\t\t<\/section>\n\t\t\t\t<\/div>\n\t\t","protected":false},"excerpt":{"rendered":"<p>\u00c8 molto importante che gli studenti di lingua straniera in Germania abbiano un&#8217;assicurazione sanitaria. Se non sono gi\u00e0 protetti da un&#8217;assicurazione obbligatoria, dovrebbero cercare un&#8217;assicurazione sanitaria adeguata gi\u00e0 prima di presentare la domanda di visto. Un&#8217;assicurazione sanitaria valida \u00e8 un prerequisito per la richiesta di un visto in Germania. La domanda pu\u00f2 essere presentata online&hellip; <a class=\"read-more\" href=\"https:\/\/www.sprachschule-aktiv-bonn.de\/it\/assicurazione-sanitaria-studenti-di-tedesco\/\" title=\"Read Assicurazione sanitaria studenti di tedesco a Bonn\">Read more &raquo;<\/a><\/p>\n","protected":false},"author":2,"featured_media":0,"parent":0,"menu_order":0,"comment_status":"closed","ping_status":"closed","template":"","meta":{"footnotes":""},"class_list":["post-2550","page","type-page","status-publish","hentry"],"yoast_head":"<!-- This site is optimized with the Yoast SEO plugin v27.2 - https:\/\/yoast.com\/product\/yoast-seo-wordpress\/ -->\n<title>Assicurazione sanitaria studenti di tedesco a Bonn<\/title>\n<meta name=\"description\" content=\"Come studente straniero, nella maggior parte dei casi hai bisogno di un&#039;assicurazione sanitaria per frequentare un corso di tedesco a Bonn. Informati ora!\" \/>\n<meta name=\"robots\" content=\"index, follow, max-snippet:-1, max-image-preview:large, max-video-preview:-1\" \/>\n<link rel=\"canonical\" href=\"https:\/\/www.sprachschule-aktiv-bonn.de\/it\/assicurazione-sanitaria-studenti-di-tedesco\/\" \/>\n<meta property=\"og:locale\" content=\"it_IT\" \/>\n<meta property=\"og:type\" content=\"article\" \/>\n<meta property=\"og:title\" content=\"Assicurazione sanitaria studenti di tedesco a Bonn\" \/>\n<meta property=\"og:description\" content=\"Come studente straniero, nella maggior parte dei casi hai bisogno di un&#039;assicurazione sanitaria per frequentare un corso di tedesco a Bonn. Informati ora!\" \/>\n<meta property=\"og:url\" content=\"https:\/\/www.sprachschule-aktiv-bonn.de\/it\/assicurazione-sanitaria-studenti-di-tedesco\/\" \/>\n<meta property=\"og:site_name\" content=\"Sprachschule Aktiv Bonn\" \/>\n<meta property=\"article:modified_time\" content=\"2026-03-24T20:14:22+00:00\" \/>\n<meta property=\"og:image\" content=\"https:\/\/www.sprachschule-aktiv-bonn.de\/wp-content\/uploads\/2023\/04\/bildergalerie-sprachschule-in-bonn-21.webp\" \/>\n\t<meta property=\"og:image:width\" content=\"1280\" \/>\n\t<meta property=\"og:image:height\" content=\"720\" \/>\n\t<meta property=\"og:image:type\" content=\"image\/webp\" \/>\n<meta name=\"twitter:card\" content=\"summary_large_image\" \/>\n<meta name=\"twitter:label1\" content=\"Tempo di lettura stimato\" \/>\n\t<meta name=\"twitter:data1\" content=\"4 minuti\" \/>\n<script type=\"application\/ld+json\" class=\"yoast-schema-graph\">{\"@context\":\"https:\/\/schema.org\",\"@graph\":[{\"@type\":\"WebPage\",\"@id\":\"https:\/\/www.sprachschule-aktiv-bonn.de\/it\/assicurazione-sanitaria-studenti-di-tedesco\/\",\"url\":\"https:\/\/www.sprachschule-aktiv-bonn.de\/it\/assicurazione-sanitaria-studenti-di-tedesco\/\",\"name\":\"Assicurazione sanitaria studenti di tedesco a Bonn\",\"isPartOf\":{\"@id\":\"https:\/\/www.sprachschule-aktiv-bonn.de\/#website\"},\"primaryImageOfPage\":{\"@id\":\"https:\/\/www.sprachschule-aktiv-bonn.de\/it\/assicurazione-sanitaria-studenti-di-tedesco\/#primaryimage\"},\"image\":{\"@id\":\"https:\/\/www.sprachschule-aktiv-bonn.de\/it\/assicurazione-sanitaria-studenti-di-tedesco\/#primaryimage\"},\"thumbnailUrl\":\"https:\/\/www.sprachschule-aktiv-bonn.de\/wp-content\/uploads\/2023\/04\/bildergalerie-sprachschule-in-bonn-21-1024x576.webp\",\"datePublished\":\"2022-06-04T04:57:16+00:00\",\"dateModified\":\"2026-03-24T20:14:22+00:00\",\"description\":\"Come studente straniero, nella maggior parte dei casi hai bisogno di un'assicurazione sanitaria per frequentare un corso di tedesco a Bonn. Informati ora!\",\"breadcrumb\":{\"@id\":\"https:\/\/www.sprachschule-aktiv-bonn.de\/it\/assicurazione-sanitaria-studenti-di-tedesco\/#breadcrumb\"},\"inLanguage\":\"it-IT\",\"potentialAction\":[{\"@type\":\"ReadAction\",\"target\":[\"https:\/\/www.sprachschule-aktiv-bonn.de\/it\/assicurazione-sanitaria-studenti-di-tedesco\/\"]}]},{\"@type\":\"ImageObject\",\"inLanguage\":\"it-IT\",\"@id\":\"https:\/\/www.sprachschule-aktiv-bonn.de\/it\/assicurazione-sanitaria-studenti-di-tedesco\/#primaryimage\",\"url\":\"https:\/\/www.sprachschule-aktiv-bonn.de\/wp-content\/uploads\/2023\/04\/bildergalerie-sprachschule-in-bonn-21-1024x576.webp\",\"contentUrl\":\"https:\/\/www.sprachschule-aktiv-bonn.de\/wp-content\/uploads\/2023\/04\/bildergalerie-sprachschule-in-bonn-21-1024x576.webp\"},{\"@type\":\"BreadcrumbList\",\"@id\":\"https:\/\/www.sprachschule-aktiv-bonn.de\/it\/assicurazione-sanitaria-studenti-di-tedesco\/#breadcrumb\",\"itemListElement\":[{\"@type\":\"ListItem\",\"position\":1,\"name\":\"Startseite\",\"item\":\"https:\/\/www.sprachschule-aktiv-bonn.de\/it\/\"},{\"@type\":\"ListItem\",\"position\":2,\"name\":\"Assicurazione sanitaria studenti di tedesco a Bonn\"}]},{\"@type\":\"WebSite\",\"@id\":\"https:\/\/www.sprachschule-aktiv-bonn.de\/#website\",\"url\":\"https:\/\/www.sprachschule-aktiv-bonn.de\/\",\"name\":\"Sprachschule Aktiv Bonn\",\"description\":\"\",\"potentialAction\":[{\"@type\":\"SearchAction\",\"target\":{\"@type\":\"EntryPoint\",\"urlTemplate\":\"https:\/\/www.sprachschule-aktiv-bonn.de\/?s={search_term_string}\"},\"query-input\":{\"@type\":\"PropertyValueSpecification\",\"valueRequired\":true,\"valueName\":\"search_term_string\"}}],\"inLanguage\":\"it-IT\"}]}<\/script>\n<!-- \/ Yoast SEO plugin. -->","yoast_head_json":{"title":"Assicurazione sanitaria studenti di tedesco a Bonn","description":"Come studente straniero, nella maggior parte dei casi hai bisogno di un'assicurazione sanitaria per frequentare un corso di tedesco a Bonn. Informati ora!","robots":{"index":"index","follow":"follow","max-snippet":"max-snippet:-1","max-image-preview":"max-image-preview:large","max-video-preview":"max-video-preview:-1"},"canonical":"https:\/\/www.sprachschule-aktiv-bonn.de\/it\/assicurazione-sanitaria-studenti-di-tedesco\/","og_locale":"it_IT","og_type":"article","og_title":"Assicurazione sanitaria studenti di tedesco a Bonn","og_description":"Come studente straniero, nella maggior parte dei casi hai bisogno di un'assicurazione sanitaria per frequentare un corso di tedesco a Bonn. Informati ora!","og_url":"https:\/\/www.sprachschule-aktiv-bonn.de\/it\/assicurazione-sanitaria-studenti-di-tedesco\/","og_site_name":"Sprachschule Aktiv Bonn","article_modified_time":"2026-03-24T20:14:22+00:00","og_image":[{"width":1280,"height":720,"url":"https:\/\/www.sprachschule-aktiv-bonn.de\/wp-content\/uploads\/2023\/04\/bildergalerie-sprachschule-in-bonn-21.webp","type":"image\/webp"}],"twitter_card":"summary_large_image","twitter_misc":{"Tempo di lettura stimato":"4 minuti"},"schema":{"@context":"https:\/\/schema.org","@graph":[{"@type":"WebPage","@id":"https:\/\/www.sprachschule-aktiv-bonn.de\/it\/assicurazione-sanitaria-studenti-di-tedesco\/","url":"https:\/\/www.sprachschule-aktiv-bonn.de\/it\/assicurazione-sanitaria-studenti-di-tedesco\/","name":"Assicurazione sanitaria studenti di tedesco a Bonn","isPartOf":{"@id":"https:\/\/www.sprachschule-aktiv-bonn.de\/#website"},"primaryImageOfPage":{"@id":"https:\/\/www.sprachschule-aktiv-bonn.de\/it\/assicurazione-sanitaria-studenti-di-tedesco\/#primaryimage"},"image":{"@id":"https:\/\/www.sprachschule-aktiv-bonn.de\/it\/assicurazione-sanitaria-studenti-di-tedesco\/#primaryimage"},"thumbnailUrl":"https:\/\/www.sprachschule-aktiv-bonn.de\/wp-content\/uploads\/2023\/04\/bildergalerie-sprachschule-in-bonn-21-1024x576.webp","datePublished":"2022-06-04T04:57:16+00:00","dateModified":"2026-03-24T20:14:22+00:00","description":"Come studente straniero, nella maggior parte dei casi hai bisogno di un'assicurazione sanitaria per frequentare un corso di tedesco a Bonn. Informati ora!","breadcrumb":{"@id":"https:\/\/www.sprachschule-aktiv-bonn.de\/it\/assicurazione-sanitaria-studenti-di-tedesco\/#breadcrumb"},"inLanguage":"it-IT","potentialAction":[{"@type":"ReadAction","target":["https:\/\/www.sprachschule-aktiv-bonn.de\/it\/assicurazione-sanitaria-studenti-di-tedesco\/"]}]},{"@type":"ImageObject","inLanguage":"it-IT","@id":"https:\/\/www.sprachschule-aktiv-bonn.de\/it\/assicurazione-sanitaria-studenti-di-tedesco\/#primaryimage","url":"https:\/\/www.sprachschule-aktiv-bonn.de\/wp-content\/uploads\/2023\/04\/bildergalerie-sprachschule-in-bonn-21-1024x576.webp","contentUrl":"https:\/\/www.sprachschule-aktiv-bonn.de\/wp-content\/uploads\/2023\/04\/bildergalerie-sprachschule-in-bonn-21-1024x576.webp"},{"@type":"BreadcrumbList","@id":"https:\/\/www.sprachschule-aktiv-bonn.de\/it\/assicurazione-sanitaria-studenti-di-tedesco\/#breadcrumb","itemListElement":[{"@type":"ListItem","position":1,"name":"Startseite","item":"https:\/\/www.sprachschule-aktiv-bonn.de\/it\/"},{"@type":"ListItem","position":2,"name":"Assicurazione sanitaria studenti di tedesco a Bonn"}]},{"@type":"WebSite","@id":"https:\/\/www.sprachschule-aktiv-bonn.de\/#website","url":"https:\/\/www.sprachschule-aktiv-bonn.de\/","name":"Sprachschule Aktiv Bonn","description":"","potentialAction":[{"@type":"SearchAction","target":{"@type":"EntryPoint","urlTemplate":"https:\/\/www.sprachschule-aktiv-bonn.de\/?s={search_term_string}"},"query-input":{"@type":"PropertyValueSpecification","valueRequired":true,"valueName":"search_term_string"}}],"inLanguage":"it-IT"}]}},"_links":{"self":[{"href":"https:\/\/www.sprachschule-aktiv-bonn.de\/it\/wp-json\/wp\/v2\/pages\/2550","targetHints":{"allow":["GET"]}}],"collection":[{"href":"https:\/\/www.sprachschule-aktiv-bonn.de\/it\/wp-json\/wp\/v2\/pages"}],"about":[{"href":"https:\/\/www.sprachschule-aktiv-bonn.de\/it\/wp-json\/wp\/v2\/types\/page"}],"author":[{"embeddable":true,"href":"https:\/\/www.sprachschule-aktiv-bonn.de\/it\/wp-json\/wp\/v2\/users\/2"}],"replies":[{"embeddable":true,"href":"https:\/\/www.sprachschule-aktiv-bonn.de\/it\/wp-json\/wp\/v2\/comments?post=2550"}],"version-history":[{"count":11,"href":"https:\/\/www.sprachschule-aktiv-bonn.de\/it\/wp-json\/wp\/v2\/pages\/2550\/revisions"}],"predecessor-version":[{"id":7586,"href":"https:\/\/www.sprachschule-aktiv-bonn.de\/it\/wp-json\/wp\/v2\/pages\/2550\/revisions\/7586"}],"wp:attachment":[{"href":"https:\/\/www.sprachschule-aktiv-bonn.de\/it\/wp-json\/wp\/v2\/media?parent=2550"}],"curies":[{"name":"wp","href":"https:\/\/api.w.org\/{rel}","templated":true}]}}