{"id":2495,"date":"2022-06-04T06:47:09","date_gmt":"2022-06-04T04:47:09","guid":{"rendered":"https:\/\/www.sprachschule-aktiv-bonn.de\/deutschkurse-mit-unterkunft\/"},"modified":"2026-03-24T21:13:27","modified_gmt":"2026-03-24T20:13:27","slug":"corsi-di-tedesco-con-alloggio","status":"publish","type":"page","link":"https:\/\/www.sprachschule-aktiv-bonn.de\/it\/corsi-di-tedesco-con-alloggio\/","title":{"rendered":"Corsi di tedesco con alloggio a Bonn"},"content":{"rendered":"\t\t<div data-elementor-type=\"wp-page\" data-elementor-id=\"2495\" class=\"elementor elementor-2495 elementor-444\">\n\t\t\t\t\t\t<section class=\"elementor-section elementor-top-section elementor-element elementor-element-1114fee elementor-section-boxed elementor-section-height-default elementor-section-height-default\" data-id=\"1114fee\" data-element_type=\"section\" data-e-type=\"section\">\n\t\t\t\t\t\t<div class=\"elementor-container elementor-column-gap-default\">\n\t\t\t\t\t<div class=\"elementor-column elementor-col-100 elementor-top-column elementor-element elementor-element-18b4325\" data-id=\"18b4325\" data-element_type=\"column\" data-e-type=\"column\">\n\t\t\t<div class=\"elementor-widget-wrap elementor-element-populated\">\n\t\t\t\t\t\t<div class=\"elementor-element elementor-element-b868d69 elementor-widget elementor-widget-text-editor\" data-id=\"b868d69\" data-element_type=\"widget\" data-e-type=\"widget\" data-widget_type=\"text-editor.default\">\n\t\t\t\t<div class=\"elementor-widget-container\">\n\t\t\t\t\t\t\t\t\t<p>Scoprite la bellissima citt\u00e0 di Bonn e migliorate allo stesso tempo le vostre conoscenze di tedesco con i nostri corsi di tedesco con alloggio. I nostri insegnanti esperti e qualificati vi aiuteranno a migliorare le vostre conoscenze linguistiche e a comunicare con maggiore sicurezza nella vita quotidiana.<\/p>\t\t\t\t\t\t\t\t<\/div>\n\t\t\t\t<\/div>\n\t\t\t\t\t<\/div>\n\t\t<\/div>\n\t\t\t\t\t<\/div>\n\t\t<\/section>\n\t\t\t\t<section class=\"elementor-section elementor-top-section elementor-element elementor-element-cf99d5b elementor-section-content-middle elementor-section-boxed elementor-section-height-default elementor-section-height-default\" data-id=\"cf99d5b\" data-element_type=\"section\" data-e-type=\"section\">\n\t\t\t\t\t\t<div class=\"elementor-container elementor-column-gap-default\">\n\t\t\t\t\t<div class=\"elementor-column elementor-col-50 elementor-top-column elementor-element elementor-element-c6b69d9\" data-id=\"c6b69d9\" data-element_type=\"column\" data-e-type=\"column\">\n\t\t\t<div class=\"elementor-widget-wrap elementor-element-populated\">\n\t\t\t\t\t\t<div class=\"elementor-element elementor-element-15de922 elementor-widget elementor-widget-image\" data-id=\"15de922\" data-element_type=\"widget\" data-e-type=\"widget\" data-widget_type=\"image.default\">\n\t\t\t\t<div class=\"elementor-widget-container\">\n\t\t\t\t\t\t\t\t\t\t\t\t\t\t\t<img fetchpriority=\"high\" decoding=\"async\" width=\"800\" height=\"533\" src=\"https:\/\/www.sprachschule-aktiv-bonn.de\/wp-content\/uploads\/2023\/04\/deutschkurse-mit-unterkunft-in-bonn-1.jpg\" class=\"attachment-large size-large wp-image-2412\" alt=\"Corsi di tedesco con alloggio a Bonn\" srcset=\"https:\/\/www.sprachschule-aktiv-bonn.de\/wp-content\/uploads\/2023\/04\/deutschkurse-mit-unterkunft-in-bonn-1.jpg 800w, https:\/\/www.sprachschule-aktiv-bonn.de\/wp-content\/uploads\/2023\/04\/deutschkurse-mit-unterkunft-in-bonn-1-300x200.jpg 300w, https:\/\/www.sprachschule-aktiv-bonn.de\/wp-content\/uploads\/2023\/04\/deutschkurse-mit-unterkunft-in-bonn-1-768x512.jpg 768w\" sizes=\"(max-width: 800px) 100vw, 800px\" \/>\t\t\t\t\t\t\t\t\t\t\t\t\t\t\t<\/div>\n\t\t\t\t<\/div>\n\t\t\t\t\t<\/div>\n\t\t<\/div>\n\t\t\t\t<div class=\"elementor-column elementor-col-50 elementor-top-column elementor-element elementor-element-60831cc\" data-id=\"60831cc\" data-element_type=\"column\" data-e-type=\"column\">\n\t\t\t<div class=\"elementor-widget-wrap elementor-element-populated\">\n\t\t\t\t\t\t<div class=\"elementor-element elementor-element-78d9626 elementor-widget elementor-widget-text-editor\" data-id=\"78d9626\" data-element_type=\"widget\" data-e-type=\"widget\" data-widget_type=\"text-editor.default\">\n\t\t\t\t<div class=\"elementor-widget-container\">\n\t\t\t\t\t\t\t\t\t<p>I nostri partner di Bonn offrono un alloggio nelle immediate vicinanze della sede del corso di tedesco e una casa accogliente durante il vostro soggiorno. Potrete concentrarvi completamente sull&#8217;apprendimento e allo stesso tempo conoscere la cultura e la storia della citt\u00e0 di Bonn.<\/p><p>I nostri corsi di tedesco sono adatti a tutti i livelli linguistici, dal principiante all&#8217;avanzato. Offriamo sia lezioni di gruppo che individuali per soddisfare le vostre esigenze individuali.<br \/>Prenotate oggi stesso un corso di tedesco con alloggio a Bonn e immergetevi nella lingua e nella cultura tedesca!<\/p>\t\t\t\t\t\t\t\t<\/div>\n\t\t\t\t<\/div>\n\t\t\t\t<div class=\"elementor-element elementor-element-68e13cb elementor-widget elementor-widget-text-editor\" data-id=\"68e13cb\" data-element_type=\"widget\" data-e-type=\"widget\" data-widget_type=\"text-editor.default\">\n\t\t\t\t<div class=\"elementor-widget-container\">\n\t\t\t\t\t\t\t\t\t<a class=\"whyaweb-kontakt\" href=\"#\">Richiesta rapida!<\/a>\t\t\t\t\t\t\t\t<\/div>\n\t\t\t\t<\/div>\n\t\t\t\t\t<\/div>\n\t\t<\/div>\n\t\t\t\t\t<\/div>\n\t\t<\/section>\n\t\t\t\t<section class=\"elementor-section elementor-top-section elementor-element elementor-element-e3009f7 elementor-section-boxed elementor-section-height-default elementor-section-height-default\" data-id=\"e3009f7\" data-element_type=\"section\" data-e-type=\"section\">\n\t\t\t\t\t\t<div class=\"elementor-container elementor-column-gap-default\">\n\t\t\t\t\t<div class=\"elementor-column elementor-col-100 elementor-top-column elementor-element elementor-element-0135a0c\" data-id=\"0135a0c\" data-element_type=\"column\" data-e-type=\"column\">\n\t\t\t<div class=\"elementor-widget-wrap elementor-element-populated\">\n\t\t\t\t\t\t<div class=\"elementor-element elementor-element-5f4d1ef elementor-widget elementor-widget-heading\" data-id=\"5f4d1ef\" data-element_type=\"widget\" data-e-type=\"widget\" data-widget_type=\"heading.default\">\n\t\t\t\t<div class=\"elementor-widget-container\">\n\t\t\t\t\t<h2 class=\"elementor-heading-title elementor-size-default\">Ecco i costi che dovete aspettarvi<\/h2>\t\t\t\t<\/div>\n\t\t\t\t<\/div>\n\t\t\t\t<div class=\"elementor-element elementor-element-ba85062 elementor-widget elementor-widget-text-editor\" data-id=\"ba85062\" data-element_type=\"widget\" data-e-type=\"widget\" data-widget_type=\"text-editor.default\">\n\t\t\t\t<div class=\"elementor-widget-container\">\n\t\t\t\t\t\t\t\t\t<p>Il prerequisito per l&#8217;alloggio \u00e8 un periodo minimo di prenotazione di quattro settimane. Le lezioni si svolgono sempre al mattino dal luned\u00ec al venerd\u00ec. \u00c8 possibile partecipare ai corsi di tedesco come studenti principianti o avanzati. I corsi a Bonn si basano sul Quadro comune di riferimento per le lingue straniere. A seconda della vostra formazione precedente, potete iniziare con un corso di livello A1, A2, B1, B2, C1 o C2.<\/p><p>Costi per un corso intensivo di tedesco di quattro settimane: 399 euro<br \/>Costi di alloggio: Tra i 400 e i 600 euro al mese, a seconda del tipo di alloggio.<\/p>\t\t\t\t\t\t\t\t<\/div>\n\t\t\t\t<\/div>\n\t\t\t\t\t<\/div>\n\t\t<\/div>\n\t\t\t\t\t<\/div>\n\t\t<\/section>\n\t\t\t\t<section class=\"elementor-section elementor-top-section elementor-element elementor-element-fe334b4 elementor-section-boxed elementor-section-height-default elementor-section-height-default\" data-id=\"fe334b4\" data-element_type=\"section\" data-e-type=\"section\">\n\t\t\t\t\t\t<div class=\"elementor-container elementor-column-gap-default\">\n\t\t\t\t\t<div class=\"elementor-column elementor-col-100 elementor-top-column elementor-element elementor-element-6e28928\" data-id=\"6e28928\" data-element_type=\"column\" data-e-type=\"column\">\n\t\t\t<div class=\"elementor-widget-wrap elementor-element-populated\">\n\t\t\t\t\t\t<div class=\"elementor-element elementor-element-0df705a elementor-widget elementor-widget-heading\" data-id=\"0df705a\" data-element_type=\"widget\" data-e-type=\"widget\" data-widget_type=\"heading.default\">\n\t\t\t\t<div class=\"elementor-widget-container\">\n\t\t\t\t\t<h2 class=\"elementor-heading-title elementor-size-default\">Vivere con una famiglia ospitante a Bonn<\/h2>\t\t\t\t<\/div>\n\t\t\t\t<\/div>\n\t\t\t\t<div class=\"elementor-element elementor-element-7bca085 elementor-widget elementor-widget-text-editor\" data-id=\"7bca085\" data-element_type=\"widget\" data-e-type=\"widget\" data-widget_type=\"text-editor.default\">\n\t\t\t\t<div class=\"elementor-widget-container\">\n\t\t\t\t\t\t\t\t\t<p>Per imparare rapidamente il tedesco, l&#8217;ideale \u00e8 vivere in una famiglia ospitante. Avrete contatti con la famiglia, incontrerete i membri della famiglia durante i pasti e farete delle escursioni insieme. Avrete spesso l&#8217;opportunit\u00e0 di praticare la lingua tedesca.<\/p>\t\t\t\t\t\t\t\t<\/div>\n\t\t\t\t<\/div>\n\t\t\t\t<div class=\"elementor-element elementor-element-3fbeff7 elementor-widget elementor-widget-heading\" data-id=\"3fbeff7\" data-element_type=\"widget\" data-e-type=\"widget\" data-widget_type=\"heading.default\">\n\t\t\t\t<div class=\"elementor-widget-container\">\n\t\t\t\t\t<h2 class=\"elementor-heading-title elementor-size-default\">Vivere in un appartamento condiviso a Bonn<\/h2>\t\t\t\t<\/div>\n\t\t\t\t<\/div>\n\t\t\t\t<div class=\"elementor-element elementor-element-1434322 elementor-widget elementor-widget-text-editor\" data-id=\"1434322\" data-element_type=\"widget\" data-e-type=\"widget\" data-widget_type=\"text-editor.default\">\n\t\t\t\t<div class=\"elementor-widget-container\">\n\t\t\t\t\t\t\t\t\t<p>In un appartamento condiviso, la coesione non \u00e8 cos\u00ec stretta come in una famiglia ospitante. Tuttavia, avrete contatti frequenti con gli altri coinquilini. Li incontrerete in cucina o nella sala comune.<\/p>\t\t\t\t\t\t\t\t<\/div>\n\t\t\t\t<\/div>\n\t\t\t\t<div class=\"elementor-element elementor-element-ae38514 elementor-widget elementor-widget-heading\" data-id=\"ae38514\" data-element_type=\"widget\" data-e-type=\"widget\" data-widget_type=\"heading.default\">\n\t\t\t\t<div class=\"elementor-widget-container\">\n\t\t\t\t\t<h2 class=\"elementor-heading-title elementor-size-default\">Vivere in un appartamento per studenti a Bonn<\/h2>\t\t\t\t<\/div>\n\t\t\t\t<\/div>\n\t\t\t\t<div class=\"elementor-element elementor-element-a0053a1 elementor-widget elementor-widget-text-editor\" data-id=\"a0053a1\" data-element_type=\"widget\" data-e-type=\"widget\" data-widget_type=\"text-editor.default\">\n\t\t\t\t<div class=\"elementor-widget-container\">\n\t\t\t\t\t\t\t\t\t<p>Durante la pausa semestrale, gli studenti amano affittare i loro appartamenti a studenti di lingua. In una residenza studentesca, sarete voi a decidere se volete incontrare altri residenti. \u00c8 consigliabile, perch\u00e9 il tedesco si impara solo a contatto con altre persone.<\/p>\t\t\t\t\t\t\t\t<\/div>\n\t\t\t\t<\/div>\n\t\t\t\t<div class=\"elementor-element elementor-element-8b193fe elementor-widget elementor-widget-heading\" data-id=\"8b193fe\" data-element_type=\"widget\" data-e-type=\"widget\" data-widget_type=\"heading.default\">\n\t\t\t\t<div class=\"elementor-widget-container\">\n\t\t\t\t\t<h2 class=\"elementor-heading-title elementor-size-default\">Vivere in un hotel o in una pensione<\/h2>\t\t\t\t<\/div>\n\t\t\t\t<\/div>\n\t\t\t\t<div class=\"elementor-element elementor-element-f70a3d0 elementor-widget elementor-widget-text-editor\" data-id=\"f70a3d0\" data-element_type=\"widget\" data-e-type=\"widget\" data-widget_type=\"text-editor.default\">\n\t\t\t\t<div class=\"elementor-widget-container\">\n\t\t\t\t\t\t\t\t\t<p>Questo tipo di alloggio non solo \u00e8 molto costoso, ma \u00e8 anche sconsigliato. Difficilmente incontrerete altri tedeschi e quindi avrete poche opportunit\u00e0 di praticare la lingua tedesca.<\/p>\t\t\t\t\t\t\t\t<\/div>\n\t\t\t\t<\/div>\n\t\t\t\t<div class=\"elementor-element elementor-element-65fdfe1 elementor-widget elementor-widget-heading\" data-id=\"65fdfe1\" data-element_type=\"widget\" data-e-type=\"widget\" data-widget_type=\"heading.default\">\n\t\t\t\t<div class=\"elementor-widget-container\">\n\t\t\t\t\t<h2 class=\"elementor-heading-title elementor-size-default\">Come fare in modo che il vostro viaggio studio a Bonn sia un successo<\/h2>\t\t\t\t<\/div>\n\t\t\t\t<\/div>\n\t\t\t\t<div class=\"elementor-element elementor-element-ef42d16 elementor-widget elementor-widget-text-editor\" data-id=\"ef42d16\" data-element_type=\"widget\" data-e-type=\"widget\" data-widget_type=\"text-editor.default\">\n\t\t\t\t<div class=\"elementor-widget-container\">\n\t\t\t\t\t\t\t\t\t<p>Innanzitutto, \u00e8 necessario determinare il proprio livello linguistico. Per farlo, utilizzate il test di posizionamento sul nostro sito web. Quindi iscrivetevi al corso intensivo appropriato. Contattateci e comunicateci la sistemazione che desiderate. Non aspettate troppo, perch\u00e9 il mercato immobiliare di Bonn non \u00e8 sempre facile e pu\u00f2 essere necessario un po&#8217; di tempo per trovare un alloggio adatto. Naturalmente, vi terremo sempre informati sui progressi.<\/p><p><br \/>Siamo a vostra disposizione non solo per la ricerca di un alloggio, ma anche per tutte le altre domande relative al vostro corso e al vostro soggiorno a Bonn. Il nostro staff si prender\u00e0 cura di voi in modo intensivo, affinch\u00e9 il vostro soggiorno sia un&#8217;esperienza memorabile.<\/p>\t\t\t\t\t\t\t\t<\/div>\n\t\t\t\t<\/div>\n\t\t\t\t<div class=\"elementor-element elementor-element-7cdd3e8 elementor-widget elementor-widget-heading\" data-id=\"7cdd3e8\" data-element_type=\"widget\" data-e-type=\"widget\" data-widget_type=\"heading.default\">\n\t\t\t\t<div class=\"elementor-widget-container\">\n\t\t\t\t\t<h2 class=\"elementor-heading-title elementor-size-default\">Decidere un soggiorno linguistico a Bonn<\/h2>\t\t\t\t<\/div>\n\t\t\t\t<\/div>\n\t\t\t\t<section class=\"elementor-section elementor-inner-section elementor-element elementor-element-d4cfef0 elementor-section-boxed elementor-section-height-default elementor-section-height-default\" data-id=\"d4cfef0\" data-element_type=\"section\" data-e-type=\"section\">\n\t\t\t\t\t\t<div class=\"elementor-container elementor-column-gap-default\">\n\t\t\t\t\t<div class=\"elementor-column elementor-col-50 elementor-inner-column elementor-element elementor-element-1a50cb3\" data-id=\"1a50cb3\" data-element_type=\"column\" data-e-type=\"column\">\n\t\t\t<div class=\"elementor-widget-wrap elementor-element-populated\">\n\t\t\t\t\t\t<div class=\"elementor-element elementor-element-c68fbf0 elementor-widget elementor-widget-video\" data-id=\"c68fbf0\" data-element_type=\"widget\" data-e-type=\"widget\" data-settings=\"{&quot;youtube_url&quot;:&quot;https:\\\/\\\/www.youtube.com\\\/watch?v=JOvJI8b4z_E&quot;,&quot;video_type&quot;:&quot;youtube&quot;,&quot;controls&quot;:&quot;yes&quot;}\" data-widget_type=\"video.default\">\n\t\t\t\t<div class=\"elementor-widget-container\">\n\t\t\t\t\t\t\t<div class=\"elementor-wrapper elementor-open-inline\">\n\t\t\t<div class=\"elementor-video\"><\/div>\t\t<\/div>\n\t\t\t\t\t\t<\/div>\n\t\t\t\t<\/div>\n\t\t\t\t\t<\/div>\n\t\t<\/div>\n\t\t\t\t<div class=\"elementor-column elementor-col-50 elementor-inner-column elementor-element elementor-element-062a993\" data-id=\"062a993\" data-element_type=\"column\" data-e-type=\"column\">\n\t\t\t<div class=\"elementor-widget-wrap elementor-element-populated\">\n\t\t\t\t\t\t<div class=\"elementor-element elementor-element-b6b3411 elementor-widget elementor-widget-text-editor\" data-id=\"b6b3411\" data-element_type=\"widget\" data-e-type=\"widget\" data-widget_type=\"text-editor.default\">\n\t\t\t\t<div class=\"elementor-widget-container\">\n\t\t\t\t\t\t\t\t\t<p>Se desiderate partecipare a un corso intensivo a Bonn, ma non vivete ancora in citt\u00e0, avrete bisogno di un alloggio adeguato per il periodo. La scuola di lingue Aktiv di Bonn sar\u00e0 lieta di aiutarvi a trovare un appartamento adatto. Vi troveremo un alloggio presso famiglie ospitanti, residenze studentesche e appartamenti condivisi. Un servizio speciale offerto dalla Sprachschule Aktiv \u00e8 la convivenza con l&#8217;insegnante. Non solo starete con l&#8217;insegnante durante le lezioni, ma trascorrerete con lui anche parte del vostro tempo libero. Anche il viaggio pi\u00f9 lungo inizia con il primo passo. Se avete ancora domande sui corsi di lingua e sulla ricerca di un alloggio a Bonn, contattateci. Potete chiamarci o contattarci tramite il modulo sul nostro sito web. Saremo lieti di ascoltarvi.<\/p>\t\t\t\t\t\t\t\t<\/div>\n\t\t\t\t<\/div>\n\t\t\t\t\t<\/div>\n\t\t<\/div>\n\t\t\t\t\t<\/div>\n\t\t<\/section>\n\t\t\t\t\t<\/div>\n\t\t<\/div>\n\t\t\t\t\t<\/div>\n\t\t<\/section>\n\t\t\t\t<\/div>\n\t\t","protected":false},"excerpt":{"rendered":"<p>Scoprite la bellissima citt\u00e0 di Bonn e migliorate allo stesso tempo le vostre conoscenze di tedesco con i nostri corsi di tedesco con alloggio. I nostri insegnanti esperti e qualificati vi aiuteranno a migliorare le vostre conoscenze linguistiche e a comunicare con maggiore sicurezza nella vita quotidiana. I nostri partner di Bonn offrono un alloggio&hellip; <a class=\"read-more\" href=\"https:\/\/www.sprachschule-aktiv-bonn.de\/it\/corsi-di-tedesco-con-alloggio\/\" title=\"Read Corsi di tedesco con alloggio a Bonn\">Read more &raquo;<\/a><\/p>\n","protected":false},"author":2,"featured_media":0,"parent":0,"menu_order":0,"comment_status":"closed","ping_status":"closed","template":"","meta":{"footnotes":""},"class_list":["post-2495","page","type-page","status-publish","hentry"],"yoast_head":"<!-- This site is optimized with the Yoast SEO plugin v27.2 - https:\/\/yoast.com\/product\/yoast-seo-wordpress\/ -->\n<title>Corsi di tedesco con alloggio a Bonn<\/title>\n<meta name=\"description\" content=\"Vuoi frequentare un corso di tedesco a Bonn e stai cercando un alloggio? La Scuola di Lingue Aktiv ti offre soluzioni per l&#039;alloggio.\" \/>\n<meta name=\"robots\" content=\"index, follow, max-snippet:-1, max-image-preview:large, max-video-preview:-1\" \/>\n<link rel=\"canonical\" href=\"https:\/\/www.sprachschule-aktiv-bonn.de\/it\/corsi-di-tedesco-con-alloggio\/\" \/>\n<meta property=\"og:locale\" content=\"it_IT\" \/>\n<meta property=\"og:type\" content=\"article\" \/>\n<meta property=\"og:title\" content=\"Corsi di tedesco con alloggio a Bonn\" \/>\n<meta property=\"og:description\" content=\"Vuoi frequentare un corso di tedesco a Bonn e stai cercando un alloggio? La Scuola di Lingue Aktiv ti offre soluzioni per l&#039;alloggio.\" \/>\n<meta property=\"og:url\" content=\"https:\/\/www.sprachschule-aktiv-bonn.de\/it\/corsi-di-tedesco-con-alloggio\/\" \/>\n<meta property=\"og:site_name\" content=\"Sprachschule Aktiv Bonn\" \/>\n<meta property=\"article:modified_time\" content=\"2026-03-24T20:13:27+00:00\" \/>\n<meta property=\"og:image\" content=\"https:\/\/www.sprachschule-aktiv-bonn.de\/wp-content\/uploads\/2023\/04\/deutschkurse-mit-unterkunft-in-bonn-1.jpg\" \/>\n\t<meta property=\"og:image:width\" content=\"800\" \/>\n\t<meta property=\"og:image:height\" content=\"533\" \/>\n\t<meta property=\"og:image:type\" content=\"image\/jpeg\" \/>\n<meta name=\"twitter:card\" content=\"summary_large_image\" \/>\n<meta name=\"twitter:label1\" content=\"Tempo di lettura stimato\" \/>\n\t<meta name=\"twitter:data1\" content=\"4 minuti\" \/>\n<script type=\"application\/ld+json\" class=\"yoast-schema-graph\">{\"@context\":\"https:\/\/schema.org\",\"@graph\":[{\"@type\":\"WebPage\",\"@id\":\"https:\/\/www.sprachschule-aktiv-bonn.de\/it\/corsi-di-tedesco-con-alloggio\/\",\"url\":\"https:\/\/www.sprachschule-aktiv-bonn.de\/it\/corsi-di-tedesco-con-alloggio\/\",\"name\":\"Corsi di tedesco con alloggio a Bonn\",\"isPartOf\":{\"@id\":\"https:\/\/www.sprachschule-aktiv-bonn.de\/#website\"},\"primaryImageOfPage\":{\"@id\":\"https:\/\/www.sprachschule-aktiv-bonn.de\/it\/corsi-di-tedesco-con-alloggio\/#primaryimage\"},\"image\":{\"@id\":\"https:\/\/www.sprachschule-aktiv-bonn.de\/it\/corsi-di-tedesco-con-alloggio\/#primaryimage\"},\"thumbnailUrl\":\"https:\/\/www.sprachschule-aktiv-bonn.de\/wp-content\/uploads\/2023\/04\/deutschkurse-mit-unterkunft-in-bonn-1.jpg\",\"datePublished\":\"2022-06-04T04:47:09+00:00\",\"dateModified\":\"2026-03-24T20:13:27+00:00\",\"description\":\"Vuoi frequentare un corso di tedesco a Bonn e stai cercando un alloggio? La Scuola di Lingue Aktiv ti offre soluzioni per l'alloggio.\",\"breadcrumb\":{\"@id\":\"https:\/\/www.sprachschule-aktiv-bonn.de\/it\/corsi-di-tedesco-con-alloggio\/#breadcrumb\"},\"inLanguage\":\"it-IT\",\"potentialAction\":[{\"@type\":\"ReadAction\",\"target\":[\"https:\/\/www.sprachschule-aktiv-bonn.de\/it\/corsi-di-tedesco-con-alloggio\/\"]}]},{\"@type\":\"ImageObject\",\"inLanguage\":\"it-IT\",\"@id\":\"https:\/\/www.sprachschule-aktiv-bonn.de\/it\/corsi-di-tedesco-con-alloggio\/#primaryimage\",\"url\":\"https:\/\/www.sprachschule-aktiv-bonn.de\/wp-content\/uploads\/2023\/04\/deutschkurse-mit-unterkunft-in-bonn-1.jpg\",\"contentUrl\":\"https:\/\/www.sprachschule-aktiv-bonn.de\/wp-content\/uploads\/2023\/04\/deutschkurse-mit-unterkunft-in-bonn-1.jpg\"},{\"@type\":\"BreadcrumbList\",\"@id\":\"https:\/\/www.sprachschule-aktiv-bonn.de\/it\/corsi-di-tedesco-con-alloggio\/#breadcrumb\",\"itemListElement\":[{\"@type\":\"ListItem\",\"position\":1,\"name\":\"Startseite\",\"item\":\"https:\/\/www.sprachschule-aktiv-bonn.de\/it\/\"},{\"@type\":\"ListItem\",\"position\":2,\"name\":\"Corsi di tedesco con alloggio a Bonn\"}]},{\"@type\":\"WebSite\",\"@id\":\"https:\/\/www.sprachschule-aktiv-bonn.de\/#website\",\"url\":\"https:\/\/www.sprachschule-aktiv-bonn.de\/\",\"name\":\"Sprachschule Aktiv Bonn\",\"description\":\"\",\"potentialAction\":[{\"@type\":\"SearchAction\",\"target\":{\"@type\":\"EntryPoint\",\"urlTemplate\":\"https:\/\/www.sprachschule-aktiv-bonn.de\/?s={search_term_string}\"},\"query-input\":{\"@type\":\"PropertyValueSpecification\",\"valueRequired\":true,\"valueName\":\"search_term_string\"}}],\"inLanguage\":\"it-IT\"}]}<\/script>\n<!-- \/ Yoast SEO plugin. -->","yoast_head_json":{"title":"Corsi di tedesco con alloggio a Bonn","description":"Vuoi frequentare un corso di tedesco a Bonn e stai cercando un alloggio? La Scuola di Lingue Aktiv ti offre soluzioni per l'alloggio.","robots":{"index":"index","follow":"follow","max-snippet":"max-snippet:-1","max-image-preview":"max-image-preview:large","max-video-preview":"max-video-preview:-1"},"canonical":"https:\/\/www.sprachschule-aktiv-bonn.de\/it\/corsi-di-tedesco-con-alloggio\/","og_locale":"it_IT","og_type":"article","og_title":"Corsi di tedesco con alloggio a Bonn","og_description":"Vuoi frequentare un corso di tedesco a Bonn e stai cercando un alloggio? La Scuola di Lingue Aktiv ti offre soluzioni per l'alloggio.","og_url":"https:\/\/www.sprachschule-aktiv-bonn.de\/it\/corsi-di-tedesco-con-alloggio\/","og_site_name":"Sprachschule Aktiv Bonn","article_modified_time":"2026-03-24T20:13:27+00:00","og_image":[{"width":800,"height":533,"url":"https:\/\/www.sprachschule-aktiv-bonn.de\/wp-content\/uploads\/2023\/04\/deutschkurse-mit-unterkunft-in-bonn-1.jpg","type":"image\/jpeg"}],"twitter_card":"summary_large_image","twitter_misc":{"Tempo di lettura stimato":"4 minuti"},"schema":{"@context":"https:\/\/schema.org","@graph":[{"@type":"WebPage","@id":"https:\/\/www.sprachschule-aktiv-bonn.de\/it\/corsi-di-tedesco-con-alloggio\/","url":"https:\/\/www.sprachschule-aktiv-bonn.de\/it\/corsi-di-tedesco-con-alloggio\/","name":"Corsi di tedesco con alloggio a Bonn","isPartOf":{"@id":"https:\/\/www.sprachschule-aktiv-bonn.de\/#website"},"primaryImageOfPage":{"@id":"https:\/\/www.sprachschule-aktiv-bonn.de\/it\/corsi-di-tedesco-con-alloggio\/#primaryimage"},"image":{"@id":"https:\/\/www.sprachschule-aktiv-bonn.de\/it\/corsi-di-tedesco-con-alloggio\/#primaryimage"},"thumbnailUrl":"https:\/\/www.sprachschule-aktiv-bonn.de\/wp-content\/uploads\/2023\/04\/deutschkurse-mit-unterkunft-in-bonn-1.jpg","datePublished":"2022-06-04T04:47:09+00:00","dateModified":"2026-03-24T20:13:27+00:00","description":"Vuoi frequentare un corso di tedesco a Bonn e stai cercando un alloggio? La Scuola di Lingue Aktiv ti offre soluzioni per l'alloggio.","breadcrumb":{"@id":"https:\/\/www.sprachschule-aktiv-bonn.de\/it\/corsi-di-tedesco-con-alloggio\/#breadcrumb"},"inLanguage":"it-IT","potentialAction":[{"@type":"ReadAction","target":["https:\/\/www.sprachschule-aktiv-bonn.de\/it\/corsi-di-tedesco-con-alloggio\/"]}]},{"@type":"ImageObject","inLanguage":"it-IT","@id":"https:\/\/www.sprachschule-aktiv-bonn.de\/it\/corsi-di-tedesco-con-alloggio\/#primaryimage","url":"https:\/\/www.sprachschule-aktiv-bonn.de\/wp-content\/uploads\/2023\/04\/deutschkurse-mit-unterkunft-in-bonn-1.jpg","contentUrl":"https:\/\/www.sprachschule-aktiv-bonn.de\/wp-content\/uploads\/2023\/04\/deutschkurse-mit-unterkunft-in-bonn-1.jpg"},{"@type":"BreadcrumbList","@id":"https:\/\/www.sprachschule-aktiv-bonn.de\/it\/corsi-di-tedesco-con-alloggio\/#breadcrumb","itemListElement":[{"@type":"ListItem","position":1,"name":"Startseite","item":"https:\/\/www.sprachschule-aktiv-bonn.de\/it\/"},{"@type":"ListItem","position":2,"name":"Corsi di tedesco con alloggio a Bonn"}]},{"@type":"WebSite","@id":"https:\/\/www.sprachschule-aktiv-bonn.de\/#website","url":"https:\/\/www.sprachschule-aktiv-bonn.de\/","name":"Sprachschule Aktiv Bonn","description":"","potentialAction":[{"@type":"SearchAction","target":{"@type":"EntryPoint","urlTemplate":"https:\/\/www.sprachschule-aktiv-bonn.de\/?s={search_term_string}"},"query-input":{"@type":"PropertyValueSpecification","valueRequired":true,"valueName":"search_term_string"}}],"inLanguage":"it-IT"}]}},"_links":{"self":[{"href":"https:\/\/www.sprachschule-aktiv-bonn.de\/it\/wp-json\/wp\/v2\/pages\/2495","targetHints":{"allow":["GET"]}}],"collection":[{"href":"https:\/\/www.sprachschule-aktiv-bonn.de\/it\/wp-json\/wp\/v2\/pages"}],"about":[{"href":"https:\/\/www.sprachschule-aktiv-bonn.de\/it\/wp-json\/wp\/v2\/types\/page"}],"author":[{"embeddable":true,"href":"https:\/\/www.sprachschule-aktiv-bonn.de\/it\/wp-json\/wp\/v2\/users\/2"}],"replies":[{"embeddable":true,"href":"https:\/\/www.sprachschule-aktiv-bonn.de\/it\/wp-json\/wp\/v2\/comments?post=2495"}],"version-history":[{"count":10,"href":"https:\/\/www.sprachschule-aktiv-bonn.de\/it\/wp-json\/wp\/v2\/pages\/2495\/revisions"}],"predecessor-version":[{"id":7580,"href":"https:\/\/www.sprachschule-aktiv-bonn.de\/it\/wp-json\/wp\/v2\/pages\/2495\/revisions\/7580"}],"wp:attachment":[{"href":"https:\/\/www.sprachschule-aktiv-bonn.de\/it\/wp-json\/wp\/v2\/media?parent=2495"}],"curies":[{"name":"wp","href":"https:\/\/api.w.org\/{rel}","templated":true}]}}