{"id":2087,"date":"2022-05-17T06:22:17","date_gmt":"2022-05-17T04:22:17","guid":{"rendered":"https:\/\/www.sprachschule-aktiv-bonn.de\/wir-ueber-uns-bilder-videos\/"},"modified":"2026-03-24T19:48:35","modified_gmt":"2026-03-24T18:48:35","slug":"nous-concernant-photos-et-videos","status":"publish","type":"page","link":"https:\/\/www.sprachschule-aktiv-bonn.de\/fr\/nous-concernant-photos-et-videos\/","title":{"rendered":"Nous concernant &#8211; Qui nous sommes &#8211; Photos et vid\u00e9os"},"content":{"rendered":"\t\t<div data-elementor-type=\"wp-page\" data-elementor-id=\"2087\" class=\"elementor elementor-2087 elementor-376\">\n\t\t\t\t\t\t<section class=\"elementor-section elementor-top-section elementor-element elementor-element-c797d8e elementor-section-boxed elementor-section-height-default elementor-section-height-default\" data-id=\"c797d8e\" data-element_type=\"section\" data-e-type=\"section\">\n\t\t\t\t\t\t<div class=\"elementor-container elementor-column-gap-default\">\n\t\t\t\t\t<div class=\"elementor-column elementor-col-100 elementor-top-column elementor-element elementor-element-a7f5378\" data-id=\"a7f5378\" data-element_type=\"column\" data-e-type=\"column\">\n\t\t\t<div class=\"elementor-widget-wrap elementor-element-populated\">\n\t\t\t\t\t\t<div class=\"elementor-element elementor-element-7a1ec78 elementor-widget elementor-widget-heading\" data-id=\"7a1ec78\" data-element_type=\"widget\" data-e-type=\"widget\" data-widget_type=\"heading.default\">\n\t\t\t\t<div class=\"elementor-widget-container\">\n\t\t\t\t\t<h2 class=\"elementor-heading-title elementor-size-default\">Nos professeurs de langues sont motiv\u00e9s et hautement qualifi\u00e9s. Ils sont tous des locuteurs natifs. <\/h2>\t\t\t\t<\/div>\n\t\t\t\t<\/div>\n\t\t\t\t<div class=\"elementor-element elementor-element-152da24 elementor-widget elementor-widget-text-editor\" data-id=\"152da24\" data-element_type=\"widget\" data-e-type=\"widget\" data-widget_type=\"text-editor.default\">\n\t\t\t\t<div class=\"elementor-widget-container\">\n\t\t\t\t\t\t\t\t\t<p>Vous apprenez donc la bonne prononciation d\u00e8s le d\u00e9but. Les cours se d\u00e9roulent en petits groupes. Pour vous, cela signifie que vous pouvez participer tr\u00e8s activement aux cours. Vous apprenez ainsi la langue encore plus rapidement.<\/p><p>Avant votre premi\u00e8re le\u00e7on, vous serez \u00e9valu\u00e9 gratuitement. Vous pouvez le faire en ligne ou dans notre \u00e9cole. Ce n&#8217;est qu&#8217;ensuite que nous vous affecterons au cours appropri\u00e9. Cette proc\u00e9dure vous permet d&#8217;\u00e9conomiser du temps et de l&#8217;argent. Il n&#8217;est pas possible d&#8217;acqu\u00e9rir des connaissances dans un cours que vous avez d\u00e9j\u00e0. Vous continuez exactement l\u00e0 o\u00f9 vous en \u00eates.<\/p><p>Le premier cours est consid\u00e9r\u00e9 comme un cours d&#8217;essai. Vous pouvez tester le professeur et sa m\u00e9thode de travail \u00e0 votre guise. Ce n&#8217;est qu&#8217;ensuite que vous d\u00e9ciderez si les cours vous plaisent. Si ce n&#8217;est pas le cas, nous vous remboursons.<\/p><p>Nous vous aidons \u00e0 payer le cours. Si vous le souhaitez, vous pouvez payer les frais de cours en plusieurs fois. C&#8217;est un grand soulagement, surtout s&#8217;il s&#8217;agit d&#8217;une d\u00e9pense \u00e0 laquelle vous ne vous attendiez pas. Parlez-en avec nous. Nos experts se feront un plaisir de vous expliquer les possibilit\u00e9s de paiement.<\/p><p>Nous proposons des cours dans toutes les langues courantes. Les langues les plus courantes sont bien s\u00fbr l&#8217;anglais, le fran\u00e7ais, l&#8217;italien et l&#8217;espagnol. Si vous avez envie de ma\u00eetriser une langue que tout le monde ne ma\u00eetrise pas, vous trouverez certainement quelque chose qui vous conviendra dans nos cours. Pourquoi pas le japonais, par exemple ? Cette langue devient de plus en plus importante, surtout dans le monde des affaires.<\/p><p>Nos \u00e9tudiants sont tr\u00e8s satisfaits des prestations de notre \u00e9cole. Les nombreuses \u00e9valuations et critiques excellentes le prouvent \u00e9galement.<\/p>\t\t\t\t\t\t\t\t<\/div>\n\t\t\t\t<\/div>\n\t\t\t\t<div class=\"elementor-element elementor-element-dac3160 elementor-widget elementor-widget-heading\" data-id=\"dac3160\" data-element_type=\"widget\" data-e-type=\"widget\" data-widget_type=\"heading.default\">\n\t\t\t\t<div class=\"elementor-widget-container\">\n\t\t\t\t\t<h2 class=\"elementor-heading-title elementor-size-default\">Photos et vid\u00e9os de l'\u00e9cole de langues Aktiv \u00e0 Bonn<\/h2>\t\t\t\t<\/div>\n\t\t\t\t<\/div>\n\t\t\t\t<section class=\"elementor-section elementor-inner-section elementor-element elementor-element-e49fb9f elementor-section-boxed elementor-section-height-default elementor-section-height-default\" data-id=\"e49fb9f\" data-element_type=\"section\" data-e-type=\"section\">\n\t\t\t\t\t\t<div class=\"elementor-container elementor-column-gap-default\">\n\t\t\t\t\t<div class=\"elementor-column elementor-col-50 elementor-inner-column elementor-element elementor-element-0ab6916\" data-id=\"0ab6916\" data-element_type=\"column\" data-e-type=\"column\">\n\t\t\t<div class=\"elementor-widget-wrap elementor-element-populated\">\n\t\t\t\t\t\t<div class=\"elementor-element elementor-element-27be28c elementor-widget elementor-widget-text-editor\" data-id=\"27be28c\" data-element_type=\"widget\" data-e-type=\"widget\" data-widget_type=\"text-editor.default\">\n\t\t\t\t<div class=\"elementor-widget-container\">\n\t\t\t\t\t\t\t\t\t<iframe title=\"YouTube video player\" src=\"https:\/\/www.youtube.com\/embed\/54-5aCU96MM\" width=\"100%\" height=\"315\" frameborder=\"0\" allowfullscreen=\"allowfullscreen\"><\/iframe>\t\t\t\t\t\t\t\t<\/div>\n\t\t\t\t<\/div>\n\t\t\t\t\t<\/div>\n\t\t<\/div>\n\t\t\t\t<div class=\"elementor-column elementor-col-50 elementor-inner-column elementor-element elementor-element-a85748e\" data-id=\"a85748e\" data-element_type=\"column\" data-e-type=\"column\">\n\t\t\t<div class=\"elementor-widget-wrap elementor-element-populated\">\n\t\t\t\t\t\t<div class=\"elementor-element elementor-element-db349d3 elementor-widget elementor-widget-text-editor\" data-id=\"db349d3\" data-element_type=\"widget\" data-e-type=\"widget\" data-widget_type=\"text-editor.default\">\n\t\t\t\t<div class=\"elementor-widget-container\">\n\t\t\t\t\t\t\t\t\t<iframe title=\"YouTube video player\" src=\"https:\/\/www.youtube.com\/embed\/yQJZTC1gQTE\" width=\"100%\" height=\"315\" frameborder=\"0\" allowfullscreen=\"allowfullscreen\"><\/iframe>\t\t\t\t\t\t\t\t<\/div>\n\t\t\t\t<\/div>\n\t\t\t\t\t<\/div>\n\t\t<\/div>\n\t\t\t\t\t<\/div>\n\t\t<\/section>\n\t\t\t\t<div class=\"elementor-element elementor-element-c78f330 elementor-widget elementor-widget-text-editor\" data-id=\"c78f330\" data-element_type=\"widget\" data-e-type=\"widget\" data-widget_type=\"text-editor.default\">\n\t\t\t\t<div class=\"elementor-widget-container\">\n\t\t\t\t\t\t\t\t\t<iframe title=\"YouTube video player\" src=\"https:\/\/www.youtube.com\/embed\/JOvJI8b4z_E\" width=\"100%\" height=\"315\" frameborder=\"0\" allowfullscreen=\"allowfullscreen\"><\/iframe>\t\t\t\t\t\t\t\t<\/div>\n\t\t\t\t<\/div>\n\t\t\t\t\t<\/div>\n\t\t<\/div>\n\t\t\t\t\t<\/div>\n\t\t<\/section>\n\t\t\t\t<section class=\"elementor-section elementor-top-section elementor-element elementor-element-233c35a elementor-section-stretched elementor-section-boxed elementor-section-height-default elementor-section-height-default\" data-id=\"233c35a\" data-element_type=\"section\" data-e-type=\"section\" data-settings=\"{&quot;stretch_section&quot;:&quot;section-stretched&quot;,&quot;background_background&quot;:&quot;classic&quot;}\">\n\t\t\t\t\t\t<div class=\"elementor-container elementor-column-gap-default\">\n\t\t\t\t\t<div class=\"elementor-column elementor-col-100 elementor-top-column elementor-element elementor-element-561600c\" data-id=\"561600c\" data-element_type=\"column\" data-e-type=\"column\">\n\t\t\t<div class=\"elementor-widget-wrap elementor-element-populated\">\n\t\t\t\t\t\t<div class=\"elementor-element elementor-element-0d00097 elementor-widget elementor-widget-heading\" data-id=\"0d00097\" data-element_type=\"widget\" data-e-type=\"widget\" data-widget_type=\"heading.default\">\n\t\t\t\t<div class=\"elementor-widget-container\">\n\t\t\t\t\t<h2 class=\"elementor-heading-title elementor-size-default\">Les langues assurent la progression professionnelle<\/h2>\t\t\t\t<\/div>\n\t\t\t\t<\/div>\n\t\t\t\t<div class=\"elementor-element elementor-element-2e950fc elementor-widget elementor-widget-text-editor\" data-id=\"2e950fc\" data-element_type=\"widget\" data-e-type=\"widget\" data-widget_type=\"text-editor.default\">\n\t\t\t\t<div class=\"elementor-widget-container\">\n\t\t\t\t\t\t\t\t\t<p>Si vous r\u00e9servez un cours de langue \u00e0 Sprachschule Aktiv, vos prochaines vacances seront \u00e0 coup s\u00fbr une exp\u00e9rience inoubliable. Mais les langues sont \u00e9galement indispensables \u00e0 l&#8217;\u00e9volution professionnelle. Le monde se rapproche de plus en plus et ceux qui parlent une ou plusieurs langues \u00e9trang\u00e8res ont de meilleures chances. Le mieux est de vous inscrire d\u00e8s aujourd&#8217;hui \u00e0 la langue de votre choix et de passer le test de niveau. Bien entendu, nous proposons \u00e9galement des cours en entreprise \u00e0 des conditions avantageuses.<\/p>\t\t\t\t\t\t\t\t<\/div>\n\t\t\t\t<\/div>\n\t\t\t\t<div class=\"elementor-element elementor-element-411caf1 elementor-widget elementor-widget-text-editor\" data-id=\"411caf1\" data-element_type=\"widget\" data-e-type=\"widget\" data-widget_type=\"text-editor.default\">\n\t\t\t\t<div class=\"elementor-widget-container\">\n\t\t\t\t\t\t\t\t\t<a class=\"whyaweb-kontakt\" href=\"#\">Vous avez des questions ?<\/a>\t\t\t\t\t\t\t\t<\/div>\n\t\t\t\t<\/div>\n\t\t\t\t\t<\/div>\n\t\t<\/div>\n\t\t\t\t\t<\/div>\n\t\t<\/section>\n\t\t\t\t<\/div>\n\t\t","protected":false},"excerpt":{"rendered":"<p>Nos professeurs de langues sont motiv\u00e9s et hautement qualifi\u00e9s. Ils sont tous des locuteurs natifs. Vous apprenez donc la bonne prononciation d\u00e8s le d\u00e9but. Les cours se d\u00e9roulent en petits groupes. Pour vous, cela signifie que vous pouvez participer tr\u00e8s activement aux cours. Vous apprenez ainsi la langue encore plus rapidement. Avant votre premi\u00e8re le\u00e7on,&hellip; <a class=\"read-more\" href=\"https:\/\/www.sprachschule-aktiv-bonn.de\/fr\/nous-concernant-photos-et-videos\/\" title=\"Read Nous concernant &#8211; Qui nous sommes &#8211; Photos et vid\u00e9os\">Read more &raquo;<\/a><\/p>\n","protected":false},"author":2,"featured_media":0,"parent":0,"menu_order":0,"comment_status":"closed","ping_status":"closed","template":"","meta":{"footnotes":""},"class_list":["post-2087","page","type-page","status-publish","hentry"],"yoast_head":"<!-- This site is optimized with the Yoast SEO plugin v27.2 - https:\/\/yoast.com\/product\/yoast-seo-wordpress\/ -->\n<title>Nous concernant - Qui nous sommes - Photos et vid\u00e9os<\/title>\n<meta name=\"description\" content=\"La Sprachschule Aktiv \u00e0 Bonn se pr\u00e9sente : l&#039;\u00e9quipe, nos participants aux cours, nos locaux, des images et des vid\u00e9os...\" \/>\n<meta name=\"robots\" content=\"index, follow, max-snippet:-1, max-image-preview:large, max-video-preview:-1\" \/>\n<link rel=\"canonical\" href=\"https:\/\/www.sprachschule-aktiv-bonn.de\/fr\/nous-concernant-photos-et-videos\/\" \/>\n<meta property=\"og:locale\" content=\"fr_FR\" \/>\n<meta property=\"og:type\" content=\"article\" \/>\n<meta property=\"og:title\" content=\"Nous concernant - Qui nous sommes - Photos et vid\u00e9os\" \/>\n<meta property=\"og:description\" content=\"La Sprachschule Aktiv \u00e0 Bonn se pr\u00e9sente : l&#039;\u00e9quipe, nos participants aux cours, nos locaux, des images et des vid\u00e9os...\" \/>\n<meta property=\"og:url\" content=\"https:\/\/www.sprachschule-aktiv-bonn.de\/fr\/nous-concernant-photos-et-videos\/\" \/>\n<meta property=\"og:site_name\" content=\"Sprachschule Aktiv Bonn\" \/>\n<meta property=\"article:modified_time\" content=\"2026-03-24T18:48:35+00:00\" \/>\n<meta name=\"twitter:card\" content=\"summary_large_image\" \/>\n<meta name=\"twitter:label1\" content=\"Dur\u00e9e de lecture estim\u00e9e\" \/>\n\t<meta name=\"twitter:data1\" content=\"3 minutes\" \/>\n<script type=\"application\/ld+json\" class=\"yoast-schema-graph\">{\"@context\":\"https:\/\/schema.org\",\"@graph\":[{\"@type\":\"WebPage\",\"@id\":\"https:\/\/www.sprachschule-aktiv-bonn.de\/fr\/nous-concernant-photos-et-videos\/\",\"url\":\"https:\/\/www.sprachschule-aktiv-bonn.de\/fr\/nous-concernant-photos-et-videos\/\",\"name\":\"Nous concernant - Qui nous sommes - Photos et vid\u00e9os\",\"isPartOf\":{\"@id\":\"https:\/\/www.sprachschule-aktiv-bonn.de\/#website\"},\"datePublished\":\"2022-05-17T04:22:17+00:00\",\"dateModified\":\"2026-03-24T18:48:35+00:00\",\"description\":\"La Sprachschule Aktiv \u00e0 Bonn se pr\u00e9sente : l'\u00e9quipe, nos participants aux cours, nos locaux, des images et des vid\u00e9os...\",\"breadcrumb\":{\"@id\":\"https:\/\/www.sprachschule-aktiv-bonn.de\/fr\/nous-concernant-photos-et-videos\/#breadcrumb\"},\"inLanguage\":\"fr-FR\",\"potentialAction\":[{\"@type\":\"ReadAction\",\"target\":[\"https:\/\/www.sprachschule-aktiv-bonn.de\/fr\/nous-concernant-photos-et-videos\/\"]}]},{\"@type\":\"BreadcrumbList\",\"@id\":\"https:\/\/www.sprachschule-aktiv-bonn.de\/fr\/nous-concernant-photos-et-videos\/#breadcrumb\",\"itemListElement\":[{\"@type\":\"ListItem\",\"position\":1,\"name\":\"Startseite\",\"item\":\"https:\/\/www.sprachschule-aktiv-bonn.de\/fr\/\"},{\"@type\":\"ListItem\",\"position\":2,\"name\":\"Nous concernant &#8211; Qui nous sommes &#8211; Photos et vid\u00e9os\"}]},{\"@type\":\"WebSite\",\"@id\":\"https:\/\/www.sprachschule-aktiv-bonn.de\/#website\",\"url\":\"https:\/\/www.sprachschule-aktiv-bonn.de\/\",\"name\":\"Sprachschule Aktiv Bonn\",\"description\":\"\",\"potentialAction\":[{\"@type\":\"SearchAction\",\"target\":{\"@type\":\"EntryPoint\",\"urlTemplate\":\"https:\/\/www.sprachschule-aktiv-bonn.de\/?s={search_term_string}\"},\"query-input\":{\"@type\":\"PropertyValueSpecification\",\"valueRequired\":true,\"valueName\":\"search_term_string\"}}],\"inLanguage\":\"fr-FR\"}]}<\/script>\n<!-- \/ Yoast SEO plugin. -->","yoast_head_json":{"title":"Nous concernant - Qui nous sommes - Photos et vid\u00e9os","description":"La Sprachschule Aktiv \u00e0 Bonn se pr\u00e9sente : l'\u00e9quipe, nos participants aux cours, nos locaux, des images et des vid\u00e9os...","robots":{"index":"index","follow":"follow","max-snippet":"max-snippet:-1","max-image-preview":"max-image-preview:large","max-video-preview":"max-video-preview:-1"},"canonical":"https:\/\/www.sprachschule-aktiv-bonn.de\/fr\/nous-concernant-photos-et-videos\/","og_locale":"fr_FR","og_type":"article","og_title":"Nous concernant - Qui nous sommes - Photos et vid\u00e9os","og_description":"La Sprachschule Aktiv \u00e0 Bonn se pr\u00e9sente : l'\u00e9quipe, nos participants aux cours, nos locaux, des images et des vid\u00e9os...","og_url":"https:\/\/www.sprachschule-aktiv-bonn.de\/fr\/nous-concernant-photos-et-videos\/","og_site_name":"Sprachschule Aktiv Bonn","article_modified_time":"2026-03-24T18:48:35+00:00","twitter_card":"summary_large_image","twitter_misc":{"Dur\u00e9e de lecture estim\u00e9e":"3 minutes"},"schema":{"@context":"https:\/\/schema.org","@graph":[{"@type":"WebPage","@id":"https:\/\/www.sprachschule-aktiv-bonn.de\/fr\/nous-concernant-photos-et-videos\/","url":"https:\/\/www.sprachschule-aktiv-bonn.de\/fr\/nous-concernant-photos-et-videos\/","name":"Nous concernant - Qui nous sommes - Photos et vid\u00e9os","isPartOf":{"@id":"https:\/\/www.sprachschule-aktiv-bonn.de\/#website"},"datePublished":"2022-05-17T04:22:17+00:00","dateModified":"2026-03-24T18:48:35+00:00","description":"La Sprachschule Aktiv \u00e0 Bonn se pr\u00e9sente : l'\u00e9quipe, nos participants aux cours, nos locaux, des images et des vid\u00e9os...","breadcrumb":{"@id":"https:\/\/www.sprachschule-aktiv-bonn.de\/fr\/nous-concernant-photos-et-videos\/#breadcrumb"},"inLanguage":"fr-FR","potentialAction":[{"@type":"ReadAction","target":["https:\/\/www.sprachschule-aktiv-bonn.de\/fr\/nous-concernant-photos-et-videos\/"]}]},{"@type":"BreadcrumbList","@id":"https:\/\/www.sprachschule-aktiv-bonn.de\/fr\/nous-concernant-photos-et-videos\/#breadcrumb","itemListElement":[{"@type":"ListItem","position":1,"name":"Startseite","item":"https:\/\/www.sprachschule-aktiv-bonn.de\/fr\/"},{"@type":"ListItem","position":2,"name":"Nous concernant &#8211; Qui nous sommes &#8211; Photos et vid\u00e9os"}]},{"@type":"WebSite","@id":"https:\/\/www.sprachschule-aktiv-bonn.de\/#website","url":"https:\/\/www.sprachschule-aktiv-bonn.de\/","name":"Sprachschule Aktiv Bonn","description":"","potentialAction":[{"@type":"SearchAction","target":{"@type":"EntryPoint","urlTemplate":"https:\/\/www.sprachschule-aktiv-bonn.de\/?s={search_term_string}"},"query-input":{"@type":"PropertyValueSpecification","valueRequired":true,"valueName":"search_term_string"}}],"inLanguage":"fr-FR"}]}},"_links":{"self":[{"href":"https:\/\/www.sprachschule-aktiv-bonn.de\/fr\/wp-json\/wp\/v2\/pages\/2087","targetHints":{"allow":["GET"]}}],"collection":[{"href":"https:\/\/www.sprachschule-aktiv-bonn.de\/fr\/wp-json\/wp\/v2\/pages"}],"about":[{"href":"https:\/\/www.sprachschule-aktiv-bonn.de\/fr\/wp-json\/wp\/v2\/types\/page"}],"author":[{"embeddable":true,"href":"https:\/\/www.sprachschule-aktiv-bonn.de\/fr\/wp-json\/wp\/v2\/users\/2"}],"replies":[{"embeddable":true,"href":"https:\/\/www.sprachschule-aktiv-bonn.de\/fr\/wp-json\/wp\/v2\/comments?post=2087"}],"version-history":[{"count":10,"href":"https:\/\/www.sprachschule-aktiv-bonn.de\/fr\/wp-json\/wp\/v2\/pages\/2087\/revisions"}],"predecessor-version":[{"id":7534,"href":"https:\/\/www.sprachschule-aktiv-bonn.de\/fr\/wp-json\/wp\/v2\/pages\/2087\/revisions\/7534"}],"wp:attachment":[{"href":"https:\/\/www.sprachschule-aktiv-bonn.de\/fr\/wp-json\/wp\/v2\/media?parent=2087"}],"curies":[{"name":"wp","href":"https:\/\/api.w.org\/{rel}","templated":true}]}}