{"id":2060,"date":"2022-05-31T07:27:58","date_gmt":"2022-05-31T05:27:58","guid":{"rendered":"https:\/\/www.sprachschule-aktiv-bonn.de\/testdaf-pruefungsvorbereitungskurse\/"},"modified":"2026-03-24T20:03:02","modified_gmt":"2026-03-24T19:03:02","slug":"examens-dallemand-telc","status":"publish","type":"page","link":"https:\/\/www.sprachschule-aktiv-bonn.de\/fr\/examens-dallemand-telc\/","title":{"rendered":"Examens d&#8217;allemand telc \u00e0 Bonn"},"content":{"rendered":"<img fetchpriority=\"high\" decoding=\"async\" width=\"768\" height=\"1024\" src=\"https:\/\/www.sprachschule-aktiv-bonn.de\/wp-content\/uploads\/2023\/04\/telc-deutsch-pruefungen-in-bonn-1-768x1024.jpg\" alt=\"Cours de pr\u00e9paration \u00e0 l&#039;examen TestDaF \u00e0 Bonn\" srcset=\"https:\/\/www.sprachschule-aktiv-bonn.de\/wp-content\/uploads\/2023\/04\/telc-deutsch-pruefungen-in-bonn-1-768x1024.jpg 768w, https:\/\/www.sprachschule-aktiv-bonn.de\/wp-content\/uploads\/2023\/04\/telc-deutsch-pruefungen-in-bonn-1-225x300.jpg 225w, https:\/\/www.sprachschule-aktiv-bonn.de\/wp-content\/uploads\/2023\/04\/telc-deutsch-pruefungen-in-bonn-1.jpg 800w\" sizes=\"(max-width: 768px) 100vw, 768px\" \/>\n<p>Vous avez besoin d&#8217;un examen pour acc\u00e9der \u00e0 un cursus universitaire ou d&#8217;un examen reconnu au niveau international ? Inscrivez-vous aux examens telc reconnus internationalement et passez votre examen avec nous \u00e0 Sprachschule Aktiv Bonn. Vous trouverez une pr\u00e9paration parfaite dans nos cours de pr\u00e9paration, o\u00f9 vous pourrez simuler l&#8217;examen en temps r\u00e9el et recevoir tous les conseils n\u00e9cessaires sur les strat\u00e9gies et la r\u00e9ussite de la part des examinateurs de telc.<\/p>\n<p>De A1 \u00e0 C2, vous pouvez faire certifier n&#8217;importe quel niveau d&#8217;allemand aux dates indiqu\u00e9es ci-dessous, ainsi que des langues \u00e9trang\u00e8res telles que l&#8217;anglais, l&#8217;espagnol, le fran\u00e7ais et bien d&#8217;autres langues sur demande. Si vous n&#8217;avez pas le temps de vous pr\u00e9senter \u00e0 nos dates d&#8217;examen, vous pouvez convenir avec nous d&#8217;une date d&#8217;examen individuelle. Nous nous ferons un plaisir de vous conseiller. De l&#8217;inscription au certificat.<\/p>\n<h2>Qui peut passer l&#8217;examen ?<\/h2>\n<p>En principe, toute personne souhaitant faire certifier ses comp\u00e9tences en allemand peut passer un examen Telc. Les examens sont propos\u00e9s \u00e0 diff\u00e9rents niveaux, allant de A1 \u00e0 C2. Selon le niveau, diff\u00e9rentes comp\u00e9tences en allemand sont test\u00e9es, par exemple la compr\u00e9hension \u00e9crite, la compr\u00e9hension orale, l&#8217;expression \u00e9crite et orale.<br \/>Il existe \u00e9galement des cours sp\u00e9ciaux de pr\u00e9paration \u00e0 l&#8217;examen Telc \u00e0 la Sprachschule Aktiv de Bonn, qui vous pr\u00e9parent \u00e0 l&#8217;examen de la meilleure fa\u00e7on possible et \u00e0 moindre co\u00fbt.<\/p>\n<p><a href=\"#\">Demande rapide<\/a>\t\t<\/p>\n<h2>Conditions d&#8217;admission \u00e0 l&#8217;universit\u00e9 :<\/h2>\n<p>Pour la candidature ou l&#8217;admission \u00e0 un premier programme d&#8217;\u00e9tudes (baccalaur\u00e9at ou examen d&#8217;\u00c9tat), il est n\u00e9cessaire de prouver ses comp\u00e9tences en allemand \u00e0 un niveau d&#8217;au moins C1. Un certificat telc sert de preuve reconnue et est id\u00e9al pour l&#8217;inscription. Pour les disciplines exigeant un niveau de langue tr\u00e8s \u00e9lev\u00e9, comme le droit, la m\u00e9decine ou la psychologie, il est m\u00eame conseill\u00e9 d&#8217;obtenir un certificat C2.<\/p>\n<p>\u00c0 l&#8217;universit\u00e9 de Cologne, les certificats suivants sont reconnus comme rempla\u00e7ant le DSH 2 :<\/p>\n<ul>\n<li>Examen de langue allemande pour l&#8217;admission \u00e0 l&#8217;universit\u00e9 (DSH-2 ou DSH-3)*.<\/li>\n<li>TestDaF (allemand langue \u00e9trang\u00e8re) avec le niveau 4 dans les quatre parties de l&#8217;examen<\/li>\n<li>Certificat Goethe C2<\/li>\n<li>telc Allemand C1 Universit\u00e9<\/li>\n<li>telc allemand C2<\/li>\n<\/ul>\n<p>*Dans certaines universit\u00e9s, il n&#8217;est pas possible de passer l&#8217;examen DSH, car vous ne pouvez vous inscrire aux cours DSH que si vous avez d\u00e9j\u00e0 \u00e9t\u00e9 admis \u00e0 l&#8217;universit\u00e9.<\/p>\n<p><a href=\"#\">Demande de cours de langue \u00e0 Bonn<\/a>\t\t<\/p>\n<h2>Vous devez apporter ce niveau de langue avec vous<\/h2>\n<p>Notre \u00e9cole propose un cours de pr\u00e9paration \u00e0 l&#8217;examen Telc qui, d&#8217;apr\u00e8s les r\u00e9sultats des examens Telc pr\u00e9c\u00e9dents, est tr\u00e8s efficace. 94,40 % des \u00e9tudiants qui ont suivi ce cours ont r\u00e9ussi l&#8217;examen, contre 56,76 % des \u00e9tudiants qui n&#8217;ont pas suivi de cours de pr\u00e9paration. Le cours se d\u00e9roule dans le cadre de nos cours intensifs, de sorte que vous n&#8217;avez pas besoin d&#8217;un cours suppl\u00e9mentaire et que vous pouvez \u00e9conomiser de l&#8217;argent. Les \u00e9l\u00e9ments de l&#8217;examen sont pratiqu\u00e9s de mani\u00e8re intensive pendant le cours et simul\u00e9s en temps r\u00e9el afin d&#8217;augmenter de mani\u00e8re significative vos chances de r\u00e9ussite. Vous aurez besoin d&#8217;un passeport ou d&#8217;une carte d&#8217;identit\u00e9, d&#8217;un crayon, d&#8217;un taille-crayon et d&#8217;une gomme pour l&#8217;examen. L&#8217;examen se compose d&#8217;une partie \u00e9crite et d&#8217;une partie orale. La partie \u00e9crite dure environ 3,5 heures et la partie orale environ 15 \u00e0 20 minutes. Le r\u00e9sultat de l&#8217;examen et le certificat d&#8217;examen vous seront envoy\u00e9s automatiquement par courrier \u00e9lectronique environ 5 \u00e0 6 semaines apr\u00e8s l&#8217;examen. Vous pouvez r\u00e9p\u00e9ter l&#8217;examen autant de fois que vous le souhaitez et demander des dates individuelles pour un examen non programm\u00e9. Le nombre minimum de participants au cours et \u00e0 l&#8217;examen est de 3. Les frais d&#8217;examen telc comprennent tous les co\u00fbts, mais des frais d&#8217;inscription de 15 \u20ac sont factur\u00e9s. Dans l&#8217;ensemble, nous recommandons notre cours de pr\u00e9paration \u00e0 l&#8217;examen telc pour maximiser vos chances de r\u00e9ussite. Inscrivez-vous d\u00e8s maintenant et assurez votre place dans le prochain cours !<\/p>\n<h2>Pr\u00e9paration dans nos cours intensifs<\/h2>\n<p>\t\thttps:\/\/www.youtube.com\/watch?v=54-5aCU96MM<\/p>\n<p>Sprachschule Aktiv Bonn propose des cours de pr\u00e9paration \u00e0 l&#8217;examen telc pour tous les niveaux. Pendant les quatre semaines pr\u00e9c\u00e9dant l&#8217;examen, vous pratiquerez les strat\u00e9gies et le programme de l&#8217;examen \u00e9crit et oral du telc avec nos enseignants professionnels, dont la plupart sont des examinateurs du telc, dans le cadre d&#8217;un cours intensif cinq fois par semaine. Vous aurez acc\u00e8s \u00e0 d&#8217;anciens mod\u00e8les de tests et d&#8217;examens et \u00e0 des simulations en temps r\u00e9el. Nos professeurs vous donneront des conseils et des suggestions sur la meilleure fa\u00e7on de passer l&#8217;examen avec un maximum de succ\u00e8s. Vous n&#8217;\u00eates pas s\u00fbr de vous ?\u00a0 Selon les statistiques, 94,40 % des \u00e9tudiants qui ont suivi un cours de pr\u00e9paration chez nous r\u00e9ussissent l&#8217;examen telc. Augmentez vos chances d\u00e8s maintenant !<\/p>\n<h2>Les co\u00fbts du cours de pr\u00e9paration \u00e0 l&#8217;examen telc \u00e0 Bonn<\/h2>\n<p>La dur\u00e9e du cours d\u00e9pend de votre formation ant\u00e9rieure. Comptez au moins huit semaines par niveau.<\/p>\n<p>Le cours a lieu du lundi au vendredi de 9h00 \u00e0 12h00.<\/p>\n<p><strong>Dates de d\u00e9but<\/strong> : le premier lundi du mois<br \/><strong>Dates de d\u00e9but<\/strong> : le premier lundi du mois : Du lundi au vendredi de 9h00 \u00e0 12h00<br \/><strong>Nos co\u00fbts :<\/strong><br \/>Une semaine : 199 euros<br \/>Deux semaines : 299 euros<br \/>Trois semaines : 349 euros<br \/>Quatre semaines : 399 euros<\/p>\n<p><a href=\"#\">Inscription aux cours de langues \u00e0 Bonn<\/a>\t\t<\/p>\n<h2>Voici comment se d\u00e9roule l&#8217;examen telc<\/h2>\n<p>L&#8217;examen se compose d&#8217;une partie \u00e9crite et d&#8217;une partie orale. La partie \u00e9crite consiste en une compr\u00e9hension \u00e9crite, une compr\u00e9hension orale et une expression \u00e9crite. Cette partie dure environ 3,5 heures avec une pause de 20 minutes. La partie orale se d\u00e9roule g\u00e9n\u00e9ralement sous la forme d&#8217;un examen de groupe avec 2 ou 3 autres participants.<\/p>\n<p>Elle dure environ 15 \u00e0 20 minutes. Vous disposez de 20 minutes pour vous pr\u00e9parer avant l&#8217;examen oral.<\/p>\n<p>Passeport ou carte d&#8217;identit\u00e9. Vous aurez besoin d&#8217;un crayon, d&#8217;un taille-crayon et d&#8217;une gomme. Vous ne pouvez \u00e9crire qu&#8217;avec un crayon. Les stylos \u00e0 bille ou similaires sont interdits.<br \/>Vous pouvez repasser l&#8217;examen autant de fois que vous le souhaitez.<\/p>\n<p>La taxe d&#8217;examen doit \u00eatre pay\u00e9e au plus tard \u00e0 la date limite d&#8217;inscription pour le niveau concern\u00e9. Le prix du cours de pr\u00e9paration \u00e0 l&#8217;examen pour le niveau concern\u00e9 est d\u00fb au plus tard au d\u00e9but du cours. Si vous ne pouvez pas vous pr\u00e9senter pour des raisons de sant\u00e9, les frais d&#8217;examen vous seront rembours\u00e9s sur pr\u00e9sentation d&#8217;un certificat m\u00e9dical, d\u00e9duction faite d&#8217;une taxe d&#8217;annulation de 80,00 euros.<\/p>\n<p>Vous recevrez le r\u00e9sultat de l&#8217;examen et le certificat d&#8217;examen automatiquement par e-mail environ 5 \u00e0 6 semaines apr\u00e8s l&#8217;examen. L&#8217;examen est corrig\u00e9 \u00e0 l&#8217;Institut telc de Francfort, Sprachschule Aktiv K\u00f6ln n&#8217;a donc aucune influence sur le temps de correction n\u00e9cessaire et n&#8217;en est pas responsable.<br \/>Nous vous contacterons automatiquement lorsque le r\u00e9sultat sera disponible ! Si vous le souhaitez, nous pouvons vous envoyer le certificat par la poste.<\/p>\n<h2>Dates individuelles<\/h2>\n<p>Vous pouvez nous communiquer la date de votre choix pour un examen telc s\u00e9par\u00e9. Nous v\u00e9rifierons alors si nous disposons du nombre minimum de participants pour un examen non programm\u00e9 et si nous pouvons organiser l&#8217;examen \u00e0 la date souhait\u00e9e, ou nous vous ferons une offre s\u00e9par\u00e9e pour l&#8217;organisation de l&#8217;examen. En cas d&#8217;urgence, nous pouvons \u00e9galement organiser un examen priv\u00e9 pour vous.<\/p>\n<p>Cr\u00e9ez d\u00e8s maintenant les conditions n\u00e9cessaires \u00e0 la r\u00e9ussite de vos \u00e9tudes<br \/>Les \u00e9tudes \u00e0 Bonn sont exigeantes et presque impossibles si vous ne parlez pas parfaitement l&#8217;allemand. Inscrivez-vous d\u00e8s aujourd&#8217;hui \u00e0 un cours d&#8217;allemand \u00e0 la Sprachschule Aktiv de Bonn et cr\u00e9ez les conditions n\u00e9cessaires \u00e0 la r\u00e9ussite de vos \u00e9tudes.<\/p>\n","protected":false},"excerpt":{"rendered":"<p>Vous avez besoin d&#8217;un examen pour acc\u00e9der \u00e0 un cursus universitaire ou d&#8217;un examen reconnu au niveau international ? Inscrivez-vous aux examens telc reconnus internationalement et passez votre examen avec nous \u00e0 Sprachschule Aktiv Bonn. Vous trouverez une pr\u00e9paration parfaite dans nos cours de pr\u00e9paration, o\u00f9 vous pourrez simuler l&#8217;examen en temps r\u00e9el et recevoir&hellip; <a class=\"read-more\" href=\"https:\/\/www.sprachschule-aktiv-bonn.de\/fr\/examens-dallemand-telc\/\" title=\"Read Examens d&#8217;allemand telc \u00e0 Bonn\">Read more &raquo;<\/a><\/p>\n","protected":false},"author":2,"featured_media":0,"parent":0,"menu_order":0,"comment_status":"closed","ping_status":"closed","template":"","meta":{"footnotes":""},"class_list":["post-2060","page","type-page","status-publish","hentry"],"yoast_head":"<!-- This site is optimized with the Yoast SEO plugin v27.2 - https:\/\/yoast.com\/product\/yoast-seo-wordpress\/ -->\n<title>Examens d&#039;allemand telc \u00e0 Bonn<\/title>\n<meta name=\"description\" content=\"Cours de pr\u00e9paration au TestDaF \u00e0 Bonn avec cours d&#039;essai gratuit et test de langue. Un cours intensif de 4 semaines co\u00fbte 399 \u20ac. Renseignez-vous maintenant !\" \/>\n<meta name=\"robots\" content=\"index, follow, max-snippet:-1, max-image-preview:large, max-video-preview:-1\" \/>\n<link rel=\"canonical\" href=\"https:\/\/www.sprachschule-aktiv-bonn.de\/fr\/examens-dallemand-telc\/\" \/>\n<meta property=\"og:locale\" content=\"fr_FR\" \/>\n<meta property=\"og:type\" content=\"article\" \/>\n<meta property=\"og:title\" content=\"Examens d&#039;allemand telc \u00e0 Bonn\" \/>\n<meta property=\"og:description\" content=\"Cours de pr\u00e9paration au TestDaF \u00e0 Bonn avec cours d&#039;essai gratuit et test de langue. Un cours intensif de 4 semaines co\u00fbte 399 \u20ac. Renseignez-vous maintenant !\" \/>\n<meta property=\"og:url\" content=\"https:\/\/www.sprachschule-aktiv-bonn.de\/fr\/examens-dallemand-telc\/\" \/>\n<meta property=\"og:site_name\" content=\"Sprachschule Aktiv Bonn\" \/>\n<meta property=\"article:modified_time\" content=\"2026-03-24T19:03:02+00:00\" \/>\n<meta property=\"og:image\" content=\"https:\/\/www.sprachschule-aktiv-bonn.de\/wp-content\/uploads\/2023\/04\/telc-deutsch-pruefungen-in-bonn-1.jpg\" \/>\n\t<meta property=\"og:image:width\" content=\"800\" \/>\n\t<meta property=\"og:image:height\" content=\"1067\" \/>\n\t<meta property=\"og:image:type\" content=\"image\/jpeg\" \/>\n<meta name=\"twitter:card\" content=\"summary_large_image\" \/>\n<meta name=\"twitter:label1\" content=\"Dur\u00e9e de lecture estim\u00e9e\" \/>\n\t<meta name=\"twitter:data1\" content=\"7 minutes\" \/>\n<script type=\"application\/ld+json\" class=\"yoast-schema-graph\">{\"@context\":\"https:\/\/schema.org\",\"@graph\":[{\"@type\":\"WebPage\",\"@id\":\"https:\/\/www.sprachschule-aktiv-bonn.de\/fr\/examens-dallemand-telc\/\",\"url\":\"https:\/\/www.sprachschule-aktiv-bonn.de\/fr\/examens-dallemand-telc\/\",\"name\":\"Examens d'allemand telc \u00e0 Bonn\",\"isPartOf\":{\"@id\":\"https:\/\/www.sprachschule-aktiv-bonn.de\/#website\"},\"primaryImageOfPage\":{\"@id\":\"https:\/\/www.sprachschule-aktiv-bonn.de\/fr\/examens-dallemand-telc\/#primaryimage\"},\"image\":{\"@id\":\"https:\/\/www.sprachschule-aktiv-bonn.de\/fr\/examens-dallemand-telc\/#primaryimage\"},\"thumbnailUrl\":\"https:\/\/www.sprachschule-aktiv-bonn.de\/wp-content\/uploads\/2023\/04\/telc-deutsch-pruefungen-in-bonn-1-768x1024.jpg\",\"datePublished\":\"2022-05-31T05:27:58+00:00\",\"dateModified\":\"2026-03-24T19:03:02+00:00\",\"description\":\"Cours de pr\u00e9paration au TestDaF \u00e0 Bonn avec cours d'essai gratuit et test de langue. Un cours intensif de 4 semaines co\u00fbte 399 \u20ac. Renseignez-vous maintenant !\",\"breadcrumb\":{\"@id\":\"https:\/\/www.sprachschule-aktiv-bonn.de\/fr\/examens-dallemand-telc\/#breadcrumb\"},\"inLanguage\":\"fr-FR\",\"potentialAction\":[{\"@type\":\"ReadAction\",\"target\":[\"https:\/\/www.sprachschule-aktiv-bonn.de\/fr\/examens-dallemand-telc\/\"]}]},{\"@type\":\"ImageObject\",\"inLanguage\":\"fr-FR\",\"@id\":\"https:\/\/www.sprachschule-aktiv-bonn.de\/fr\/examens-dallemand-telc\/#primaryimage\",\"url\":\"https:\/\/www.sprachschule-aktiv-bonn.de\/wp-content\/uploads\/2023\/04\/telc-deutsch-pruefungen-in-bonn-1-768x1024.jpg\",\"contentUrl\":\"https:\/\/www.sprachschule-aktiv-bonn.de\/wp-content\/uploads\/2023\/04\/telc-deutsch-pruefungen-in-bonn-1-768x1024.jpg\"},{\"@type\":\"BreadcrumbList\",\"@id\":\"https:\/\/www.sprachschule-aktiv-bonn.de\/fr\/examens-dallemand-telc\/#breadcrumb\",\"itemListElement\":[{\"@type\":\"ListItem\",\"position\":1,\"name\":\"Startseite\",\"item\":\"https:\/\/www.sprachschule-aktiv-bonn.de\/fr\/\"},{\"@type\":\"ListItem\",\"position\":2,\"name\":\"Examens d&#8217;allemand telc \u00e0 Bonn\"}]},{\"@type\":\"WebSite\",\"@id\":\"https:\/\/www.sprachschule-aktiv-bonn.de\/#website\",\"url\":\"https:\/\/www.sprachschule-aktiv-bonn.de\/\",\"name\":\"Sprachschule Aktiv Bonn\",\"description\":\"\",\"potentialAction\":[{\"@type\":\"SearchAction\",\"target\":{\"@type\":\"EntryPoint\",\"urlTemplate\":\"https:\/\/www.sprachschule-aktiv-bonn.de\/?s={search_term_string}\"},\"query-input\":{\"@type\":\"PropertyValueSpecification\",\"valueRequired\":true,\"valueName\":\"search_term_string\"}}],\"inLanguage\":\"fr-FR\"}]}<\/script>\n<!-- \/ Yoast SEO plugin. -->","yoast_head_json":{"title":"Examens d'allemand telc \u00e0 Bonn","description":"Cours de pr\u00e9paration au TestDaF \u00e0 Bonn avec cours d'essai gratuit et test de langue. Un cours intensif de 4 semaines co\u00fbte 399 \u20ac. Renseignez-vous maintenant !","robots":{"index":"index","follow":"follow","max-snippet":"max-snippet:-1","max-image-preview":"max-image-preview:large","max-video-preview":"max-video-preview:-1"},"canonical":"https:\/\/www.sprachschule-aktiv-bonn.de\/fr\/examens-dallemand-telc\/","og_locale":"fr_FR","og_type":"article","og_title":"Examens d'allemand telc \u00e0 Bonn","og_description":"Cours de pr\u00e9paration au TestDaF \u00e0 Bonn avec cours d'essai gratuit et test de langue. Un cours intensif de 4 semaines co\u00fbte 399 \u20ac. Renseignez-vous maintenant !","og_url":"https:\/\/www.sprachschule-aktiv-bonn.de\/fr\/examens-dallemand-telc\/","og_site_name":"Sprachschule Aktiv Bonn","article_modified_time":"2026-03-24T19:03:02+00:00","og_image":[{"width":800,"height":1067,"url":"https:\/\/www.sprachschule-aktiv-bonn.de\/wp-content\/uploads\/2023\/04\/telc-deutsch-pruefungen-in-bonn-1.jpg","type":"image\/jpeg"}],"twitter_card":"summary_large_image","twitter_misc":{"Dur\u00e9e de lecture estim\u00e9e":"7 minutes"},"schema":{"@context":"https:\/\/schema.org","@graph":[{"@type":"WebPage","@id":"https:\/\/www.sprachschule-aktiv-bonn.de\/fr\/examens-dallemand-telc\/","url":"https:\/\/www.sprachschule-aktiv-bonn.de\/fr\/examens-dallemand-telc\/","name":"Examens d'allemand telc \u00e0 Bonn","isPartOf":{"@id":"https:\/\/www.sprachschule-aktiv-bonn.de\/#website"},"primaryImageOfPage":{"@id":"https:\/\/www.sprachschule-aktiv-bonn.de\/fr\/examens-dallemand-telc\/#primaryimage"},"image":{"@id":"https:\/\/www.sprachschule-aktiv-bonn.de\/fr\/examens-dallemand-telc\/#primaryimage"},"thumbnailUrl":"https:\/\/www.sprachschule-aktiv-bonn.de\/wp-content\/uploads\/2023\/04\/telc-deutsch-pruefungen-in-bonn-1-768x1024.jpg","datePublished":"2022-05-31T05:27:58+00:00","dateModified":"2026-03-24T19:03:02+00:00","description":"Cours de pr\u00e9paration au TestDaF \u00e0 Bonn avec cours d'essai gratuit et test de langue. Un cours intensif de 4 semaines co\u00fbte 399 \u20ac. Renseignez-vous maintenant !","breadcrumb":{"@id":"https:\/\/www.sprachschule-aktiv-bonn.de\/fr\/examens-dallemand-telc\/#breadcrumb"},"inLanguage":"fr-FR","potentialAction":[{"@type":"ReadAction","target":["https:\/\/www.sprachschule-aktiv-bonn.de\/fr\/examens-dallemand-telc\/"]}]},{"@type":"ImageObject","inLanguage":"fr-FR","@id":"https:\/\/www.sprachschule-aktiv-bonn.de\/fr\/examens-dallemand-telc\/#primaryimage","url":"https:\/\/www.sprachschule-aktiv-bonn.de\/wp-content\/uploads\/2023\/04\/telc-deutsch-pruefungen-in-bonn-1-768x1024.jpg","contentUrl":"https:\/\/www.sprachschule-aktiv-bonn.de\/wp-content\/uploads\/2023\/04\/telc-deutsch-pruefungen-in-bonn-1-768x1024.jpg"},{"@type":"BreadcrumbList","@id":"https:\/\/www.sprachschule-aktiv-bonn.de\/fr\/examens-dallemand-telc\/#breadcrumb","itemListElement":[{"@type":"ListItem","position":1,"name":"Startseite","item":"https:\/\/www.sprachschule-aktiv-bonn.de\/fr\/"},{"@type":"ListItem","position":2,"name":"Examens d&#8217;allemand telc \u00e0 Bonn"}]},{"@type":"WebSite","@id":"https:\/\/www.sprachschule-aktiv-bonn.de\/#website","url":"https:\/\/www.sprachschule-aktiv-bonn.de\/","name":"Sprachschule Aktiv Bonn","description":"","potentialAction":[{"@type":"SearchAction","target":{"@type":"EntryPoint","urlTemplate":"https:\/\/www.sprachschule-aktiv-bonn.de\/?s={search_term_string}"},"query-input":{"@type":"PropertyValueSpecification","valueRequired":true,"valueName":"search_term_string"}}],"inLanguage":"fr-FR"}]}},"_links":{"self":[{"href":"https:\/\/www.sprachschule-aktiv-bonn.de\/fr\/wp-json\/wp\/v2\/pages\/2060","targetHints":{"allow":["GET"]}}],"collection":[{"href":"https:\/\/www.sprachschule-aktiv-bonn.de\/fr\/wp-json\/wp\/v2\/pages"}],"about":[{"href":"https:\/\/www.sprachschule-aktiv-bonn.de\/fr\/wp-json\/wp\/v2\/types\/page"}],"author":[{"embeddable":true,"href":"https:\/\/www.sprachschule-aktiv-bonn.de\/fr\/wp-json\/wp\/v2\/users\/2"}],"replies":[{"embeddable":true,"href":"https:\/\/www.sprachschule-aktiv-bonn.de\/fr\/wp-json\/wp\/v2\/comments?post=2060"}],"version-history":[{"count":7,"href":"https:\/\/www.sprachschule-aktiv-bonn.de\/fr\/wp-json\/wp\/v2\/pages\/2060\/revisions"}],"predecessor-version":[{"id":7542,"href":"https:\/\/www.sprachschule-aktiv-bonn.de\/fr\/wp-json\/wp\/v2\/pages\/2060\/revisions\/7542"}],"wp:attachment":[{"href":"https:\/\/www.sprachschule-aktiv-bonn.de\/fr\/wp-json\/wp\/v2\/media?parent=2060"}],"curies":[{"name":"wp","href":"https:\/\/api.w.org\/{rel}","templated":true}]}}