{"id":2024,"date":"2022-06-04T06:57:16","date_gmt":"2022-06-04T04:57:16","guid":{"rendered":"https:\/\/www.sprachschule-aktiv-bonn.de\/krankenversicherung-fuer-deutschlerner\/"},"modified":"2026-03-24T20:08:04","modified_gmt":"2026-03-24T19:08:04","slug":"assurance-maladie-pour-les-etudiants-allemands","status":"publish","type":"page","link":"https:\/\/www.sprachschule-aktiv-bonn.de\/fr\/assurance-maladie-pour-les-etudiants-allemands\/","title":{"rendered":"Assurance maladie pour les \u00e9tudiants allemands \u00e0 Bonn"},"content":{"rendered":"\t\t<div data-elementor-type=\"wp-page\" data-elementor-id=\"2024\" class=\"elementor elementor-2024 elementor-449\">\n\t\t\t\t\t\t<section class=\"elementor-section elementor-top-section elementor-element elementor-element-8d99744 elementor-section-boxed elementor-section-height-default elementor-section-height-default\" data-id=\"8d99744\" data-element_type=\"section\" data-e-type=\"section\">\n\t\t\t\t\t\t<div class=\"elementor-container elementor-column-gap-default\">\n\t\t\t\t\t<div class=\"elementor-column elementor-col-100 elementor-top-column elementor-element elementor-element-f673ade\" data-id=\"f673ade\" data-element_type=\"column\" data-e-type=\"column\">\n\t\t\t<div class=\"elementor-widget-wrap elementor-element-populated\">\n\t\t\t\t\t\t<section class=\"elementor-section elementor-inner-section elementor-element elementor-element-49c5175 elementor-section-content-middle elementor-section-boxed elementor-section-height-default elementor-section-height-default\" data-id=\"49c5175\" data-element_type=\"section\" data-e-type=\"section\">\n\t\t\t\t\t\t<div class=\"elementor-container elementor-column-gap-default\">\n\t\t\t\t\t<div class=\"elementor-column elementor-col-50 elementor-inner-column elementor-element elementor-element-3c578c8\" data-id=\"3c578c8\" data-element_type=\"column\" data-e-type=\"column\">\n\t\t\t<div class=\"elementor-widget-wrap elementor-element-populated\">\n\t\t\t\t\t\t<div class=\"elementor-element elementor-element-be0ea03 elementor-widget elementor-widget-image\" data-id=\"be0ea03\" data-element_type=\"widget\" data-e-type=\"widget\" data-widget_type=\"image.default\">\n\t\t\t\t<div class=\"elementor-widget-container\">\n\t\t\t\t\t\t\t\t\t\t\t\t\t\t\t<img fetchpriority=\"high\" decoding=\"async\" width=\"1024\" height=\"576\" src=\"https:\/\/www.sprachschule-aktiv-bonn.de\/wp-content\/uploads\/2023\/04\/krankenversicherung-fuer-deutschlerner-in-bonn-1024x576.webp\" class=\"attachment-large size-large wp-image-2027\" alt=\"Assurance maladie pour les apprenants d&#039;allemand \u00e0 Bonn\" srcset=\"https:\/\/www.sprachschule-aktiv-bonn.de\/wp-content\/uploads\/2023\/04\/krankenversicherung-fuer-deutschlerner-in-bonn-1024x576.webp 1024w, https:\/\/www.sprachschule-aktiv-bonn.de\/wp-content\/uploads\/2023\/04\/krankenversicherung-fuer-deutschlerner-in-bonn-300x169.webp 300w, https:\/\/www.sprachschule-aktiv-bonn.de\/wp-content\/uploads\/2023\/04\/krankenversicherung-fuer-deutschlerner-in-bonn-768x432.webp 768w, https:\/\/www.sprachschule-aktiv-bonn.de\/wp-content\/uploads\/2023\/04\/krankenversicherung-fuer-deutschlerner-in-bonn.webp 1280w\" sizes=\"(max-width: 1024px) 100vw, 1024px\" \/>\t\t\t\t\t\t\t\t\t\t\t\t\t\t\t<\/div>\n\t\t\t\t<\/div>\n\t\t\t\t\t<\/div>\n\t\t<\/div>\n\t\t\t\t<div class=\"elementor-column elementor-col-50 elementor-inner-column elementor-element elementor-element-378067f\" data-id=\"378067f\" data-element_type=\"column\" data-e-type=\"column\">\n\t\t\t<div class=\"elementor-widget-wrap elementor-element-populated\">\n\t\t\t\t\t\t<div class=\"elementor-element elementor-element-0e21f3a elementor-widget elementor-widget-text-editor\" data-id=\"0e21f3a\" data-element_type=\"widget\" data-e-type=\"widget\" data-widget_type=\"text-editor.default\">\n\t\t\t\t<div class=\"elementor-widget-container\">\n\t\t\t\t\t\t\t\t\t<p>Il est tr\u00e8s important que les \u00e9tudiants \u00e9trangers en Allemagne disposent d&#8217;une assurance maladie. S&#8217;ils ne sont pas d\u00e9j\u00e0 couverts par l&#8217;assurance obligatoire, ils doivent souscrire une assurance maladie appropri\u00e9e \u00e0 un stade pr\u00e9coce avant de d\u00e9poser leur demande de visa. Une assurance maladie valide est une condition pr\u00e9alable \u00e0 la demande de visa en Allemagne. La demande peut \u00eatre effectu\u00e9e en ligne en quelques minutes. Il est toutefois conseill\u00e9 de se renseigner au pr\u00e9alable sur les diff\u00e9rentes possibilit\u00e9s d&#8217;assurance, car l&#8217;\u00e9tendue de l&#8217;assurance peut varier en fonction du fournisseur. En choisissant soigneusement la bonne assurance, vous pouvez \u00e9conomiser beaucoup d&#8217;argent tout en b\u00e9n\u00e9ficiant de soins de qualit\u00e9. Nous sommes l\u00e0 pour vous aider \u00e0 trouver la bonne assurance maladie. Nous travaillons avec un fournisseur r\u00e9put\u00e9 et digne de confiance.<\/p>\t\t\t\t\t\t\t\t<\/div>\n\t\t\t\t<\/div>\n\t\t\t\t\t<\/div>\n\t\t<\/div>\n\t\t\t\t\t<\/div>\n\t\t<\/section>\n\t\t\t\t<div class=\"elementor-element elementor-element-d9a92b6 elementor-widget elementor-widget-heading\" data-id=\"d9a92b6\" data-element_type=\"widget\" data-e-type=\"widget\" data-widget_type=\"heading.default\">\n\t\t\t\t<div class=\"elementor-widget-container\">\n\t\t\t\t\t<h2 class=\"elementor-heading-title elementor-size-default\">Trouver la bonne assurance<\/h2>\t\t\t\t<\/div>\n\t\t\t\t<\/div>\n\t\t\t\t<section class=\"elementor-section elementor-inner-section elementor-element elementor-element-3fca0b9 elementor-section-boxed elementor-section-height-default elementor-section-height-default\" data-id=\"3fca0b9\" data-element_type=\"section\" data-e-type=\"section\">\n\t\t\t\t\t\t<div class=\"elementor-container elementor-column-gap-default\">\n\t\t\t\t\t<div class=\"elementor-column elementor-col-100 elementor-inner-column elementor-element elementor-element-31fa155\" data-id=\"31fa155\" data-element_type=\"column\" data-e-type=\"column\">\n\t\t\t<div class=\"elementor-widget-wrap elementor-element-populated\">\n\t\t\t\t\t\t<div class=\"elementor-element elementor-element-bf4145f elementor-widget elementor-widget-text-editor\" data-id=\"bf4145f\" data-element_type=\"widget\" data-e-type=\"widget\" data-widget_type=\"text-editor.default\">\n\t\t\t\t<div class=\"elementor-widget-container\">\n\t\t\t\t\t\t\t\t\t<p>Trouver la bonne assurance maladie n&#8217;est pas un probl\u00e8me. Il suffit d&#8217;aller sur Internet et vous avez imm\u00e9diatement le choix entre d&#8217;innombrables prestataires. Mais c&#8217;est l\u00e0 que le b\u00e2t blesse : quelle compagnie offre le meilleur rapport qualit\u00e9-prix pour l&#8217;\u00e9tudiant en langues ? Une comparaison directe n&#8217;est pas toujours facile, car les tarifs sont diff\u00e9rents. L&#8217;\u00e9cole de langues Aktiv \u00e0 Bonn a fait de bonnes exp\u00e9riences avec la compagnie d&#8217;assurance Care Concept. Cette compagnie propose des assurances pour les \u00e9tudiants et les \u00e9tudiants en langues.<\/p>\t\t\t\t\t\t\t\t<\/div>\n\t\t\t\t<\/div>\n\t\t\t\t<div class=\"elementor-element elementor-element-2e7b2d4 elementor-widget elementor-widget-text-editor\" data-id=\"2e7b2d4\" data-element_type=\"widget\" data-e-type=\"widget\" data-widget_type=\"text-editor.default\">\n\t\t\t\t<div class=\"elementor-widget-container\">\n\t\t\t\t\t\t\t\t\t<p><a class=\"whyaweb-anmeldung\" href=\"#\">Demander un cours de langue \u00e0 Bonn<\/a><\/p>\t\t\t\t\t\t\t\t<\/div>\n\t\t\t\t<\/div>\n\t\t\t\t\t<\/div>\n\t\t<\/div>\n\t\t\t\t\t<\/div>\n\t\t<\/section>\n\t\t\t\t<div class=\"elementor-element elementor-element-f9fe150 elementor-widget elementor-widget-heading\" data-id=\"f9fe150\" data-element_type=\"widget\" data-e-type=\"widget\" data-widget_type=\"heading.default\">\n\t\t\t\t<div class=\"elementor-widget-container\">\n\t\t\t\t\t<h2 class=\"elementor-heading-title elementor-size-default\">Les conditions de l'assurance maladie<\/h2>\t\t\t\t<\/div>\n\t\t\t\t<\/div>\n\t\t\t\t<div class=\"elementor-element elementor-element-20a15a1 elementor-widget elementor-widget-text-editor\" data-id=\"20a15a1\" data-element_type=\"widget\" data-e-type=\"widget\" data-widget_type=\"text-editor.default\">\n\t\t\t\t<div class=\"elementor-widget-container\">\n\t\t\t\t\t\t\t\t\t<p>Notre partenaire de coop\u00e9ration est la compagnie d&#8217;assurance maladie Care Concept. L&#8217;assurance est sp\u00e9cialement adapt\u00e9e aux besoins des \u00e9tudiants en langues et propose des produits sur mesure. Elle peut \u00eatre souscrite sans probl\u00e8me jusqu&#8217;\u00e0 l&#8217;\u00e2ge de 35 ans. Les \u00e9tudiants en langues du monde entier qui souhaitent fr\u00e9quenter une \u00e9cole de langues en Allemagne ou en Autriche peuvent souscrire cette assurance. La protection id\u00e9ale pour apprendre l&#8217;allemand.<\/p>\t\t\t\t\t\t\t\t<\/div>\n\t\t\t\t<\/div>\n\t\t\t\t<div class=\"elementor-element elementor-element-a2f962c elementor-widget elementor-widget-heading\" data-id=\"a2f962c\" data-element_type=\"widget\" data-e-type=\"widget\" data-widget_type=\"heading.default\">\n\t\t\t\t<div class=\"elementor-widget-container\">\n\t\t\t\t\t<h2 class=\"elementor-heading-title elementor-size-default\">Les avantages du Care Concept<\/h2>\t\t\t\t<\/div>\n\t\t\t\t<\/div>\n\t\t\t\t<div class=\"elementor-element elementor-element-760f8e9 elementor-widget elementor-widget-text-editor\" data-id=\"760f8e9\" data-element_type=\"widget\" data-e-type=\"widget\" data-widget_type=\"text-editor.default\">\n\t\t\t\t<div class=\"elementor-widget-container\">\n\t\t\t\t\t\t\t\t\t<p>Vous b\u00e9n\u00e9ficiez des prestations habituelles de votre assurance maladie, c&#8217;est-\u00e0-dire de tous les traitements ambulatoires, dentaires et hospitaliers n\u00e9cessaires. Dans le cas d&#8217;une visite chez le dentiste, la participation aux frais d\u00e9pend du tarif choisi et, le cas \u00e9ch\u00e9ant, de son montant.<\/p>\t\t\t\t\t\t\t\t<\/div>\n\t\t\t\t<\/div>\n\t\t\t\t<div class=\"elementor-element elementor-element-7ae0aca elementor-widget elementor-widget-heading\" data-id=\"7ae0aca\" data-element_type=\"widget\" data-e-type=\"widget\" data-widget_type=\"heading.default\">\n\t\t\t\t<div class=\"elementor-widget-container\">\n\t\t\t\t\t<h2 class=\"elementor-heading-title elementor-size-default\">Voici les co\u00fbts auxquels vous devez vous attendre<\/h2>\t\t\t\t<\/div>\n\t\t\t\t<\/div>\n\t\t\t\t<div class=\"elementor-element elementor-element-b349d3d elementor-widget elementor-widget-text-editor\" data-id=\"b349d3d\" data-element_type=\"widget\" data-e-type=\"widget\" data-widget_type=\"text-editor.default\">\n\t\t\t\t<div class=\"elementor-widget-container\">\n\t\t\t\t\t\t\t\t\t<p>Avec tous les tarifs, vous b\u00e9n\u00e9ficiez d&#8217;un bon service de base qui couvre tous les domaines importants. Le tarif le moins cher s&#8217;appelle Care College Basis et ne co\u00fbte pas plus de 28 euros par mois. Avec ce tarif, le ticket mod\u00e9rateur est plus fr\u00e9quent. Care College Comfort offre un peu plus de services pour 35 euros par mois. Enfin, Care College Premium co\u00fbte 63 euros par mois. Ce tarif ne laisse gu\u00e8re \u00e0 d\u00e9sirer. Vous recevrez notamment 100 euros pour de nouvelles lunettes ou d&#8217;autres aides visuelles, et si vous avez besoin d&#8217;une proth\u00e8se dentaire \u00e0 la suite d&#8217;un accident, vous en recevrez une d&#8217;une valeur maximale de 2 500 euros. En cas de s\u00e9jour \u00e0 l&#8217;h\u00f4pital, vous recevrez une indemnit\u00e9 journali\u00e8re d&#8217;hospitalisation. Vous trouverez les conditions exactes sur la page d&#8217;accueil de Care Concept. Les prix indiqu\u00e9s sont valables pour une dur\u00e9e maximale de 18 mois. C&#8217;est largement suffisant pour un cours de langue.<\/p>\t\t\t\t\t\t\t\t<\/div>\n\t\t\t\t<\/div>\n\t\t\t\t<div class=\"elementor-element elementor-element-7000bd5 elementor-widget elementor-widget-heading\" data-id=\"7000bd5\" data-element_type=\"widget\" data-e-type=\"widget\" data-widget_type=\"heading.default\">\n\t\t\t\t<div class=\"elementor-widget-container\">\n\t\t\t\t\t<h2 class=\"elementor-heading-title elementor-size-default\">Comment souscrire l'assurance<\/h2>\t\t\t\t<\/div>\n\t\t\t\t<\/div>\n\t\t\t\t<div class=\"elementor-element elementor-element-ec63fb2 elementor-widget elementor-widget-text-editor\" data-id=\"ec63fb2\" data-element_type=\"widget\" data-e-type=\"widget\" data-widget_type=\"text-editor.default\">\n\t\t\t\t<div class=\"elementor-widget-container\">\n\t\t\t\t\t\t\t\t\t<p>Vous pouvez souscrire l&#8217;assurance maladie de Care Concept en toute simplicit\u00e9 via Internet. Remplissez soigneusement toutes les questions. Si vous le souhaitez, vous pouvez combiner l&#8217;assurance avec une assurance accident ou une assurance responsabilit\u00e9 civile. En quelques minutes, vous recevrez les documents d&#8217;assurance \u00e0 l&#8217;avance par e-mail et quelques jours plus tard par la poste. Lorsque vous entrez en Allemagne, vous devriez apporter une preuve de votre assurance maladie, car celle-ci est souvent une condition pr\u00e9alable \u00e0 l&#8217;entr\u00e9e sur le territoire.<\/p>\t\t\t\t\t\t\t\t<\/div>\n\t\t\t\t<\/div>\n\t\t\t\t<div class=\"elementor-element elementor-element-0a4ee0d elementor-widget elementor-widget-heading\" data-id=\"0a4ee0d\" data-element_type=\"widget\" data-e-type=\"widget\" data-widget_type=\"heading.default\">\n\t\t\t\t<div class=\"elementor-widget-container\">\n\t\t\t\t\t<h2 class=\"elementor-heading-title elementor-size-default\">B\u00e9n\u00e9ficier d'un bon traitement \u00e0 Bonn<\/h2>\t\t\t\t<\/div>\n\t\t\t\t<\/div>\n\t\t\t\t<section class=\"elementor-section elementor-inner-section elementor-element elementor-element-8e4a241 elementor-section-boxed elementor-section-height-default elementor-section-height-default\" data-id=\"8e4a241\" data-element_type=\"section\" data-e-type=\"section\">\n\t\t\t\t\t\t<div class=\"elementor-container elementor-column-gap-default\">\n\t\t\t\t\t<div class=\"elementor-column elementor-col-50 elementor-inner-column elementor-element elementor-element-00181c8\" data-id=\"00181c8\" data-element_type=\"column\" data-e-type=\"column\">\n\t\t\t<div class=\"elementor-widget-wrap elementor-element-populated\">\n\t\t\t\t\t\t<div class=\"elementor-element elementor-element-645589c elementor-widget elementor-widget-video\" data-id=\"645589c\" data-element_type=\"widget\" data-e-type=\"widget\" data-settings=\"{&quot;youtube_url&quot;:&quot;https:\\\/\\\/www.youtube.com\\\/watch?v=JOvJI8b4z_E&quot;,&quot;video_type&quot;:&quot;youtube&quot;,&quot;controls&quot;:&quot;yes&quot;}\" data-widget_type=\"video.default\">\n\t\t\t\t<div class=\"elementor-widget-container\">\n\t\t\t\t\t\t\t<div class=\"elementor-wrapper elementor-open-inline\">\n\t\t\t<div class=\"elementor-video\"><\/div>\t\t<\/div>\n\t\t\t\t\t\t<\/div>\n\t\t\t\t<\/div>\n\t\t\t\t\t<\/div>\n\t\t<\/div>\n\t\t\t\t<div class=\"elementor-column elementor-col-50 elementor-inner-column elementor-element elementor-element-9cc11cb\" data-id=\"9cc11cb\" data-element_type=\"column\" data-e-type=\"column\">\n\t\t\t<div class=\"elementor-widget-wrap elementor-element-populated\">\n\t\t\t\t\t\t<div class=\"elementor-element elementor-element-9a2c593 elementor-widget elementor-widget-text-editor\" data-id=\"9a2c593\" data-element_type=\"widget\" data-e-type=\"widget\" data-widget_type=\"text-editor.default\">\n\t\t\t\t<div class=\"elementor-widget-container\">\n\t\t\t\t\t\t\t\t\t<p>Comme vous l&#8217;avez vu, vous ne payez qu&#8217;une cotisation tr\u00e8s faible. Les employ\u00e9s assur\u00e9s obligatoirement paient plusieurs fois ce montant. Gr\u00e2ce \u00e0 ce tarif avantageux, vous b\u00e9n\u00e9ficiez des avantages d&#8217;un patient priv\u00e9.<\/p><p><br \/>L&#8217;Allemagne dispose d&#8217;un syst\u00e8me de sant\u00e9 tr\u00e8s d\u00e9velopp\u00e9. De nombreux patients du SHI n&#8217;en b\u00e9n\u00e9ficient que partiellement, car de nombreux m\u00e9decins ne leur prescrivent pas de m\u00e9dicaments innovants. En tant que patient priv\u00e9, vous b\u00e9n\u00e9ficiez toujours du meilleur traitement.<br \/>M\u00eame si vous vivez en Europe et que vous \u00eates assur\u00e9 dans votre pays d&#8217;origine, vous devriez envisager de souscrire une assurance maladie de voyage. En cas de maladie grave, votre assurance maladie ne prendra pas en charge le transport aller-retour vers votre pays d&#8217;origine, ce qui peut rapidement s&#8217;av\u00e9rer tr\u00e8s co\u00fbteux.<\/p>\t\t\t\t\t\t\t\t<\/div>\n\t\t\t\t<\/div>\n\t\t\t\t\t<\/div>\n\t\t<\/div>\n\t\t\t\t\t<\/div>\n\t\t<\/section>\n\t\t\t\t\t<\/div>\n\t\t<\/div>\n\t\t\t\t\t<\/div>\n\t\t<\/section>\n\t\t\t\t<\/div>\n\t\t","protected":false},"excerpt":{"rendered":"<p>Il est tr\u00e8s important que les \u00e9tudiants \u00e9trangers en Allemagne disposent d&#8217;une assurance maladie. S&#8217;ils ne sont pas d\u00e9j\u00e0 couverts par l&#8217;assurance obligatoire, ils doivent souscrire une assurance maladie appropri\u00e9e \u00e0 un stade pr\u00e9coce avant de d\u00e9poser leur demande de visa. Une assurance maladie valide est une condition pr\u00e9alable \u00e0 la demande de visa en&hellip; <a class=\"read-more\" href=\"https:\/\/www.sprachschule-aktiv-bonn.de\/fr\/assurance-maladie-pour-les-etudiants-allemands\/\" title=\"Read Assurance maladie pour les \u00e9tudiants allemands \u00e0 Bonn\">Read more &raquo;<\/a><\/p>\n","protected":false},"author":2,"featured_media":0,"parent":0,"menu_order":0,"comment_status":"closed","ping_status":"closed","template":"","meta":{"footnotes":""},"class_list":["post-2024","page","type-page","status-publish","hentry"],"yoast_head":"<!-- This site is optimized with the Yoast SEO plugin v27.2 - https:\/\/yoast.com\/product\/yoast-seo-wordpress\/ -->\n<title>Assurance maladie pour les \u00e9tudiants allemands \u00e0 Bonn<\/title>\n<meta name=\"description\" content=\"En tant qu&#039;\u00e9tudiant \u00e9tranger, vous aurez besoin dans la plupart des cas d&#039;une assurance maladie pour suivre un cours d&#039;allemand \u00e0 Bonn. Renseignez-vous maintenant !\" \/>\n<meta name=\"robots\" content=\"index, follow, max-snippet:-1, max-image-preview:large, max-video-preview:-1\" \/>\n<link rel=\"canonical\" href=\"https:\/\/www.sprachschule-aktiv-bonn.de\/fr\/assurance-maladie-pour-les-etudiants-allemands\/\" \/>\n<meta property=\"og:locale\" content=\"fr_FR\" \/>\n<meta property=\"og:type\" content=\"article\" \/>\n<meta property=\"og:title\" content=\"Assurance maladie pour les \u00e9tudiants allemands \u00e0 Bonn\" \/>\n<meta property=\"og:description\" content=\"En tant qu&#039;\u00e9tudiant \u00e9tranger, vous aurez besoin dans la plupart des cas d&#039;une assurance maladie pour suivre un cours d&#039;allemand \u00e0 Bonn. Renseignez-vous maintenant !\" \/>\n<meta property=\"og:url\" content=\"https:\/\/www.sprachschule-aktiv-bonn.de\/fr\/assurance-maladie-pour-les-etudiants-allemands\/\" \/>\n<meta property=\"og:site_name\" content=\"Sprachschule Aktiv Bonn\" \/>\n<meta property=\"article:modified_time\" content=\"2026-03-24T19:08:04+00:00\" \/>\n<meta property=\"og:image\" content=\"https:\/\/www.sprachschule-aktiv-bonn.de\/wp-content\/uploads\/2023\/04\/krankenversicherung-fuer-deutschlerner-in-bonn.webp\" \/>\n\t<meta property=\"og:image:width\" content=\"1280\" \/>\n\t<meta property=\"og:image:height\" content=\"720\" \/>\n\t<meta property=\"og:image:type\" content=\"image\/webp\" \/>\n<meta name=\"twitter:card\" content=\"summary_large_image\" \/>\n<meta name=\"twitter:label1\" content=\"Dur\u00e9e de lecture estim\u00e9e\" \/>\n\t<meta name=\"twitter:data1\" content=\"4 minutes\" \/>\n<script type=\"application\/ld+json\" class=\"yoast-schema-graph\">{\"@context\":\"https:\/\/schema.org\",\"@graph\":[{\"@type\":\"WebPage\",\"@id\":\"https:\/\/www.sprachschule-aktiv-bonn.de\/fr\/assurance-maladie-pour-les-etudiants-allemands\/\",\"url\":\"https:\/\/www.sprachschule-aktiv-bonn.de\/fr\/assurance-maladie-pour-les-etudiants-allemands\/\",\"name\":\"Assurance maladie pour les \u00e9tudiants allemands \u00e0 Bonn\",\"isPartOf\":{\"@id\":\"https:\/\/www.sprachschule-aktiv-bonn.de\/#website\"},\"primaryImageOfPage\":{\"@id\":\"https:\/\/www.sprachschule-aktiv-bonn.de\/fr\/assurance-maladie-pour-les-etudiants-allemands\/#primaryimage\"},\"image\":{\"@id\":\"https:\/\/www.sprachschule-aktiv-bonn.de\/fr\/assurance-maladie-pour-les-etudiants-allemands\/#primaryimage\"},\"thumbnailUrl\":\"https:\/\/www.sprachschule-aktiv-bonn.de\/wp-content\/uploads\/2023\/04\/krankenversicherung-fuer-deutschlerner-in-bonn-1024x576.webp\",\"datePublished\":\"2022-06-04T04:57:16+00:00\",\"dateModified\":\"2026-03-24T19:08:04+00:00\",\"description\":\"En tant qu'\u00e9tudiant \u00e9tranger, vous aurez besoin dans la plupart des cas d'une assurance maladie pour suivre un cours d'allemand \u00e0 Bonn. Renseignez-vous maintenant !\",\"breadcrumb\":{\"@id\":\"https:\/\/www.sprachschule-aktiv-bonn.de\/fr\/assurance-maladie-pour-les-etudiants-allemands\/#breadcrumb\"},\"inLanguage\":\"fr-FR\",\"potentialAction\":[{\"@type\":\"ReadAction\",\"target\":[\"https:\/\/www.sprachschule-aktiv-bonn.de\/fr\/assurance-maladie-pour-les-etudiants-allemands\/\"]}]},{\"@type\":\"ImageObject\",\"inLanguage\":\"fr-FR\",\"@id\":\"https:\/\/www.sprachschule-aktiv-bonn.de\/fr\/assurance-maladie-pour-les-etudiants-allemands\/#primaryimage\",\"url\":\"https:\/\/www.sprachschule-aktiv-bonn.de\/wp-content\/uploads\/2023\/04\/krankenversicherung-fuer-deutschlerner-in-bonn-1024x576.webp\",\"contentUrl\":\"https:\/\/www.sprachschule-aktiv-bonn.de\/wp-content\/uploads\/2023\/04\/krankenversicherung-fuer-deutschlerner-in-bonn-1024x576.webp\"},{\"@type\":\"BreadcrumbList\",\"@id\":\"https:\/\/www.sprachschule-aktiv-bonn.de\/fr\/assurance-maladie-pour-les-etudiants-allemands\/#breadcrumb\",\"itemListElement\":[{\"@type\":\"ListItem\",\"position\":1,\"name\":\"Startseite\",\"item\":\"https:\/\/www.sprachschule-aktiv-bonn.de\/fr\/\"},{\"@type\":\"ListItem\",\"position\":2,\"name\":\"Assurance maladie pour les \u00e9tudiants allemands \u00e0 Bonn\"}]},{\"@type\":\"WebSite\",\"@id\":\"https:\/\/www.sprachschule-aktiv-bonn.de\/#website\",\"url\":\"https:\/\/www.sprachschule-aktiv-bonn.de\/\",\"name\":\"Sprachschule Aktiv Bonn\",\"description\":\"\",\"potentialAction\":[{\"@type\":\"SearchAction\",\"target\":{\"@type\":\"EntryPoint\",\"urlTemplate\":\"https:\/\/www.sprachschule-aktiv-bonn.de\/?s={search_term_string}\"},\"query-input\":{\"@type\":\"PropertyValueSpecification\",\"valueRequired\":true,\"valueName\":\"search_term_string\"}}],\"inLanguage\":\"fr-FR\"}]}<\/script>\n<!-- \/ Yoast SEO plugin. -->","yoast_head_json":{"title":"Assurance maladie pour les \u00e9tudiants allemands \u00e0 Bonn","description":"En tant qu'\u00e9tudiant \u00e9tranger, vous aurez besoin dans la plupart des cas d'une assurance maladie pour suivre un cours d'allemand \u00e0 Bonn. Renseignez-vous maintenant !","robots":{"index":"index","follow":"follow","max-snippet":"max-snippet:-1","max-image-preview":"max-image-preview:large","max-video-preview":"max-video-preview:-1"},"canonical":"https:\/\/www.sprachschule-aktiv-bonn.de\/fr\/assurance-maladie-pour-les-etudiants-allemands\/","og_locale":"fr_FR","og_type":"article","og_title":"Assurance maladie pour les \u00e9tudiants allemands \u00e0 Bonn","og_description":"En tant qu'\u00e9tudiant \u00e9tranger, vous aurez besoin dans la plupart des cas d'une assurance maladie pour suivre un cours d'allemand \u00e0 Bonn. Renseignez-vous maintenant !","og_url":"https:\/\/www.sprachschule-aktiv-bonn.de\/fr\/assurance-maladie-pour-les-etudiants-allemands\/","og_site_name":"Sprachschule Aktiv Bonn","article_modified_time":"2026-03-24T19:08:04+00:00","og_image":[{"width":1280,"height":720,"url":"https:\/\/www.sprachschule-aktiv-bonn.de\/wp-content\/uploads\/2023\/04\/krankenversicherung-fuer-deutschlerner-in-bonn.webp","type":"image\/webp"}],"twitter_card":"summary_large_image","twitter_misc":{"Dur\u00e9e de lecture estim\u00e9e":"4 minutes"},"schema":{"@context":"https:\/\/schema.org","@graph":[{"@type":"WebPage","@id":"https:\/\/www.sprachschule-aktiv-bonn.de\/fr\/assurance-maladie-pour-les-etudiants-allemands\/","url":"https:\/\/www.sprachschule-aktiv-bonn.de\/fr\/assurance-maladie-pour-les-etudiants-allemands\/","name":"Assurance maladie pour les \u00e9tudiants allemands \u00e0 Bonn","isPartOf":{"@id":"https:\/\/www.sprachschule-aktiv-bonn.de\/#website"},"primaryImageOfPage":{"@id":"https:\/\/www.sprachschule-aktiv-bonn.de\/fr\/assurance-maladie-pour-les-etudiants-allemands\/#primaryimage"},"image":{"@id":"https:\/\/www.sprachschule-aktiv-bonn.de\/fr\/assurance-maladie-pour-les-etudiants-allemands\/#primaryimage"},"thumbnailUrl":"https:\/\/www.sprachschule-aktiv-bonn.de\/wp-content\/uploads\/2023\/04\/krankenversicherung-fuer-deutschlerner-in-bonn-1024x576.webp","datePublished":"2022-06-04T04:57:16+00:00","dateModified":"2026-03-24T19:08:04+00:00","description":"En tant qu'\u00e9tudiant \u00e9tranger, vous aurez besoin dans la plupart des cas d'une assurance maladie pour suivre un cours d'allemand \u00e0 Bonn. Renseignez-vous maintenant !","breadcrumb":{"@id":"https:\/\/www.sprachschule-aktiv-bonn.de\/fr\/assurance-maladie-pour-les-etudiants-allemands\/#breadcrumb"},"inLanguage":"fr-FR","potentialAction":[{"@type":"ReadAction","target":["https:\/\/www.sprachschule-aktiv-bonn.de\/fr\/assurance-maladie-pour-les-etudiants-allemands\/"]}]},{"@type":"ImageObject","inLanguage":"fr-FR","@id":"https:\/\/www.sprachschule-aktiv-bonn.de\/fr\/assurance-maladie-pour-les-etudiants-allemands\/#primaryimage","url":"https:\/\/www.sprachschule-aktiv-bonn.de\/wp-content\/uploads\/2023\/04\/krankenversicherung-fuer-deutschlerner-in-bonn-1024x576.webp","contentUrl":"https:\/\/www.sprachschule-aktiv-bonn.de\/wp-content\/uploads\/2023\/04\/krankenversicherung-fuer-deutschlerner-in-bonn-1024x576.webp"},{"@type":"BreadcrumbList","@id":"https:\/\/www.sprachschule-aktiv-bonn.de\/fr\/assurance-maladie-pour-les-etudiants-allemands\/#breadcrumb","itemListElement":[{"@type":"ListItem","position":1,"name":"Startseite","item":"https:\/\/www.sprachschule-aktiv-bonn.de\/fr\/"},{"@type":"ListItem","position":2,"name":"Assurance maladie pour les \u00e9tudiants allemands \u00e0 Bonn"}]},{"@type":"WebSite","@id":"https:\/\/www.sprachschule-aktiv-bonn.de\/#website","url":"https:\/\/www.sprachschule-aktiv-bonn.de\/","name":"Sprachschule Aktiv Bonn","description":"","potentialAction":[{"@type":"SearchAction","target":{"@type":"EntryPoint","urlTemplate":"https:\/\/www.sprachschule-aktiv-bonn.de\/?s={search_term_string}"},"query-input":{"@type":"PropertyValueSpecification","valueRequired":true,"valueName":"search_term_string"}}],"inLanguage":"fr-FR"}]}},"_links":{"self":[{"href":"https:\/\/www.sprachschule-aktiv-bonn.de\/fr\/wp-json\/wp\/v2\/pages\/2024","targetHints":{"allow":["GET"]}}],"collection":[{"href":"https:\/\/www.sprachschule-aktiv-bonn.de\/fr\/wp-json\/wp\/v2\/pages"}],"about":[{"href":"https:\/\/www.sprachschule-aktiv-bonn.de\/fr\/wp-json\/wp\/v2\/types\/page"}],"author":[{"embeddable":true,"href":"https:\/\/www.sprachschule-aktiv-bonn.de\/fr\/wp-json\/wp\/v2\/users\/2"}],"replies":[{"embeddable":true,"href":"https:\/\/www.sprachschule-aktiv-bonn.de\/fr\/wp-json\/wp\/v2\/comments?post=2024"}],"version-history":[{"count":11,"href":"https:\/\/www.sprachschule-aktiv-bonn.de\/fr\/wp-json\/wp\/v2\/pages\/2024\/revisions"}],"predecessor-version":[{"id":7557,"href":"https:\/\/www.sprachschule-aktiv-bonn.de\/fr\/wp-json\/wp\/v2\/pages\/2024\/revisions\/7557"}],"wp:attachment":[{"href":"https:\/\/www.sprachschule-aktiv-bonn.de\/fr\/wp-json\/wp\/v2\/media?parent=2024"}],"curies":[{"name":"wp","href":"https:\/\/api.w.org\/{rel}","templated":true}]}}