{"id":3534,"date":"2023-04-18T13:36:13","date_gmt":"2023-04-18T11:36:13","guid":{"rendered":"https:\/\/www.sprachschule-aktiv-bonn.de\/sprachvisum-fuer-deutschkurs-in-bonn\/"},"modified":"2026-03-24T21:24:26","modified_gmt":"2026-03-24T20:24:26","slug":"visado-de-idiomas-para-el-curso-de-aleman","status":"publish","type":"page","link":"https:\/\/www.sprachschule-aktiv-bonn.de\/es\/visado-de-idiomas-para-el-curso-de-aleman\/","title":{"rendered":"Visado de idiomas para el curso de alem\u00e1n en Bonn"},"content":{"rendered":"\t\t<div data-elementor-type=\"wp-page\" data-elementor-id=\"3534\" class=\"elementor elementor-3534 elementor-3110\">\n\t\t\t\t\t\t<section class=\"elementor-section elementor-top-section elementor-element elementor-element-76d0f43 elementor-section-boxed elementor-section-height-default elementor-section-height-default\" data-id=\"76d0f43\" data-element_type=\"section\" data-e-type=\"section\">\n\t\t\t\t\t\t<div class=\"elementor-container elementor-column-gap-default\">\n\t\t\t\t\t<div class=\"elementor-column elementor-col-100 elementor-top-column elementor-element elementor-element-747698e\" data-id=\"747698e\" data-element_type=\"column\" data-e-type=\"column\">\n\t\t\t<div class=\"elementor-widget-wrap elementor-element-populated\">\n\t\t\t\t\t\t<div class=\"elementor-element elementor-element-d52e933 elementor-widget elementor-widget-text-editor\" data-id=\"d52e933\" data-element_type=\"widget\" data-e-type=\"widget\" data-widget_type=\"text-editor.default\">\n\t\t\t\t<div class=\"elementor-widget-container\">\n\t\t\t\t\t\t\t\t\t<p>Si desea permanecer en Bonn durante un periodo de tiempo m\u00e1s largo y aprender alem\u00e1n, esto no supone ning\u00fan problema para los ciudadanos del espacio Schengen. La situaci\u00f3n es diferente si viene a Bonn desde otro pa\u00eds. Necesitar\u00e1 un visado para la duraci\u00f3n del curso de idiomas. Estaremos encantados de ayudarle a cumplimentarlo y asesorarle.<\/p>\t\t\t\t\t\t\t\t<\/div>\n\t\t\t\t<\/div>\n\t\t\t\t<section class=\"elementor-section elementor-inner-section elementor-element elementor-element-d4f9721 elementor-section-boxed elementor-section-height-default elementor-section-height-default\" data-id=\"d4f9721\" data-element_type=\"section\" data-e-type=\"section\">\n\t\t\t\t\t\t<div class=\"elementor-container elementor-column-gap-default\">\n\t\t\t\t\t<div class=\"elementor-column elementor-col-50 elementor-inner-column elementor-element elementor-element-96ea4d4\" data-id=\"96ea4d4\" data-element_type=\"column\" data-e-type=\"column\">\n\t\t\t<div class=\"elementor-widget-wrap elementor-element-populated\">\n\t\t\t\t\t\t<div class=\"elementor-element elementor-element-dd74efa elementor-widget elementor-widget-image\" data-id=\"dd74efa\" data-element_type=\"widget\" data-e-type=\"widget\" data-widget_type=\"image.default\">\n\t\t\t\t<div class=\"elementor-widget-container\">\n\t\t\t\t\t\t\t\t\t\t\t\t\t\t\t<img fetchpriority=\"high\" decoding=\"async\" width=\"500\" height=\"351\" src=\"https:\/\/www.sprachschule-aktiv-bonn.de\/wp-content\/uploads\/2023\/04\/sprachvisum-deutschkurs-bonn.webp\" class=\"attachment-large size-large wp-image-3372\" alt=\"Visado de idioma para el curso de alem\u00e1n en Bonn\" srcset=\"https:\/\/www.sprachschule-aktiv-bonn.de\/wp-content\/uploads\/2023\/04\/sprachvisum-deutschkurs-bonn.webp 500w, https:\/\/www.sprachschule-aktiv-bonn.de\/wp-content\/uploads\/2023\/04\/sprachvisum-deutschkurs-bonn-300x211.webp 300w\" sizes=\"(max-width: 500px) 100vw, 500px\" \/>\t\t\t\t\t\t\t\t\t\t\t\t\t\t\t<\/div>\n\t\t\t\t<\/div>\n\t\t\t\t\t<\/div>\n\t\t<\/div>\n\t\t\t\t<div class=\"elementor-column elementor-col-50 elementor-inner-column elementor-element elementor-element-1575ead\" data-id=\"1575ead\" data-element_type=\"column\" data-e-type=\"column\">\n\t\t\t<div class=\"elementor-widget-wrap elementor-element-populated\">\n\t\t\t\t\t\t<div class=\"elementor-element elementor-element-29ca92e elementor-widget elementor-widget-text-editor\" data-id=\"29ca92e\" data-element_type=\"widget\" data-e-type=\"widget\" data-widget_type=\"text-editor.default\">\n\t\t\t\t<div class=\"elementor-widget-container\">\n\t\t\t\t\t\t\t\t\t<p>Puede realizar con nosotros un curso intensivo de alem\u00e1n (4 semanas, de lunes a viernes, m\u00e1s formaci\u00f3n en comunicaci\u00f3n los s\u00e1bados, con 24 unidades lectivas por semana) para obtener su visado de entrada en Alemania. Inf\u00f3rmese en la autoridad competente de la duraci\u00f3n que debe tener su curso de alem\u00e1n para que le concedan el visado. Recomendamos una duraci\u00f3n m\u00ednima de 6 meses para poder justificar la seriedad de querer aprender la lengua alemana a largo plazo. Cuanto m\u00e1s tiempo se matricule, m\u00e1s posibilidades tendr\u00e1 de obtener el visado.<\/p>\t\t\t\t\t\t\t\t<\/div>\n\t\t\t\t<\/div>\n\t\t\t\t<div class=\"elementor-element elementor-element-c153bf6 elementor-widget elementor-widget-text-editor\" data-id=\"c153bf6\" data-element_type=\"widget\" data-e-type=\"widget\" data-widget_type=\"text-editor.default\">\n\t\t\t\t<div class=\"elementor-widget-container\">\n\t\t\t\t\t\t\t\t\t<a class=\"whyaweb-kontakt\" href=\"#\">Cont\u00e1ctanos<\/a>\t\t\t\t\t\t\t\t<\/div>\n\t\t\t\t<\/div>\n\t\t\t\t\t<\/div>\n\t\t<\/div>\n\t\t\t\t\t<\/div>\n\t\t<\/section>\n\t\t\t\t<div class=\"elementor-element elementor-element-6dc6f2f elementor-widget elementor-widget-heading\" data-id=\"6dc6f2f\" data-element_type=\"widget\" data-e-type=\"widget\" data-widget_type=\"heading.default\">\n\t\t\t\t<div class=\"elementor-widget-container\">\n\t\t\t\t\t<h2 class=\"elementor-heading-title elementor-size-default\">Requisitos para el visado<\/h2>\t\t\t\t<\/div>\n\t\t\t\t<\/div>\n\t\t\t\t<div class=\"elementor-element elementor-element-0422488 elementor-widget elementor-widget-text-editor\" data-id=\"0422488\" data-element_type=\"widget\" data-e-type=\"widget\" data-widget_type=\"text-editor.default\">\n\t\t\t\t<div class=\"elementor-widget-container\">\n\t\t\t\t\t\t\t\t\t<p>S\u00f3lo obtendr\u00e1 un visado para un curso de alem\u00e1n si aprende alem\u00e1n durante ese tiempo. Un curso nocturno una vez a la semana no es suficiente. Los cursos intensivos de la Sprachschule Aktiv de Bonn con cuatro horas de clase cinco veces por semana suelen ser suficientes para obtener el visado. Le recomendamos que asista a un curso intensivo durante al menos medio a\u00f1o. Esto pone de manifiesto su intenci\u00f3n de aprender bien alem\u00e1n durante su estancia en Bonn. Para m\u00e1s informaci\u00f3n, p\u00f3ngase en contacto con el consulado alem\u00e1n de su pa\u00eds.<\/p>\t\t\t\t\t\t\t\t<\/div>\n\t\t\t\t<\/div>\n\t\t\t\t<div class=\"elementor-element elementor-element-fd7cdc5 elementor-widget elementor-widget-heading\" data-id=\"fd7cdc5\" data-element_type=\"widget\" data-e-type=\"widget\" data-widget_type=\"heading.default\">\n\t\t\t\t<div class=\"elementor-widget-container\">\n\t\t\t\t\t<h2 class=\"elementor-heading-title elementor-size-default\">Solicita un curso de idiomas en Bonn<\/h2>\t\t\t\t<\/div>\n\t\t\t\t<\/div>\n\t\t\t\t<div class=\"elementor-element elementor-element-8b8e825 elementor-widget elementor-widget-text-editor\" data-id=\"8b8e825\" data-element_type=\"widget\" data-e-type=\"widget\" data-widget_type=\"text-editor.default\">\n\t\t\t\t<div class=\"elementor-widget-container\">\n\t\t\t\t\t\t\t\t\t<p>Con nuestros cursos intensivos en Bonn alcanzar\u00e1 r\u00e1pidamente sus objetivos<br \/>Nuestros cursos de idiomas se basan en el Marco Com\u00fan Europeo de Referencia para las Lenguas. Hay seis niveles en total (A1, A2, B1, B2, C1 y C2). Para un nivel se necesitan dos meses con un curso intensivo. Si no est\u00e1s seguro de en qu\u00e9 nivel de idioma te encuentras actualmente, haz nuestra prueba de nivel gratuita, disponible en la p\u00e1gina web de la Sprachschule Aktiv de Bonn.<br \/>Sprachschule Aktiv Bonn te ofrece un curso intensivo de alem\u00e1n con visado en pleno centro de la popular Bonn M\u00fcnster. Para un m\u00f3dulo (por ejemplo A1.1) necesitas cuatro semanas. Para completar un nivel necesita ocho semanas (por ejemplo, B1.1 y B1.2 para B1).<\/p><p>Los distintos niveles se dividen en A1, A2, B1, B2, C1 y C2. Aqu\u00ed encontrar\u00e1 toda la informaci\u00f3n importante:<\/p><p>Curso de ma\u00f1ana: De lunes a viernes, 24 unidades lectivas por semana.<br \/><br \/>Adem\u00e1s, 1 curso semanal de gram\u00e1tica si el n\u00famero de participantes es suficientemente alto.<\/p><p>Horario: de lunes a viernes: de 9:00 a 12:00 horas.<br \/>Fecha de inicio: primer lunes de cada mes<br \/>Coste:<br \/>Una semana cuesta 199 euros<br \/>Dos semanas cuestan 349 euros<br \/>Tres semanas cuestan 449 euros<br \/>Cuatro semanas cuestan 499 euros<\/p>\t\t\t\t\t\t\t\t<\/div>\n\t\t\t\t<\/div>\n\t\t\t\t<div class=\"elementor-element elementor-element-40da2c3 elementor-widget elementor-widget-text-editor\" data-id=\"40da2c3\" data-element_type=\"widget\" data-e-type=\"widget\" data-widget_type=\"text-editor.default\">\n\t\t\t\t<div class=\"elementor-widget-container\">\n\t\t\t\t\t\t\t\t\t<a class=\"whyaweb-anmeldung\" href=\"#\">Inscripci\u00f3n a un curso de alem\u00e1n en Bonn<\/a>\t\t\t\t\t\t\t\t<\/div>\n\t\t\t\t<\/div>\n\t\t\t\t<div class=\"elementor-element elementor-element-6636f03 elementor-widget elementor-widget-heading\" data-id=\"6636f03\" data-element_type=\"widget\" data-e-type=\"widget\" data-widget_type=\"heading.default\">\n\t\t\t\t<div class=\"elementor-widget-container\">\n\t\t\t\t\t<h2 class=\"elementor-heading-title elementor-size-default\">Primero inscr\u00edbase en el curso de alem\u00e1n de su elecci\u00f3n<\/h2>\t\t\t\t<\/div>\n\t\t\t\t<\/div>\n\t\t\t\t<div class=\"elementor-element elementor-element-52ea46d elementor-widget elementor-widget-text-editor\" data-id=\"52ea46d\" data-element_type=\"widget\" data-e-type=\"widget\" data-widget_type=\"text-editor.default\">\n\t\t\t\t<div class=\"elementor-widget-container\">\n\t\t\t\t\t\t\t\t\t<p>Antes de poder solicitar un visado, debe demostrar que va a asistir a un curso de alem\u00e1n en Bonn. Puede inscribirse f\u00e1cilmente a trav\u00e9s de nuestra p\u00e1gina web. Una vez que haya abonado la mitad del importe del curso, le enviaremos una confirmaci\u00f3n.<\/p>\t\t\t\t\t\t\t\t<\/div>\n\t\t\t\t<\/div>\n\t\t\t\t<div class=\"elementor-element elementor-element-0d65397 elementor-widget elementor-widget-heading\" data-id=\"0d65397\" data-element_type=\"widget\" data-e-type=\"widget\" data-widget_type=\"heading.default\">\n\t\t\t\t<div class=\"elementor-widget-container\">\n\t\t\t\t\t<h2 class=\"elementor-heading-title elementor-size-default\">C\u00f3mo solicitar un visado<\/h2>\t\t\t\t<\/div>\n\t\t\t\t<\/div>\n\t\t\t\t<div class=\"elementor-element elementor-element-4189e07 elementor-widget elementor-widget-text-editor\" data-id=\"4189e07\" data-element_type=\"widget\" data-e-type=\"widget\" data-widget_type=\"text-editor.default\">\n\t\t\t\t<div class=\"elementor-widget-container\">\n\t\t\t\t\t\t\t\t\t<p>Puede solicitar un visado en el consulado alem\u00e1n de su pa\u00eds. Puede rellenar el formulario de solicitud en internet. Introduzca cuidadosamente todos los datos en los campos previstos al efecto.<br \/>Para la solicitud necesita<\/p>\t\t\t\t\t\t\t\t<\/div>\n\t\t\t\t<\/div>\n\t\t\t\t<section class=\"elementor-section elementor-inner-section elementor-element elementor-element-e2314ee elementor-section-boxed elementor-section-height-default elementor-section-height-default\" data-id=\"e2314ee\" data-element_type=\"section\" data-e-type=\"section\">\n\t\t\t\t\t\t<div class=\"elementor-container elementor-column-gap-default\">\n\t\t\t\t\t<div class=\"elementor-column elementor-col-50 elementor-inner-column elementor-element elementor-element-5521005\" data-id=\"5521005\" data-element_type=\"column\" data-e-type=\"column\">\n\t\t\t<div class=\"elementor-widget-wrap elementor-element-populated\">\n\t\t\t\t\t\t<div class=\"elementor-element elementor-element-19383f2 elementor-widget elementor-widget-video\" data-id=\"19383f2\" data-element_type=\"widget\" data-e-type=\"widget\" data-settings=\"{&quot;youtube_url&quot;:&quot;https:\\\/\\\/www.youtube.com\\\/watch?v=54-5aCU96MM&quot;,&quot;video_type&quot;:&quot;youtube&quot;,&quot;controls&quot;:&quot;yes&quot;}\" data-widget_type=\"video.default\">\n\t\t\t\t<div class=\"elementor-widget-container\">\n\t\t\t\t\t\t\t<div class=\"elementor-wrapper elementor-open-inline\">\n\t\t\t<div class=\"elementor-video\"><\/div>\t\t<\/div>\n\t\t\t\t\t\t<\/div>\n\t\t\t\t<\/div>\n\t\t\t\t\t<\/div>\n\t\t<\/div>\n\t\t\t\t<div class=\"elementor-column elementor-col-50 elementor-inner-column elementor-element elementor-element-db589ff\" data-id=\"db589ff\" data-element_type=\"column\" data-e-type=\"column\">\n\t\t\t<div class=\"elementor-widget-wrap elementor-element-populated\">\n\t\t\t\t\t\t<div class=\"elementor-element elementor-element-9952ceb elementor-widget elementor-widget-text-editor\" data-id=\"9952ceb\" data-element_type=\"widget\" data-e-type=\"widget\" data-widget_type=\"text-editor.default\">\n\t\t\t\t<div class=\"elementor-widget-container\">\n\t\t\t\t\t\t\t\t\t<ul><li>Dos impresos de solicitud cumplimentados y firmados por usted<\/li><li>Un pasaporte v\u00e1lido<\/li><li>Justificante del seguro de enfermedad<\/li><li>Dos fotos de pasaporte nuevas<\/li><li>Justificante de inscripci\u00f3n en el curso y pago de las tasas<\/li><li>Al menos un certificado de estudios medios<\/li><\/ul>\t\t\t\t\t\t\t\t<\/div>\n\t\t\t\t<\/div>\n\t\t\t\t\t<\/div>\n\t\t<\/div>\n\t\t\t\t\t<\/div>\n\t\t<\/section>\n\t\t\t\t<div class=\"elementor-element elementor-element-e2960be elementor-widget elementor-widget-heading\" data-id=\"e2960be\" data-element_type=\"widget\" data-e-type=\"widget\" data-widget_type=\"heading.default\">\n\t\t\t\t<div class=\"elementor-widget-container\">\n\t\t\t\t\t<h2 class=\"elementor-heading-title elementor-size-default\">Benef\u00edciese de nuestro apoyo desde el principio<\/h2>\t\t\t\t<\/div>\n\t\t\t\t<\/div>\n\t\t\t\t<div class=\"elementor-element elementor-element-769543c elementor-widget elementor-widget-text-editor\" data-id=\"769543c\" data-element_type=\"widget\" data-e-type=\"widget\" data-widget_type=\"text-editor.default\">\n\t\t\t\t<div class=\"elementor-widget-container\">\n\t\t\t\t\t\t\t\t\t<p>Nuestro equipo de asistencia se ocupar\u00e1 de usted antes del primer d\u00eda de curso. Si tiene problemas para rellenar la solicitud de visado, estaremos encantados de ayudarle. Tambi\u00e9n podemos ayudarle a encontrar un alojamiento adecuado. Muchos de los participantes en nuestros cursos viven con una familia de acogida durante el curso, ya que esto aumenta significativamente el \u00e9xito del aprendizaje.<\/p><p>Necesitar\u00e1 un buen seguro m\u00e9dico para su estancia. Existe una amplia gama de opciones y la b\u00fasqueda no siempre es f\u00e1cil. Nosotros trabajamos desde hace a\u00f1os con un socio de confianza que le ofrece un buen servicio a un precio justo. S\u00f3lo tiene que ponerse en contacto con nosotros.<br \/>Nuestro personal est\u00e1 siempre disponible para hablar con usted, incluso durante el curso.<\/p><p>Si aun as\u00ed no recibe su visado, le devolveremos su dinero tras presentar la carta de denegaci\u00f3n. En este caso tendremos que cobrar una tasa de tramitaci\u00f3n de 250,00 euros. Si su visado no se aprueba a tiempo, puede aplazar el inicio de su curso hasta 4 meses de forma gratuita. Inscr\u00edbase ya en la escuela de idiomas: info@sprachschule-aktiv-bonn.de<\/p><p>Con mucho gusto le organizaremos el alojamiento en cooperaci\u00f3n con nuestros socios.<\/p>\t\t\t\t\t\t\t\t<\/div>\n\t\t\t\t<\/div>\n\t\t\t\t<div class=\"elementor-element elementor-element-38f4dc4 elementor-widget elementor-widget-heading\" data-id=\"38f4dc4\" data-element_type=\"widget\" data-e-type=\"widget\" data-widget_type=\"heading.default\">\n\t\t\t\t<div class=\"elementor-widget-container\">\n\t\t\t\t\t<h2 class=\"elementor-heading-title elementor-size-default\">Planifique hoy mismo su viaje de idiomas a Bonn<\/h2>\t\t\t\t<\/div>\n\t\t\t\t<\/div>\n\t\t\t\t<div class=\"elementor-element elementor-element-6edbfc9 elementor-widget elementor-widget-text-editor\" data-id=\"6edbfc9\" data-element_type=\"widget\" data-e-type=\"widget\" data-widget_type=\"text-editor.default\">\n\t\t\t\t<div class=\"elementor-widget-container\">\n\t\t\t\t\t\t\t\t\t<p>Conozca una de las ciudades alemanas m\u00e1s atractivas en medio del Rin. Bonn es una ciudad preciosa, no en vano fue la capital de la Rep\u00fablica Federal de Alemania durante varias d\u00e9cadas. Aqu\u00ed cada piedra respira historia. Adem\u00e1s, la fascinante ciudad de Colonia est\u00e1 a s\u00f3lo unos kil\u00f3metros. D\u00e9 el primer paso y ap\u00fantese a un curso de alem\u00e1n en Bonn.<\/p>\t\t\t\t\t\t\t\t<\/div>\n\t\t\t\t<\/div>\n\t\t\t\t\t<\/div>\n\t\t<\/div>\n\t\t\t\t\t<\/div>\n\t\t<\/section>\n\t\t\t\t<\/div>\n\t\t","protected":false},"excerpt":{"rendered":"<p>Si desea permanecer en Bonn durante un periodo de tiempo m\u00e1s largo y aprender alem\u00e1n, esto no supone ning\u00fan problema para los ciudadanos del espacio Schengen. La situaci\u00f3n es diferente si viene a Bonn desde otro pa\u00eds. Necesitar\u00e1 un visado para la duraci\u00f3n del curso de idiomas. Estaremos encantados de ayudarle a cumplimentarlo y asesorarle.&hellip; <a class=\"read-more\" href=\"https:\/\/www.sprachschule-aktiv-bonn.de\/es\/visado-de-idiomas-para-el-curso-de-aleman\/\" title=\"Read Visado de idiomas para el curso de alem\u00e1n en Bonn\">Read more &raquo;<\/a><\/p>\n","protected":false},"author":1,"featured_media":0,"parent":0,"menu_order":0,"comment_status":"closed","ping_status":"closed","template":"","meta":{"footnotes":""},"class_list":["post-3534","page","type-page","status-publish","hentry"],"yoast_head":"<!-- This site is optimized with the Yoast SEO plugin v27.2 - https:\/\/yoast.com\/product\/yoast-seo-wordpress\/ -->\n<title>Visado de idiomas para el curso de alem\u00e1n en Bonn<\/title>\n<meta name=\"description\" content=\"Si quieres asistir a un curso de alem\u00e1n en Bonn y no eres de la UE, necesitas una visa. Toda la informaci\u00f3n se puede encontrar aqu\u00ed!\" \/>\n<meta name=\"robots\" content=\"index, follow, max-snippet:-1, max-image-preview:large, max-video-preview:-1\" \/>\n<link rel=\"canonical\" href=\"https:\/\/www.sprachschule-aktiv-bonn.de\/es\/visado-de-idiomas-para-el-curso-de-aleman\/\" \/>\n<meta property=\"og:locale\" content=\"es_ES\" \/>\n<meta property=\"og:type\" content=\"article\" \/>\n<meta property=\"og:title\" content=\"Visado de idiomas para el curso de alem\u00e1n en Bonn\" \/>\n<meta property=\"og:description\" content=\"Si quieres asistir a un curso de alem\u00e1n en Bonn y no eres de la UE, necesitas una visa. Toda la informaci\u00f3n se puede encontrar aqu\u00ed!\" \/>\n<meta property=\"og:url\" content=\"https:\/\/www.sprachschule-aktiv-bonn.de\/es\/visado-de-idiomas-para-el-curso-de-aleman\/\" \/>\n<meta property=\"og:site_name\" content=\"Sprachschule Aktiv Bonn\" \/>\n<meta property=\"article:modified_time\" content=\"2026-03-24T20:24:26+00:00\" \/>\n<meta property=\"og:image\" content=\"https:\/\/www.sprachschule-aktiv-bonn.de\/wp-content\/uploads\/2023\/04\/sprachvisum-deutschkurs-bonn.webp\" \/>\n\t<meta property=\"og:image:width\" content=\"500\" \/>\n\t<meta property=\"og:image:height\" content=\"351\" \/>\n\t<meta property=\"og:image:type\" content=\"image\/webp\" \/>\n<meta name=\"twitter:card\" content=\"summary_large_image\" \/>\n<meta name=\"twitter:label1\" content=\"Tiempo de lectura\" \/>\n\t<meta name=\"twitter:data1\" content=\"5 minutos\" \/>\n<script type=\"application\/ld+json\" class=\"yoast-schema-graph\">{\"@context\":\"https:\/\/schema.org\",\"@graph\":[{\"@type\":\"WebPage\",\"@id\":\"https:\/\/www.sprachschule-aktiv-bonn.de\/es\/visado-de-idiomas-para-el-curso-de-aleman\/\",\"url\":\"https:\/\/www.sprachschule-aktiv-bonn.de\/es\/visado-de-idiomas-para-el-curso-de-aleman\/\",\"name\":\"Visado de idiomas para el curso de alem\u00e1n en Bonn\",\"isPartOf\":{\"@id\":\"https:\/\/www.sprachschule-aktiv-bonn.de\/#website\"},\"primaryImageOfPage\":{\"@id\":\"https:\/\/www.sprachschule-aktiv-bonn.de\/es\/visado-de-idiomas-para-el-curso-de-aleman\/#primaryimage\"},\"image\":{\"@id\":\"https:\/\/www.sprachschule-aktiv-bonn.de\/es\/visado-de-idiomas-para-el-curso-de-aleman\/#primaryimage\"},\"thumbnailUrl\":\"https:\/\/www.sprachschule-aktiv-bonn.de\/wp-content\/uploads\/2023\/04\/sprachvisum-deutschkurs-bonn.webp\",\"datePublished\":\"2023-04-18T11:36:13+00:00\",\"dateModified\":\"2026-03-24T20:24:26+00:00\",\"description\":\"Si quieres asistir a un curso de alem\u00e1n en Bonn y no eres de la UE, necesitas una visa. Toda la informaci\u00f3n se puede encontrar aqu\u00ed!\",\"breadcrumb\":{\"@id\":\"https:\/\/www.sprachschule-aktiv-bonn.de\/es\/visado-de-idiomas-para-el-curso-de-aleman\/#breadcrumb\"},\"inLanguage\":\"es\",\"potentialAction\":[{\"@type\":\"ReadAction\",\"target\":[\"https:\/\/www.sprachschule-aktiv-bonn.de\/es\/visado-de-idiomas-para-el-curso-de-aleman\/\"]}]},{\"@type\":\"ImageObject\",\"inLanguage\":\"es\",\"@id\":\"https:\/\/www.sprachschule-aktiv-bonn.de\/es\/visado-de-idiomas-para-el-curso-de-aleman\/#primaryimage\",\"url\":\"https:\/\/www.sprachschule-aktiv-bonn.de\/wp-content\/uploads\/2023\/04\/sprachvisum-deutschkurs-bonn.webp\",\"contentUrl\":\"https:\/\/www.sprachschule-aktiv-bonn.de\/wp-content\/uploads\/2023\/04\/sprachvisum-deutschkurs-bonn.webp\"},{\"@type\":\"BreadcrumbList\",\"@id\":\"https:\/\/www.sprachschule-aktiv-bonn.de\/es\/visado-de-idiomas-para-el-curso-de-aleman\/#breadcrumb\",\"itemListElement\":[{\"@type\":\"ListItem\",\"position\":1,\"name\":\"Startseite\",\"item\":\"https:\/\/www.sprachschule-aktiv-bonn.de\/es\/\"},{\"@type\":\"ListItem\",\"position\":2,\"name\":\"Visado de idiomas para el curso de alem\u00e1n en Bonn\"}]},{\"@type\":\"WebSite\",\"@id\":\"https:\/\/www.sprachschule-aktiv-bonn.de\/#website\",\"url\":\"https:\/\/www.sprachschule-aktiv-bonn.de\/\",\"name\":\"Sprachschule Aktiv Bonn\",\"description\":\"\",\"potentialAction\":[{\"@type\":\"SearchAction\",\"target\":{\"@type\":\"EntryPoint\",\"urlTemplate\":\"https:\/\/www.sprachschule-aktiv-bonn.de\/?s={search_term_string}\"},\"query-input\":{\"@type\":\"PropertyValueSpecification\",\"valueRequired\":true,\"valueName\":\"search_term_string\"}}],\"inLanguage\":\"es\"}]}<\/script>\n<!-- \/ Yoast SEO plugin. -->","yoast_head_json":{"title":"Visado de idiomas para el curso de alem\u00e1n en Bonn","description":"Si quieres asistir a un curso de alem\u00e1n en Bonn y no eres de la UE, necesitas una visa. Toda la informaci\u00f3n se puede encontrar aqu\u00ed!","robots":{"index":"index","follow":"follow","max-snippet":"max-snippet:-1","max-image-preview":"max-image-preview:large","max-video-preview":"max-video-preview:-1"},"canonical":"https:\/\/www.sprachschule-aktiv-bonn.de\/es\/visado-de-idiomas-para-el-curso-de-aleman\/","og_locale":"es_ES","og_type":"article","og_title":"Visado de idiomas para el curso de alem\u00e1n en Bonn","og_description":"Si quieres asistir a un curso de alem\u00e1n en Bonn y no eres de la UE, necesitas una visa. Toda la informaci\u00f3n se puede encontrar aqu\u00ed!","og_url":"https:\/\/www.sprachschule-aktiv-bonn.de\/es\/visado-de-idiomas-para-el-curso-de-aleman\/","og_site_name":"Sprachschule Aktiv Bonn","article_modified_time":"2026-03-24T20:24:26+00:00","og_image":[{"width":500,"height":351,"url":"https:\/\/www.sprachschule-aktiv-bonn.de\/wp-content\/uploads\/2023\/04\/sprachvisum-deutschkurs-bonn.webp","type":"image\/webp"}],"twitter_card":"summary_large_image","twitter_misc":{"Tiempo de lectura":"5 minutos"},"schema":{"@context":"https:\/\/schema.org","@graph":[{"@type":"WebPage","@id":"https:\/\/www.sprachschule-aktiv-bonn.de\/es\/visado-de-idiomas-para-el-curso-de-aleman\/","url":"https:\/\/www.sprachschule-aktiv-bonn.de\/es\/visado-de-idiomas-para-el-curso-de-aleman\/","name":"Visado de idiomas para el curso de alem\u00e1n en Bonn","isPartOf":{"@id":"https:\/\/www.sprachschule-aktiv-bonn.de\/#website"},"primaryImageOfPage":{"@id":"https:\/\/www.sprachschule-aktiv-bonn.de\/es\/visado-de-idiomas-para-el-curso-de-aleman\/#primaryimage"},"image":{"@id":"https:\/\/www.sprachschule-aktiv-bonn.de\/es\/visado-de-idiomas-para-el-curso-de-aleman\/#primaryimage"},"thumbnailUrl":"https:\/\/www.sprachschule-aktiv-bonn.de\/wp-content\/uploads\/2023\/04\/sprachvisum-deutschkurs-bonn.webp","datePublished":"2023-04-18T11:36:13+00:00","dateModified":"2026-03-24T20:24:26+00:00","description":"Si quieres asistir a un curso de alem\u00e1n en Bonn y no eres de la UE, necesitas una visa. Toda la informaci\u00f3n se puede encontrar aqu\u00ed!","breadcrumb":{"@id":"https:\/\/www.sprachschule-aktiv-bonn.de\/es\/visado-de-idiomas-para-el-curso-de-aleman\/#breadcrumb"},"inLanguage":"es","potentialAction":[{"@type":"ReadAction","target":["https:\/\/www.sprachschule-aktiv-bonn.de\/es\/visado-de-idiomas-para-el-curso-de-aleman\/"]}]},{"@type":"ImageObject","inLanguage":"es","@id":"https:\/\/www.sprachschule-aktiv-bonn.de\/es\/visado-de-idiomas-para-el-curso-de-aleman\/#primaryimage","url":"https:\/\/www.sprachschule-aktiv-bonn.de\/wp-content\/uploads\/2023\/04\/sprachvisum-deutschkurs-bonn.webp","contentUrl":"https:\/\/www.sprachschule-aktiv-bonn.de\/wp-content\/uploads\/2023\/04\/sprachvisum-deutschkurs-bonn.webp"},{"@type":"BreadcrumbList","@id":"https:\/\/www.sprachschule-aktiv-bonn.de\/es\/visado-de-idiomas-para-el-curso-de-aleman\/#breadcrumb","itemListElement":[{"@type":"ListItem","position":1,"name":"Startseite","item":"https:\/\/www.sprachschule-aktiv-bonn.de\/es\/"},{"@type":"ListItem","position":2,"name":"Visado de idiomas para el curso de alem\u00e1n en Bonn"}]},{"@type":"WebSite","@id":"https:\/\/www.sprachschule-aktiv-bonn.de\/#website","url":"https:\/\/www.sprachschule-aktiv-bonn.de\/","name":"Sprachschule Aktiv Bonn","description":"","potentialAction":[{"@type":"SearchAction","target":{"@type":"EntryPoint","urlTemplate":"https:\/\/www.sprachschule-aktiv-bonn.de\/?s={search_term_string}"},"query-input":{"@type":"PropertyValueSpecification","valueRequired":true,"valueName":"search_term_string"}}],"inLanguage":"es"}]}},"_links":{"self":[{"href":"https:\/\/www.sprachschule-aktiv-bonn.de\/es\/wp-json\/wp\/v2\/pages\/3534","targetHints":{"allow":["GET"]}}],"collection":[{"href":"https:\/\/www.sprachschule-aktiv-bonn.de\/es\/wp-json\/wp\/v2\/pages"}],"about":[{"href":"https:\/\/www.sprachschule-aktiv-bonn.de\/es\/wp-json\/wp\/v2\/types\/page"}],"author":[{"embeddable":true,"href":"https:\/\/www.sprachschule-aktiv-bonn.de\/es\/wp-json\/wp\/v2\/users\/1"}],"replies":[{"embeddable":true,"href":"https:\/\/www.sprachschule-aktiv-bonn.de\/es\/wp-json\/wp\/v2\/comments?post=3534"}],"version-history":[{"count":7,"href":"https:\/\/www.sprachschule-aktiv-bonn.de\/es\/wp-json\/wp\/v2\/pages\/3534\/revisions"}],"predecessor-version":[{"id":7616,"href":"https:\/\/www.sprachschule-aktiv-bonn.de\/es\/wp-json\/wp\/v2\/pages\/3534\/revisions\/7616"}],"wp:attachment":[{"href":"https:\/\/www.sprachschule-aktiv-bonn.de\/es\/wp-json\/wp\/v2\/media?parent=3534"}],"curies":[{"name":"wp","href":"https:\/\/api.w.org\/{rel}","templated":true}]}}