{"id":3522,"date":"2022-05-31T07:27:58","date_gmt":"2022-05-31T05:27:58","guid":{"rendered":"https:\/\/www.sprachschule-aktiv-bonn.de\/testdaf-pruefungsvorbereitungskurse\/"},"modified":"2026-03-24T21:28:37","modified_gmt":"2026-03-24T20:28:37","slug":"examenes-telc-de-aleman-en-bonn","status":"publish","type":"page","link":"https:\/\/www.sprachschule-aktiv-bonn.de\/es\/examenes-telc-de-aleman-en-bonn\/","title":{"rendered":"Ex\u00e1menes telc de alem\u00e1n en Bonn"},"content":{"rendered":"<img fetchpriority=\"high\" decoding=\"async\" width=\"768\" height=\"1024\" src=\"https:\/\/www.sprachschule-aktiv-bonn.de\/wp-content\/uploads\/2023\/04\/telc-deutsch-pruefungen-in-bonn-1-768x1024.jpg\" alt=\"Cursos de preparaci\u00f3n para el TestDaF en Bonn\" srcset=\"https:\/\/www.sprachschule-aktiv-bonn.de\/wp-content\/uploads\/2023\/04\/telc-deutsch-pruefungen-in-bonn-1-768x1024.jpg 768w, https:\/\/www.sprachschule-aktiv-bonn.de\/wp-content\/uploads\/2023\/04\/telc-deutsch-pruefungen-in-bonn-1-225x300.jpg 225w, https:\/\/www.sprachschule-aktiv-bonn.de\/wp-content\/uploads\/2023\/04\/telc-deutsch-pruefungen-in-bonn-1.jpg 800w\" sizes=\"(max-width: 768px) 100vw, 768px\" \/>\n<p>\u00bfNecesita una prueba para acceder a una carrera universitaria o un examen que tambi\u00e9n est\u00e9 reconocido internacionalmente? Inscr\u00edbete en los ex\u00e1menes telc reconocidos internacionalmente y haz tu prueba con nosotros en la Sprachschule Aktiv Bonn. La preparaci\u00f3n perfecta la encontrar\u00e1s en nuestros cursos de preparaci\u00f3n, donde podr\u00e1s simular el examen en tiempo real y recibir todos los consejos necesarios sobre estrategias y \u00e9xito de los examinadores de telc.<\/p>\n<p>Desde el A1 hasta el C2, en las fechas que se indican a continuaci\u00f3n podr\u00e1 obtener la certificaci\u00f3n de cualquier nivel de alem\u00e1n, as\u00ed como de idiomas extranjeros como ingl\u00e9s, espa\u00f1ol, franc\u00e9s y muchos m\u00e1s idiomas previa solicitud. Si no dispone de tiempo en nuestras fechas de examen, puede concertar una fecha de examen individual con nosotros. Estaremos encantados de asesorarle. Desde la inscripci\u00f3n hasta su certificado.<\/p>\n<h2>\u00bfQui\u00e9n puede hacer el examen?<\/h2>\n<p>En principio, cualquier persona que desee certificar sus conocimientos de alem\u00e1n puede presentarse al examen Telc. Los ex\u00e1menes se ofrecen en diferentes niveles, que van del A1 al C2. Dependiendo del nivel, se eval\u00faan distintas destrezas del alem\u00e1n, por ejemplo comprensi\u00f3n lectora, comprensi\u00f3n auditiva, expresi\u00f3n escrita y expresi\u00f3n oral.<\/p>\n<p>En la Sprachschule Aktiv de Bonn tambi\u00e9n hay cursos especiales de preparaci\u00f3n para el examen Telc, que te preparan para el examen de la mejor manera posible a bajo coste.<\/p>\n<p><a href=\"#\">\u00bfAlguna pregunta?<\/a>\t\t<\/p>\n<h2>Requisitos de acceso a la universidad:<\/h2>\n<p>Para solicitar o ser admitido en una primera carrera universitaria (licenciatura o examen estatal) es necesario acreditar conocimientos de alem\u00e1n a un nivel m\u00ednimo de C1. Un certificado telc sirve como prueba reconocida y es ideal para matricularse. Para las asignaturas que exigen un nivel muy alto de conocimientos ling\u00fc\u00edsticos, como Derecho, Medicina o Psicolog\u00eda, es incluso aconsejable obtener un certificado C2.<\/p>\n<p>En la Universidad de Colonia se reconocen los siguientes certificados como sustitutos del DSH 2:<\/p>\n<ul>\n<li>Examen de alem\u00e1n para el acceso a la universidad (DSH-2 o DSH-3)*.<\/li>\n<li>TestDaF (alem\u00e1n como lengua extranjera) con nivel 4 en las cuatro partes del examen<\/li>\n<li>Certificado Goethe C2<\/li>\n<li>telc Alem\u00e1n C1 Universidad<\/li>\n<li>telc Alem\u00e1n C2<\/li>\n<\/ul>\n<p>*En algunas universidades no es posible realizar el examen DSH, ya que s\u00f3lo puede matricularse en los cursos DSH si ya ha sido admitido en la universidad.<\/p>\n<p><a href=\"#\">Solicitud de curso de idiomas en Bonn<\/a>\t\t<\/p>\n<h2>Debes traer este nivel de idioma<\/h2>\n<p>Nuestra escuela ofrece un curso de preparaci\u00f3n para el examen Telc que, seg\u00fan los resultados de ex\u00e1menes Telc anteriores, es muy eficaz. El 94,40% de los estudiantes que han realizado el curso han aprobado el examen, frente al 56,76% de los estudiantes que no han realizado ning\u00fan curso de preparaci\u00f3n. El curso se imparte como parte de nuestros cursos intensivos, por lo que no necesita un curso adicional y puede ahorrar dinero. Los componentes del examen se practican intensivamente en el curso y tambi\u00e9n se simulan en tiempo real para aumentar significativamente sus posibilidades de aprobar. Para el examen necesitar\u00e1 un pasaporte o documento de identidad, un l\u00e1piz, un sacapuntas y una goma de borrar. El examen consta de una parte escrita y otra oral; la parte escrita dura unas 3,5 horas y la parte oral unos 15-20 minutos. El resultado y el certificado del examen se le enviar\u00e1n autom\u00e1ticamente por correo electr\u00f3nico unas 5 o 6 semanas despu\u00e9s del examen. Puede repetir el examen tantas veces como desee y tambi\u00e9n solicitar fechas individuales para un examen no programado. El n\u00famero m\u00ednimo de participantes para el curso y el examen es de 3. Las tasas del examen telc incluyen todos los costes, pero se cobrar\u00e1 una tasa de inscripci\u00f3n de 15 euros. En general, recomendamos nuestro curso de preparaci\u00f3n para el examen telc para maximizar sus posibilidades de \u00e9xito. Inscr\u00edbase ahora y asegure su plaza en el pr\u00f3ximo curso.<\/p>\n<h2>Preparaci\u00f3n en nuestros cursos intensivos<\/h2>\n<p>\t\thttps:\/\/www.youtube.com\/watch?v=54-5aCU96MM<\/p>\n<p>La Sprachschule Aktiv Bonn ofrece cursos de preparaci\u00f3n para el examen telc para todos los niveles. En las cuatro semanas previas al examen, practicar\u00e1s las estrategias y el temario para el examen telc escrito y oral con nuestros profesores profesionales, la mayor\u00eda de los cuales son examinadores telc, en un curso intensivo cinco veces por semana. Tendr\u00e1s acceso a modelos de pruebas y ex\u00e1menes antiguos y a simulaciones en tiempo real. Nuestros profesores le dar\u00e1n consejos y sugerencias sobre la mejor manera de superar el examen con el m\u00e1ximo \u00e9xito. \u00bfEst\u00e1 inseguro?\u00a0 Seg\u00fan las estad\u00edsticas, el 94,40% de los estudiantes que han realizado un curso de preparaci\u00f3n con nosotros aprueban el examen telc. \u00a1Aumente ahora sus posibilidades!<\/p>\n<h2>Los costes del curso de preparaci\u00f3n telc en Bonn<\/h2>\n<p>La duraci\u00f3n del curso depende de su formaci\u00f3n previa. Prevea al menos ocho semanas por nivel.<\/p>\n<p>El curso tiene lugar de lunes a viernes entre las 9:00 y las 12:00.<\/p>\n<p>Fechas de inicio: el primer lunes de cada mes<br \/>Fechas: De lunes a viernes de 9:00 a 12:00<br \/>Costes:<br \/>Una semana: 199 euros<br \/>Dos semanas 299 euros<br \/>Tres semanas 349 euros<br \/>Cuatro semanas 399 euros<\/p>\n<p><a href=\"#\">Solicitud de curso de idiomas en Bonn<\/a><\/p>\n<h2>As\u00ed funciona el examen telc<\/h2>\n<p>El examen consta de una parte escrita y otra oral. La parte escrita consta de comprensi\u00f3n lectora, comprensi\u00f3n auditiva y expresi\u00f3n escrita. Esta parte dura unas 3,5 horas con un descanso de 20 minutos. La parte oral suele realizarse en grupo con otros 2 o 3 participantes.<\/p>\n<p>Dura entre 15 y 20 minutos. Tienes 20 minutos para prepararte antes del examen oral.<br \/>Pasaporte o documento de identidad. Necesitar\u00e1 un l\u00e1piz, sacapuntas y goma de borrar. S\u00f3lo puede escribir con l\u00e1piz. Los bol\u00edgrafos o similares est\u00e1n prohibidos.<br \/>Puede repetir el examen tantas veces como desee.<\/p>\n<p>La tasa de examen deber\u00e1 abonarse a m\u00e1s tardar en la fecha l\u00edmite de inscripci\u00f3n del nivel correspondiente. La tasa del curso de preparaci\u00f3n para el examen del nivel correspondiente deber\u00e1 abonarse como muy tarde al comienzo del curso. Si no puede asistir por motivos de salud, se le reembolsar\u00e1 la tasa de examen previa presentaci\u00f3n de un certificado m\u00e9dico, menos una tasa de cancelaci\u00f3n de 80,00 euros.<\/p>\n<p>Recibir\u00e1 el resultado del examen y el certificado de examen autom\u00e1ticamente por correo electr\u00f3nico aproximadamente 5-6 semanas despu\u00e9s del examen. El examen se corrige en el Instituto telc de Frankfurt, por lo que la Sprachschule Aktiv K\u00f6ln no tiene ninguna influencia en el tiempo de correcci\u00f3n necesario y no asume ninguna responsabilidad.<\/p>\n<p>Nos pondremos en contacto contigo autom\u00e1ticamente cuando el resultado est\u00e9 disponible. Si lo desea, podemos enviarle el certificado por correo postal.<\/p>\n<h2>Fechas individuales<\/h2>\n<p>Puede enviarnos la fecha que prefiera para un examen telc individual. Comprobaremos entonces si tenemos el n\u00famero m\u00ednimo de participantes para un examen no programado y si podemos celebrar el examen en la fecha que usted prefiera, o le haremos una oferta por separado para celebrar el examen. En casos urgentes, tambi\u00e9n podemos organizar un examen privado s\u00f3lo para usted.<\/p>\n<p>Cree ahora los requisitos para estudiar con \u00e9xito<br \/>Estudiar en Bonn es exigente y casi imposible si no habla un alem\u00e1n perfecto. Matric\u00falate hoy mismo en un curso de alem\u00e1n en la Sprachschule Aktiv de Bonn y crea los requisitos para estudiar con \u00e9xito.<\/p>\n","protected":false},"excerpt":{"rendered":"<p>\u00bfNecesita una prueba para acceder a una carrera universitaria o un examen que tambi\u00e9n est\u00e9 reconocido internacionalmente? Inscr\u00edbete en los ex\u00e1menes telc reconocidos internacionalmente y haz tu prueba con nosotros en la Sprachschule Aktiv Bonn. La preparaci\u00f3n perfecta la encontrar\u00e1s en nuestros cursos de preparaci\u00f3n, donde podr\u00e1s simular el examen en tiempo real y recibir&hellip; <a class=\"read-more\" href=\"https:\/\/www.sprachschule-aktiv-bonn.de\/es\/examenes-telc-de-aleman-en-bonn\/\" title=\"Read Ex\u00e1menes telc de alem\u00e1n en Bonn\">Read more &raquo;<\/a><\/p>\n","protected":false},"author":2,"featured_media":0,"parent":0,"menu_order":0,"comment_status":"closed","ping_status":"closed","template":"","meta":{"footnotes":""},"class_list":["post-3522","page","type-page","status-publish","hentry"],"yoast_head":"<!-- This site is optimized with the Yoast SEO plugin v27.2 - https:\/\/yoast.com\/product\/yoast-seo-wordpress\/ -->\n<title>Ex\u00e1menes telc de alem\u00e1n en Bonn<\/title>\n<meta name=\"description\" content=\"Cursos de preparaci\u00f3n para TestDaF en Bonn con lecci\u00f3n de prueba gratuita y prueba de idioma. El curso intensivo de 4 semanas cuesta 399 \u20ac \u00a1Desc\u00fabrelo ahora!\" \/>\n<meta name=\"robots\" content=\"index, follow, max-snippet:-1, max-image-preview:large, max-video-preview:-1\" \/>\n<link rel=\"canonical\" href=\"https:\/\/www.sprachschule-aktiv-bonn.de\/es\/examenes-telc-de-aleman-en-bonn\/\" \/>\n<meta property=\"og:locale\" content=\"es_ES\" \/>\n<meta property=\"og:type\" content=\"article\" \/>\n<meta property=\"og:title\" content=\"Ex\u00e1menes telc de alem\u00e1n en Bonn\" \/>\n<meta property=\"og:description\" content=\"Cursos de preparaci\u00f3n para TestDaF en Bonn con lecci\u00f3n de prueba gratuita y prueba de idioma. El curso intensivo de 4 semanas cuesta 399 \u20ac \u00a1Desc\u00fabrelo ahora!\" \/>\n<meta property=\"og:url\" content=\"https:\/\/www.sprachschule-aktiv-bonn.de\/es\/examenes-telc-de-aleman-en-bonn\/\" \/>\n<meta property=\"og:site_name\" content=\"Sprachschule Aktiv Bonn\" \/>\n<meta property=\"article:modified_time\" content=\"2026-03-24T20:28:37+00:00\" \/>\n<meta property=\"og:image\" content=\"https:\/\/www.sprachschule-aktiv-bonn.de\/wp-content\/uploads\/2023\/04\/telc-deutsch-pruefungen-in-bonn-1.jpg\" \/>\n\t<meta property=\"og:image:width\" content=\"800\" \/>\n\t<meta property=\"og:image:height\" content=\"1067\" \/>\n\t<meta property=\"og:image:type\" content=\"image\/jpeg\" \/>\n<meta name=\"twitter:card\" content=\"summary_large_image\" \/>\n<meta name=\"twitter:label1\" content=\"Tiempo de lectura\" \/>\n\t<meta name=\"twitter:data1\" content=\"6 minutos\" \/>\n<script type=\"application\/ld+json\" class=\"yoast-schema-graph\">{\"@context\":\"https:\/\/schema.org\",\"@graph\":[{\"@type\":\"WebPage\",\"@id\":\"https:\/\/www.sprachschule-aktiv-bonn.de\/es\/examenes-telc-de-aleman-en-bonn\/\",\"url\":\"https:\/\/www.sprachschule-aktiv-bonn.de\/es\/examenes-telc-de-aleman-en-bonn\/\",\"name\":\"Ex\u00e1menes telc de alem\u00e1n en Bonn\",\"isPartOf\":{\"@id\":\"https:\/\/www.sprachschule-aktiv-bonn.de\/#website\"},\"primaryImageOfPage\":{\"@id\":\"https:\/\/www.sprachschule-aktiv-bonn.de\/es\/examenes-telc-de-aleman-en-bonn\/#primaryimage\"},\"image\":{\"@id\":\"https:\/\/www.sprachschule-aktiv-bonn.de\/es\/examenes-telc-de-aleman-en-bonn\/#primaryimage\"},\"thumbnailUrl\":\"https:\/\/www.sprachschule-aktiv-bonn.de\/wp-content\/uploads\/2023\/04\/telc-deutsch-pruefungen-in-bonn-1-768x1024.jpg\",\"datePublished\":\"2022-05-31T05:27:58+00:00\",\"dateModified\":\"2026-03-24T20:28:37+00:00\",\"description\":\"Cursos de preparaci\u00f3n para TestDaF en Bonn con lecci\u00f3n de prueba gratuita y prueba de idioma. El curso intensivo de 4 semanas cuesta 399 \u20ac \u00a1Desc\u00fabrelo ahora!\",\"breadcrumb\":{\"@id\":\"https:\/\/www.sprachschule-aktiv-bonn.de\/es\/examenes-telc-de-aleman-en-bonn\/#breadcrumb\"},\"inLanguage\":\"es\",\"potentialAction\":[{\"@type\":\"ReadAction\",\"target\":[\"https:\/\/www.sprachschule-aktiv-bonn.de\/es\/examenes-telc-de-aleman-en-bonn\/\"]}]},{\"@type\":\"ImageObject\",\"inLanguage\":\"es\",\"@id\":\"https:\/\/www.sprachschule-aktiv-bonn.de\/es\/examenes-telc-de-aleman-en-bonn\/#primaryimage\",\"url\":\"https:\/\/www.sprachschule-aktiv-bonn.de\/wp-content\/uploads\/2023\/04\/telc-deutsch-pruefungen-in-bonn-1-768x1024.jpg\",\"contentUrl\":\"https:\/\/www.sprachschule-aktiv-bonn.de\/wp-content\/uploads\/2023\/04\/telc-deutsch-pruefungen-in-bonn-1-768x1024.jpg\"},{\"@type\":\"BreadcrumbList\",\"@id\":\"https:\/\/www.sprachschule-aktiv-bonn.de\/es\/examenes-telc-de-aleman-en-bonn\/#breadcrumb\",\"itemListElement\":[{\"@type\":\"ListItem\",\"position\":1,\"name\":\"Startseite\",\"item\":\"https:\/\/www.sprachschule-aktiv-bonn.de\/es\/\"},{\"@type\":\"ListItem\",\"position\":2,\"name\":\"Ex\u00e1menes telc de alem\u00e1n en Bonn\"}]},{\"@type\":\"WebSite\",\"@id\":\"https:\/\/www.sprachschule-aktiv-bonn.de\/#website\",\"url\":\"https:\/\/www.sprachschule-aktiv-bonn.de\/\",\"name\":\"Sprachschule Aktiv Bonn\",\"description\":\"\",\"potentialAction\":[{\"@type\":\"SearchAction\",\"target\":{\"@type\":\"EntryPoint\",\"urlTemplate\":\"https:\/\/www.sprachschule-aktiv-bonn.de\/?s={search_term_string}\"},\"query-input\":{\"@type\":\"PropertyValueSpecification\",\"valueRequired\":true,\"valueName\":\"search_term_string\"}}],\"inLanguage\":\"es\"}]}<\/script>\n<!-- \/ Yoast SEO plugin. -->","yoast_head_json":{"title":"Ex\u00e1menes telc de alem\u00e1n en Bonn","description":"Cursos de preparaci\u00f3n para TestDaF en Bonn con lecci\u00f3n de prueba gratuita y prueba de idioma. El curso intensivo de 4 semanas cuesta 399 \u20ac \u00a1Desc\u00fabrelo ahora!","robots":{"index":"index","follow":"follow","max-snippet":"max-snippet:-1","max-image-preview":"max-image-preview:large","max-video-preview":"max-video-preview:-1"},"canonical":"https:\/\/www.sprachschule-aktiv-bonn.de\/es\/examenes-telc-de-aleman-en-bonn\/","og_locale":"es_ES","og_type":"article","og_title":"Ex\u00e1menes telc de alem\u00e1n en Bonn","og_description":"Cursos de preparaci\u00f3n para TestDaF en Bonn con lecci\u00f3n de prueba gratuita y prueba de idioma. El curso intensivo de 4 semanas cuesta 399 \u20ac \u00a1Desc\u00fabrelo ahora!","og_url":"https:\/\/www.sprachschule-aktiv-bonn.de\/es\/examenes-telc-de-aleman-en-bonn\/","og_site_name":"Sprachschule Aktiv Bonn","article_modified_time":"2026-03-24T20:28:37+00:00","og_image":[{"width":800,"height":1067,"url":"https:\/\/www.sprachschule-aktiv-bonn.de\/wp-content\/uploads\/2023\/04\/telc-deutsch-pruefungen-in-bonn-1.jpg","type":"image\/jpeg"}],"twitter_card":"summary_large_image","twitter_misc":{"Tiempo de lectura":"6 minutos"},"schema":{"@context":"https:\/\/schema.org","@graph":[{"@type":"WebPage","@id":"https:\/\/www.sprachschule-aktiv-bonn.de\/es\/examenes-telc-de-aleman-en-bonn\/","url":"https:\/\/www.sprachschule-aktiv-bonn.de\/es\/examenes-telc-de-aleman-en-bonn\/","name":"Ex\u00e1menes telc de alem\u00e1n en Bonn","isPartOf":{"@id":"https:\/\/www.sprachschule-aktiv-bonn.de\/#website"},"primaryImageOfPage":{"@id":"https:\/\/www.sprachschule-aktiv-bonn.de\/es\/examenes-telc-de-aleman-en-bonn\/#primaryimage"},"image":{"@id":"https:\/\/www.sprachschule-aktiv-bonn.de\/es\/examenes-telc-de-aleman-en-bonn\/#primaryimage"},"thumbnailUrl":"https:\/\/www.sprachschule-aktiv-bonn.de\/wp-content\/uploads\/2023\/04\/telc-deutsch-pruefungen-in-bonn-1-768x1024.jpg","datePublished":"2022-05-31T05:27:58+00:00","dateModified":"2026-03-24T20:28:37+00:00","description":"Cursos de preparaci\u00f3n para TestDaF en Bonn con lecci\u00f3n de prueba gratuita y prueba de idioma. El curso intensivo de 4 semanas cuesta 399 \u20ac \u00a1Desc\u00fabrelo ahora!","breadcrumb":{"@id":"https:\/\/www.sprachschule-aktiv-bonn.de\/es\/examenes-telc-de-aleman-en-bonn\/#breadcrumb"},"inLanguage":"es","potentialAction":[{"@type":"ReadAction","target":["https:\/\/www.sprachschule-aktiv-bonn.de\/es\/examenes-telc-de-aleman-en-bonn\/"]}]},{"@type":"ImageObject","inLanguage":"es","@id":"https:\/\/www.sprachschule-aktiv-bonn.de\/es\/examenes-telc-de-aleman-en-bonn\/#primaryimage","url":"https:\/\/www.sprachschule-aktiv-bonn.de\/wp-content\/uploads\/2023\/04\/telc-deutsch-pruefungen-in-bonn-1-768x1024.jpg","contentUrl":"https:\/\/www.sprachschule-aktiv-bonn.de\/wp-content\/uploads\/2023\/04\/telc-deutsch-pruefungen-in-bonn-1-768x1024.jpg"},{"@type":"BreadcrumbList","@id":"https:\/\/www.sprachschule-aktiv-bonn.de\/es\/examenes-telc-de-aleman-en-bonn\/#breadcrumb","itemListElement":[{"@type":"ListItem","position":1,"name":"Startseite","item":"https:\/\/www.sprachschule-aktiv-bonn.de\/es\/"},{"@type":"ListItem","position":2,"name":"Ex\u00e1menes telc de alem\u00e1n en Bonn"}]},{"@type":"WebSite","@id":"https:\/\/www.sprachschule-aktiv-bonn.de\/#website","url":"https:\/\/www.sprachschule-aktiv-bonn.de\/","name":"Sprachschule Aktiv Bonn","description":"","potentialAction":[{"@type":"SearchAction","target":{"@type":"EntryPoint","urlTemplate":"https:\/\/www.sprachschule-aktiv-bonn.de\/?s={search_term_string}"},"query-input":{"@type":"PropertyValueSpecification","valueRequired":true,"valueName":"search_term_string"}}],"inLanguage":"es"}]}},"_links":{"self":[{"href":"https:\/\/www.sprachschule-aktiv-bonn.de\/es\/wp-json\/wp\/v2\/pages\/3522","targetHints":{"allow":["GET"]}}],"collection":[{"href":"https:\/\/www.sprachschule-aktiv-bonn.de\/es\/wp-json\/wp\/v2\/pages"}],"about":[{"href":"https:\/\/www.sprachschule-aktiv-bonn.de\/es\/wp-json\/wp\/v2\/types\/page"}],"author":[{"embeddable":true,"href":"https:\/\/www.sprachschule-aktiv-bonn.de\/es\/wp-json\/wp\/v2\/users\/2"}],"replies":[{"embeddable":true,"href":"https:\/\/www.sprachschule-aktiv-bonn.de\/es\/wp-json\/wp\/v2\/comments?post=3522"}],"version-history":[{"count":7,"href":"https:\/\/www.sprachschule-aktiv-bonn.de\/es\/wp-json\/wp\/v2\/pages\/3522\/revisions"}],"predecessor-version":[{"id":7628,"href":"https:\/\/www.sprachschule-aktiv-bonn.de\/es\/wp-json\/wp\/v2\/pages\/3522\/revisions\/7628"}],"wp:attachment":[{"href":"https:\/\/www.sprachschule-aktiv-bonn.de\/es\/wp-json\/wp\/v2\/media?parent=3522"}],"curies":[{"name":"wp","href":"https:\/\/api.w.org\/{rel}","templated":true}]}}