{"id":3492,"date":"2022-06-04T06:57:16","date_gmt":"2022-06-04T04:57:16","guid":{"rendered":"https:\/\/www.sprachschule-aktiv-bonn.de\/krankenversicherung-fuer-deutschlerner\/"},"modified":"2026-03-24T21:25:19","modified_gmt":"2026-03-24T20:25:19","slug":"seguro-de-enfermedad-para-estudiantes-de-aleman","status":"publish","type":"page","link":"https:\/\/www.sprachschule-aktiv-bonn.de\/es\/seguro-de-enfermedad-para-estudiantes-de-aleman\/","title":{"rendered":"Seguro de enfermedad para estudiantes de alem\u00e1n en Bonn"},"content":{"rendered":"\t\t<div data-elementor-type=\"wp-page\" data-elementor-id=\"3492\" class=\"elementor elementor-3492 elementor-449\">\n\t\t\t\t\t\t<section class=\"elementor-section elementor-top-section elementor-element elementor-element-506ba4b elementor-section-boxed elementor-section-height-default elementor-section-height-default\" data-id=\"506ba4b\" data-element_type=\"section\" data-e-type=\"section\">\n\t\t\t\t\t\t<div class=\"elementor-container elementor-column-gap-default\">\n\t\t\t\t\t<div class=\"elementor-column elementor-col-100 elementor-top-column elementor-element elementor-element-72b5a0f\" data-id=\"72b5a0f\" data-element_type=\"column\" data-e-type=\"column\">\n\t\t\t<div class=\"elementor-widget-wrap elementor-element-populated\">\n\t\t\t\t\t\t<section class=\"elementor-section elementor-inner-section elementor-element elementor-element-dc6c99a elementor-section-content-middle elementor-section-boxed elementor-section-height-default elementor-section-height-default\" data-id=\"dc6c99a\" data-element_type=\"section\" data-e-type=\"section\">\n\t\t\t\t\t\t<div class=\"elementor-container elementor-column-gap-default\">\n\t\t\t\t\t<div class=\"elementor-column elementor-col-50 elementor-inner-column elementor-element elementor-element-f279e15\" data-id=\"f279e15\" data-element_type=\"column\" data-e-type=\"column\">\n\t\t\t<div class=\"elementor-widget-wrap elementor-element-populated\">\n\t\t\t\t\t\t<div class=\"elementor-element elementor-element-e2ed429 elementor-widget elementor-widget-image\" data-id=\"e2ed429\" data-element_type=\"widget\" data-e-type=\"widget\" data-widget_type=\"image.default\">\n\t\t\t\t<div class=\"elementor-widget-container\">\n\t\t\t\t\t\t\t\t\t\t\t\t\t\t\t<img fetchpriority=\"high\" decoding=\"async\" width=\"1024\" height=\"576\" src=\"https:\/\/www.sprachschule-aktiv-bonn.de\/wp-content\/uploads\/2023\/04\/bildergalerie-sprachschule-in-bonn-21-1024x576.webp\" class=\"attachment-large size-large wp-image-3389\" alt=\"Seguro de enfermedad para estudiantes de alem\u00e1n en Bonn\" srcset=\"https:\/\/www.sprachschule-aktiv-bonn.de\/wp-content\/uploads\/2023\/04\/bildergalerie-sprachschule-in-bonn-21-1024x576.webp 1024w, https:\/\/www.sprachschule-aktiv-bonn.de\/wp-content\/uploads\/2023\/04\/bildergalerie-sprachschule-in-bonn-21-300x169.webp 300w, https:\/\/www.sprachschule-aktiv-bonn.de\/wp-content\/uploads\/2023\/04\/bildergalerie-sprachschule-in-bonn-21-768x432.webp 768w, https:\/\/www.sprachschule-aktiv-bonn.de\/wp-content\/uploads\/2023\/04\/bildergalerie-sprachschule-in-bonn-21.webp 1280w\" sizes=\"(max-width: 1024px) 100vw, 1024px\" \/>\t\t\t\t\t\t\t\t\t\t\t\t\t\t\t<\/div>\n\t\t\t\t<\/div>\n\t\t\t\t\t<\/div>\n\t\t<\/div>\n\t\t\t\t<div class=\"elementor-column elementor-col-50 elementor-inner-column elementor-element elementor-element-477d2e4\" data-id=\"477d2e4\" data-element_type=\"column\" data-e-type=\"column\">\n\t\t\t<div class=\"elementor-widget-wrap elementor-element-populated\">\n\t\t\t\t\t\t<div class=\"elementor-element elementor-element-8df2d0b elementor-widget elementor-widget-text-editor\" data-id=\"8df2d0b\" data-element_type=\"widget\" data-e-type=\"widget\" data-widget_type=\"text-editor.default\">\n\t\t\t\t<div class=\"elementor-widget-container\">\n\t\t\t\t\t\t\t\t\t<p>Es muy importante que los estudiantes extranjeros de idiomas en Alemania tengan un seguro m\u00e9dico. Si a\u00fan no est\u00e1n protegidos por un seguro obligatorio, deben buscar un seguro m\u00e9dico adecuado en una fase temprana antes de presentar su solicitud de visado. Un seguro m\u00e9dico v\u00e1lido es un requisito previo para solicitar un visado en Alemania. La solicitud puede hacerse en l\u00ednea en pocos minutos. No obstante, es aconsejable informarse previamente sobre las distintas opciones de seguro, ya que el alcance del seguro puede variar en funci\u00f3n del proveedor. Si elige cuidadosamente el seguro adecuado, podr\u00e1 ahorrar mucho dinero y seguir recibiendo una asistencia de alta calidad. Estamos aqu\u00ed para ayudarle a encontrar el plan de seguro m\u00e9dico adecuado. Trabajamos con un proveedor acreditado y de confianza.<\/p>\t\t\t\t\t\t\t\t<\/div>\n\t\t\t\t<\/div>\n\t\t\t\t\t<\/div>\n\t\t<\/div>\n\t\t\t\t\t<\/div>\n\t\t<\/section>\n\t\t\t\t<div class=\"elementor-element elementor-element-2454809 elementor-widget elementor-widget-heading\" data-id=\"2454809\" data-element_type=\"widget\" data-e-type=\"widget\" data-widget_type=\"heading.default\">\n\t\t\t\t<div class=\"elementor-widget-container\">\n\t\t\t\t\t<h2 class=\"elementor-heading-title elementor-size-default\">Encontrar el seguro adecuado<\/h2>\t\t\t\t<\/div>\n\t\t\t\t<\/div>\n\t\t\t\t<section class=\"elementor-section elementor-inner-section elementor-element elementor-element-ef97721 elementor-section-boxed elementor-section-height-default elementor-section-height-default\" data-id=\"ef97721\" data-element_type=\"section\" data-e-type=\"section\">\n\t\t\t\t\t\t<div class=\"elementor-container elementor-column-gap-default\">\n\t\t\t\t\t<div class=\"elementor-column elementor-col-100 elementor-inner-column elementor-element elementor-element-829ca15\" data-id=\"829ca15\" data-element_type=\"column\" data-e-type=\"column\">\n\t\t\t<div class=\"elementor-widget-wrap elementor-element-populated\">\n\t\t\t\t\t\t<div class=\"elementor-element elementor-element-7f22943 elementor-widget elementor-widget-text-editor\" data-id=\"7f22943\" data-element_type=\"widget\" data-e-type=\"widget\" data-widget_type=\"text-editor.default\">\n\t\t\t\t<div class=\"elementor-widget-container\">\n\t\t\t\t\t\t\t\t\t<p>Encontrar el seguro de enfermedad adecuado no es ning\u00fan problema. Basta con entrar en Internet y enseguida aparecen innumerables proveedores entre los que elegir. Pero aqu\u00ed es donde empieza el problema, porque \u00bfqu\u00e9 compa\u00f1\u00eda ofrece la mejor relaci\u00f3n calidad-precio para usted como estudiante de idiomas? Una comparaci\u00f3n directa no siempre es f\u00e1cil, porque hay diferentes tarifas. La escuela de idiomas Aktiv de Bonn ha tenido una buena experiencia con la compa\u00f1\u00eda de seguros Care Concept. La compa\u00f1\u00eda ofrece seguros para estudiantes y estudiantes de idiomas.<\/p>\t\t\t\t\t\t\t\t<\/div>\n\t\t\t\t<\/div>\n\t\t\t\t<div class=\"elementor-element elementor-element-72d1ccb elementor-widget elementor-widget-text-editor\" data-id=\"72d1ccb\" data-element_type=\"widget\" data-e-type=\"widget\" data-widget_type=\"text-editor.default\">\n\t\t\t\t<div class=\"elementor-widget-container\">\n\t\t\t\t\t\t\t\t\t<p><a class=\"whyaweb-kontakt\" href=\"#\">Cont\u00e1ctanos<\/a><\/p>\t\t\t\t\t\t\t\t<\/div>\n\t\t\t\t<\/div>\n\t\t\t\t\t<\/div>\n\t\t<\/div>\n\t\t\t\t\t<\/div>\n\t\t<\/section>\n\t\t\t\t<div class=\"elementor-element elementor-element-6667288 elementor-widget elementor-widget-heading\" data-id=\"6667288\" data-element_type=\"widget\" data-e-type=\"widget\" data-widget_type=\"heading.default\">\n\t\t\t\t<div class=\"elementor-widget-container\">\n\t\t\t\t\t<h2 class=\"elementor-heading-title elementor-size-default\">Los requisitos para el seguro de enfermedad<\/h2>\t\t\t\t<\/div>\n\t\t\t\t<\/div>\n\t\t\t\t<div class=\"elementor-element elementor-element-b81fc34 elementor-widget elementor-widget-text-editor\" data-id=\"b81fc34\" data-element_type=\"widget\" data-e-type=\"widget\" data-widget_type=\"text-editor.default\">\n\t\t\t\t<div class=\"elementor-widget-container\">\n\t\t\t\t\t\t\t\t\t<p>Nuestro socio colaborador es la compa\u00f1\u00eda de seguros de enfermedad Care Concept. El seguro est\u00e1 especialmente adaptado a las necesidades de los estudiantes de idiomas y ofrece productos a medida. Se puede contratar sin problemas hasta los 35 a\u00f1os. Los estudiantes de idiomas de todo el mundo que quieran asistir a una escuela de idiomas en Alemania o Austria pueden contratar este seguro. La protecci\u00f3n ideal mientras se aprende alem\u00e1n.<\/p>\t\t\t\t\t\t\t\t<\/div>\n\t\t\t\t<\/div>\n\t\t\t\t<div class=\"elementor-element elementor-element-9f84912 elementor-widget elementor-widget-heading\" data-id=\"9f84912\" data-element_type=\"widget\" data-e-type=\"widget\" data-widget_type=\"heading.default\">\n\t\t\t\t<div class=\"elementor-widget-container\">\n\t\t\t\t\t<h2 class=\"elementor-heading-title elementor-size-default\">Las ventajas del Care Concept<\/h2>\t\t\t\t<\/div>\n\t\t\t\t<\/div>\n\t\t\t\t<div class=\"elementor-element elementor-element-89d0dd1 elementor-widget elementor-widget-text-editor\" data-id=\"89d0dd1\" data-element_type=\"widget\" data-e-type=\"widget\" data-widget_type=\"text-editor.default\">\n\t\t\t\t<div class=\"elementor-widget-container\">\n\t\t\t\t\t\t\t\t\t<p>Usted recibe las prestaciones a las que est\u00e1 acostumbrado de su seguro de enfermedad, es decir, todos los tratamientos ambulatorios, dentales y hospitalarios necesarios. En el caso de una visita al dentista, depende de la tarifa que elija si tiene que hacer un copago y, en caso afirmativo, cu\u00e1nto.<\/p>\t\t\t\t\t\t\t\t<\/div>\n\t\t\t\t<\/div>\n\t\t\t\t<div class=\"elementor-element elementor-element-350350b elementor-widget elementor-widget-heading\" data-id=\"350350b\" data-element_type=\"widget\" data-e-type=\"widget\" data-widget_type=\"heading.default\">\n\t\t\t\t<div class=\"elementor-widget-container\">\n\t\t\t\t\t<h2 class=\"elementor-heading-title elementor-size-default\">Estos son los gastos que puede esperar<\/h2>\t\t\t\t<\/div>\n\t\t\t\t<\/div>\n\t\t\t\t<div class=\"elementor-element elementor-element-1682d46 elementor-widget elementor-widget-text-editor\" data-id=\"1682d46\" data-element_type=\"widget\" data-e-type=\"widget\" data-widget_type=\"text-editor.default\">\n\t\t\t\t<div class=\"elementor-widget-container\">\n\t\t\t\t\t\t\t\t\t<p>Con todas las tarifas se obtiene un buen servicio b\u00e1sico que cubre todas las \u00e1reas importantes. La tarifa m\u00e1s barata se llama Care College Basis y no cuesta m\u00e1s de 28 euros al mes. Con esta tarifa hay que pagar copagos m\u00e1s a menudo. Care College Comfort ofrece algo m\u00e1s de servicios por 35 euros al mes. Por \u00faltimo, Care College Premium cuesta 63 euros al mes. Esta tarifa no deja casi nada que desear. Entre otras cosas, recibir\u00e1 100 euros para gafas nuevas u otras ayudas visuales, y si necesita una pr\u00f3tesis dental tras un accidente, recibir\u00e1 una por valor de hasta 2.500 euros. En caso de hospitalizaci\u00f3n, recibir\u00e1 subsidios diarios de hospitalizaci\u00f3n. Encontrar\u00e1 las condiciones exactas en la p\u00e1gina de inicio de Care Concept. Los precios indicados son v\u00e1lidos durante un m\u00e1ximo de 18 meses. Es suficiente para un curso de idiomas.<\/p>\t\t\t\t\t\t\t\t<\/div>\n\t\t\t\t<\/div>\n\t\t\t\t<div class=\"elementor-element elementor-element-423fb99 elementor-widget elementor-widget-heading\" data-id=\"423fb99\" data-element_type=\"widget\" data-e-type=\"widget\" data-widget_type=\"heading.default\">\n\t\t\t\t<div class=\"elementor-widget-container\">\n\t\t\t\t\t<h2 class=\"elementor-heading-title elementor-size-default\">C\u00f3mo contratar el seguro<\/h2>\t\t\t\t<\/div>\n\t\t\t\t<\/div>\n\t\t\t\t<div class=\"elementor-element elementor-element-fdc44e3 elementor-widget elementor-widget-text-editor\" data-id=\"fdc44e3\" data-element_type=\"widget\" data-e-type=\"widget\" data-widget_type=\"text-editor.default\">\n\t\t\t\t<div class=\"elementor-widget-container\">\n\t\t\t\t\t\t\t\t\t<p>Puede contratar f\u00e1cilmente el seguro de enfermedad Care Concept a trav\u00e9s de Internet. Rellene cuidadosamente todas las preguntas. Si lo desea, puede combinar el seguro con un seguro de accidentes o de responsabilidad civil. En pocos minutos recibir\u00e1 por adelantado los documentos del seguro por correo electr\u00f3nico y unos d\u00edas despu\u00e9s por correo postal. Al entrar en Alemania, deber\u00e1 llevar consigo un justificante del seguro de enfermedad, ya que suele ser un requisito de entrada.<\/p>\t\t\t\t\t\t\t\t<\/div>\n\t\t\t\t<\/div>\n\t\t\t\t<div class=\"elementor-element elementor-element-0407df8 elementor-widget elementor-widget-heading\" data-id=\"0407df8\" data-element_type=\"widget\" data-e-type=\"widget\" data-widget_type=\"heading.default\">\n\t\t\t\t<div class=\"elementor-widget-container\">\n\t\t\t\t\t<h2 class=\"elementor-heading-title elementor-size-default\">Disfrute de un buen trato en Bonn<\/h2>\t\t\t\t<\/div>\n\t\t\t\t<\/div>\n\t\t\t\t<section class=\"elementor-section elementor-inner-section elementor-element elementor-element-e746c05 elementor-section-boxed elementor-section-height-default elementor-section-height-default\" data-id=\"e746c05\" data-element_type=\"section\" data-e-type=\"section\">\n\t\t\t\t\t\t<div class=\"elementor-container elementor-column-gap-default\">\n\t\t\t\t\t<div class=\"elementor-column elementor-col-50 elementor-inner-column elementor-element elementor-element-af16f63\" data-id=\"af16f63\" data-element_type=\"column\" data-e-type=\"column\">\n\t\t\t<div class=\"elementor-widget-wrap elementor-element-populated\">\n\t\t\t\t\t\t<div class=\"elementor-element elementor-element-f888318 elementor-widget elementor-widget-video\" data-id=\"f888318\" data-element_type=\"widget\" data-e-type=\"widget\" data-settings=\"{&quot;youtube_url&quot;:&quot;https:\\\/\\\/www.youtube.com\\\/watch?v=JOvJI8b4z_E&quot;,&quot;video_type&quot;:&quot;youtube&quot;,&quot;controls&quot;:&quot;yes&quot;}\" data-widget_type=\"video.default\">\n\t\t\t\t<div class=\"elementor-widget-container\">\n\t\t\t\t\t\t\t<div class=\"elementor-wrapper elementor-open-inline\">\n\t\t\t<div class=\"elementor-video\"><\/div>\t\t<\/div>\n\t\t\t\t\t\t<\/div>\n\t\t\t\t<\/div>\n\t\t\t\t\t<\/div>\n\t\t<\/div>\n\t\t\t\t<div class=\"elementor-column elementor-col-50 elementor-inner-column elementor-element elementor-element-65e816c\" data-id=\"65e816c\" data-element_type=\"column\" data-e-type=\"column\">\n\t\t\t<div class=\"elementor-widget-wrap elementor-element-populated\">\n\t\t\t\t\t\t<div class=\"elementor-element elementor-element-3628bb2 elementor-widget elementor-widget-text-editor\" data-id=\"3628bb2\" data-element_type=\"widget\" data-e-type=\"widget\" data-widget_type=\"text-editor.default\">\n\t\t\t\t<div class=\"elementor-widget-container\">\n\t\t\t\t\t\t\t\t\t<p>Como ha visto, s\u00f3lo paga una cuota muy baja. Los trabajadores asegurados obligatoriamente pagan varias veces esa cantidad. Con esta tarifa favorable, usted tiene las ventajas de un paciente privado.<br \/>Alemania tiene un sistema sanitario muy desarrollado. Muchos pacientes del SHI s\u00f3lo se benefician de \u00e9l en parte, porque muchos m\u00e9dicos no recetan medicamentos innovadores a los pacientes del SHI. Como paciente privado, siempre recibir\u00e1 el mejor tratamiento.<\/p><p><br \/>Aunque viva en Europa y est\u00e9 asegurado a trav\u00e9s de su pa\u00eds de origen, deber\u00eda considerar la posibilidad de contratar un seguro m\u00e9dico de viaje. En caso de enfermedad grave, su seguro m\u00e9dico no pagar\u00e1 el transporte de vuelta a su pa\u00eds de origen, que puede resultar muy caro r\u00e1pidamente.<\/p>\t\t\t\t\t\t\t\t<\/div>\n\t\t\t\t<\/div>\n\t\t\t\t\t<\/div>\n\t\t<\/div>\n\t\t\t\t\t<\/div>\n\t\t<\/section>\n\t\t\t\t\t<\/div>\n\t\t<\/div>\n\t\t\t\t\t<\/div>\n\t\t<\/section>\n\t\t\t\t<\/div>\n\t\t","protected":false},"excerpt":{"rendered":"<p>Es muy importante que los estudiantes extranjeros de idiomas en Alemania tengan un seguro m\u00e9dico. Si a\u00fan no est\u00e1n protegidos por un seguro obligatorio, deben buscar un seguro m\u00e9dico adecuado en una fase temprana antes de presentar su solicitud de visado. Un seguro m\u00e9dico v\u00e1lido es un requisito previo para solicitar un visado en Alemania.&hellip; <a class=\"read-more\" href=\"https:\/\/www.sprachschule-aktiv-bonn.de\/es\/seguro-de-enfermedad-para-estudiantes-de-aleman\/\" title=\"Read Seguro de enfermedad para estudiantes de alem\u00e1n en Bonn\">Read more &raquo;<\/a><\/p>\n","protected":false},"author":2,"featured_media":0,"parent":0,"menu_order":0,"comment_status":"closed","ping_status":"closed","template":"","meta":{"footnotes":""},"class_list":["post-3492","page","type-page","status-publish","hentry"],"yoast_head":"<!-- This site is optimized with the Yoast SEO plugin v27.2 - https:\/\/yoast.com\/product\/yoast-seo-wordpress\/ -->\n<title>Seguro de enfermedad para estudiantes de alem\u00e1n en Bonn<\/title>\n<meta name=\"description\" content=\"Como estudiante extranjero, normalmente necesitas un seguro m\u00e9dico para un curso de alem\u00e1n en Bonn. \u00a1Inf\u00f3rmese ahora!\" \/>\n<meta name=\"robots\" content=\"index, follow, max-snippet:-1, max-image-preview:large, max-video-preview:-1\" \/>\n<link rel=\"canonical\" href=\"https:\/\/www.sprachschule-aktiv-bonn.de\/es\/seguro-de-enfermedad-para-estudiantes-de-aleman\/\" \/>\n<meta property=\"og:locale\" content=\"es_ES\" \/>\n<meta property=\"og:type\" content=\"article\" \/>\n<meta property=\"og:title\" content=\"Seguro de enfermedad para estudiantes de alem\u00e1n en Bonn\" \/>\n<meta property=\"og:description\" content=\"Como estudiante extranjero, normalmente necesitas un seguro m\u00e9dico para un curso de alem\u00e1n en Bonn. \u00a1Inf\u00f3rmese ahora!\" \/>\n<meta property=\"og:url\" content=\"https:\/\/www.sprachschule-aktiv-bonn.de\/es\/seguro-de-enfermedad-para-estudiantes-de-aleman\/\" \/>\n<meta property=\"og:site_name\" content=\"Sprachschule Aktiv Bonn\" \/>\n<meta property=\"article:modified_time\" content=\"2026-03-24T20:25:19+00:00\" \/>\n<meta property=\"og:image\" content=\"https:\/\/www.sprachschule-aktiv-bonn.de\/wp-content\/uploads\/2023\/04\/bildergalerie-sprachschule-in-bonn-21.webp\" \/>\n\t<meta property=\"og:image:width\" content=\"1280\" \/>\n\t<meta property=\"og:image:height\" content=\"720\" \/>\n\t<meta property=\"og:image:type\" content=\"image\/webp\" \/>\n<meta name=\"twitter:card\" content=\"summary_large_image\" \/>\n<meta name=\"twitter:label1\" content=\"Tiempo de lectura\" \/>\n\t<meta name=\"twitter:data1\" content=\"4 minutos\" \/>\n<script type=\"application\/ld+json\" class=\"yoast-schema-graph\">{\"@context\":\"https:\/\/schema.org\",\"@graph\":[{\"@type\":\"WebPage\",\"@id\":\"https:\/\/www.sprachschule-aktiv-bonn.de\/es\/seguro-de-enfermedad-para-estudiantes-de-aleman\/\",\"url\":\"https:\/\/www.sprachschule-aktiv-bonn.de\/es\/seguro-de-enfermedad-para-estudiantes-de-aleman\/\",\"name\":\"Seguro de enfermedad para estudiantes de alem\u00e1n en Bonn\",\"isPartOf\":{\"@id\":\"https:\/\/www.sprachschule-aktiv-bonn.de\/#website\"},\"primaryImageOfPage\":{\"@id\":\"https:\/\/www.sprachschule-aktiv-bonn.de\/es\/seguro-de-enfermedad-para-estudiantes-de-aleman\/#primaryimage\"},\"image\":{\"@id\":\"https:\/\/www.sprachschule-aktiv-bonn.de\/es\/seguro-de-enfermedad-para-estudiantes-de-aleman\/#primaryimage\"},\"thumbnailUrl\":\"https:\/\/www.sprachschule-aktiv-bonn.de\/wp-content\/uploads\/2023\/04\/bildergalerie-sprachschule-in-bonn-21-1024x576.webp\",\"datePublished\":\"2022-06-04T04:57:16+00:00\",\"dateModified\":\"2026-03-24T20:25:19+00:00\",\"description\":\"Como estudiante extranjero, normalmente necesitas un seguro m\u00e9dico para un curso de alem\u00e1n en Bonn. \u00a1Inf\u00f3rmese ahora!\",\"breadcrumb\":{\"@id\":\"https:\/\/www.sprachschule-aktiv-bonn.de\/es\/seguro-de-enfermedad-para-estudiantes-de-aleman\/#breadcrumb\"},\"inLanguage\":\"es\",\"potentialAction\":[{\"@type\":\"ReadAction\",\"target\":[\"https:\/\/www.sprachschule-aktiv-bonn.de\/es\/seguro-de-enfermedad-para-estudiantes-de-aleman\/\"]}]},{\"@type\":\"ImageObject\",\"inLanguage\":\"es\",\"@id\":\"https:\/\/www.sprachschule-aktiv-bonn.de\/es\/seguro-de-enfermedad-para-estudiantes-de-aleman\/#primaryimage\",\"url\":\"https:\/\/www.sprachschule-aktiv-bonn.de\/wp-content\/uploads\/2023\/04\/bildergalerie-sprachschule-in-bonn-21-1024x576.webp\",\"contentUrl\":\"https:\/\/www.sprachschule-aktiv-bonn.de\/wp-content\/uploads\/2023\/04\/bildergalerie-sprachschule-in-bonn-21-1024x576.webp\"},{\"@type\":\"BreadcrumbList\",\"@id\":\"https:\/\/www.sprachschule-aktiv-bonn.de\/es\/seguro-de-enfermedad-para-estudiantes-de-aleman\/#breadcrumb\",\"itemListElement\":[{\"@type\":\"ListItem\",\"position\":1,\"name\":\"Startseite\",\"item\":\"https:\/\/www.sprachschule-aktiv-bonn.de\/es\/\"},{\"@type\":\"ListItem\",\"position\":2,\"name\":\"Seguro de enfermedad para estudiantes de alem\u00e1n en Bonn\"}]},{\"@type\":\"WebSite\",\"@id\":\"https:\/\/www.sprachschule-aktiv-bonn.de\/#website\",\"url\":\"https:\/\/www.sprachschule-aktiv-bonn.de\/\",\"name\":\"Sprachschule Aktiv Bonn\",\"description\":\"\",\"potentialAction\":[{\"@type\":\"SearchAction\",\"target\":{\"@type\":\"EntryPoint\",\"urlTemplate\":\"https:\/\/www.sprachschule-aktiv-bonn.de\/?s={search_term_string}\"},\"query-input\":{\"@type\":\"PropertyValueSpecification\",\"valueRequired\":true,\"valueName\":\"search_term_string\"}}],\"inLanguage\":\"es\"}]}<\/script>\n<!-- \/ Yoast SEO plugin. -->","yoast_head_json":{"title":"Seguro de enfermedad para estudiantes de alem\u00e1n en Bonn","description":"Como estudiante extranjero, normalmente necesitas un seguro m\u00e9dico para un curso de alem\u00e1n en Bonn. \u00a1Inf\u00f3rmese ahora!","robots":{"index":"index","follow":"follow","max-snippet":"max-snippet:-1","max-image-preview":"max-image-preview:large","max-video-preview":"max-video-preview:-1"},"canonical":"https:\/\/www.sprachschule-aktiv-bonn.de\/es\/seguro-de-enfermedad-para-estudiantes-de-aleman\/","og_locale":"es_ES","og_type":"article","og_title":"Seguro de enfermedad para estudiantes de alem\u00e1n en Bonn","og_description":"Como estudiante extranjero, normalmente necesitas un seguro m\u00e9dico para un curso de alem\u00e1n en Bonn. \u00a1Inf\u00f3rmese ahora!","og_url":"https:\/\/www.sprachschule-aktiv-bonn.de\/es\/seguro-de-enfermedad-para-estudiantes-de-aleman\/","og_site_name":"Sprachschule Aktiv Bonn","article_modified_time":"2026-03-24T20:25:19+00:00","og_image":[{"width":1280,"height":720,"url":"https:\/\/www.sprachschule-aktiv-bonn.de\/wp-content\/uploads\/2023\/04\/bildergalerie-sprachschule-in-bonn-21.webp","type":"image\/webp"}],"twitter_card":"summary_large_image","twitter_misc":{"Tiempo de lectura":"4 minutos"},"schema":{"@context":"https:\/\/schema.org","@graph":[{"@type":"WebPage","@id":"https:\/\/www.sprachschule-aktiv-bonn.de\/es\/seguro-de-enfermedad-para-estudiantes-de-aleman\/","url":"https:\/\/www.sprachschule-aktiv-bonn.de\/es\/seguro-de-enfermedad-para-estudiantes-de-aleman\/","name":"Seguro de enfermedad para estudiantes de alem\u00e1n en Bonn","isPartOf":{"@id":"https:\/\/www.sprachschule-aktiv-bonn.de\/#website"},"primaryImageOfPage":{"@id":"https:\/\/www.sprachschule-aktiv-bonn.de\/es\/seguro-de-enfermedad-para-estudiantes-de-aleman\/#primaryimage"},"image":{"@id":"https:\/\/www.sprachschule-aktiv-bonn.de\/es\/seguro-de-enfermedad-para-estudiantes-de-aleman\/#primaryimage"},"thumbnailUrl":"https:\/\/www.sprachschule-aktiv-bonn.de\/wp-content\/uploads\/2023\/04\/bildergalerie-sprachschule-in-bonn-21-1024x576.webp","datePublished":"2022-06-04T04:57:16+00:00","dateModified":"2026-03-24T20:25:19+00:00","description":"Como estudiante extranjero, normalmente necesitas un seguro m\u00e9dico para un curso de alem\u00e1n en Bonn. \u00a1Inf\u00f3rmese ahora!","breadcrumb":{"@id":"https:\/\/www.sprachschule-aktiv-bonn.de\/es\/seguro-de-enfermedad-para-estudiantes-de-aleman\/#breadcrumb"},"inLanguage":"es","potentialAction":[{"@type":"ReadAction","target":["https:\/\/www.sprachschule-aktiv-bonn.de\/es\/seguro-de-enfermedad-para-estudiantes-de-aleman\/"]}]},{"@type":"ImageObject","inLanguage":"es","@id":"https:\/\/www.sprachschule-aktiv-bonn.de\/es\/seguro-de-enfermedad-para-estudiantes-de-aleman\/#primaryimage","url":"https:\/\/www.sprachschule-aktiv-bonn.de\/wp-content\/uploads\/2023\/04\/bildergalerie-sprachschule-in-bonn-21-1024x576.webp","contentUrl":"https:\/\/www.sprachschule-aktiv-bonn.de\/wp-content\/uploads\/2023\/04\/bildergalerie-sprachschule-in-bonn-21-1024x576.webp"},{"@type":"BreadcrumbList","@id":"https:\/\/www.sprachschule-aktiv-bonn.de\/es\/seguro-de-enfermedad-para-estudiantes-de-aleman\/#breadcrumb","itemListElement":[{"@type":"ListItem","position":1,"name":"Startseite","item":"https:\/\/www.sprachschule-aktiv-bonn.de\/es\/"},{"@type":"ListItem","position":2,"name":"Seguro de enfermedad para estudiantes de alem\u00e1n en Bonn"}]},{"@type":"WebSite","@id":"https:\/\/www.sprachschule-aktiv-bonn.de\/#website","url":"https:\/\/www.sprachschule-aktiv-bonn.de\/","name":"Sprachschule Aktiv Bonn","description":"","potentialAction":[{"@type":"SearchAction","target":{"@type":"EntryPoint","urlTemplate":"https:\/\/www.sprachschule-aktiv-bonn.de\/?s={search_term_string}"},"query-input":{"@type":"PropertyValueSpecification","valueRequired":true,"valueName":"search_term_string"}}],"inLanguage":"es"}]}},"_links":{"self":[{"href":"https:\/\/www.sprachschule-aktiv-bonn.de\/es\/wp-json\/wp\/v2\/pages\/3492","targetHints":{"allow":["GET"]}}],"collection":[{"href":"https:\/\/www.sprachschule-aktiv-bonn.de\/es\/wp-json\/wp\/v2\/pages"}],"about":[{"href":"https:\/\/www.sprachschule-aktiv-bonn.de\/es\/wp-json\/wp\/v2\/types\/page"}],"author":[{"embeddable":true,"href":"https:\/\/www.sprachschule-aktiv-bonn.de\/es\/wp-json\/wp\/v2\/users\/2"}],"replies":[{"embeddable":true,"href":"https:\/\/www.sprachschule-aktiv-bonn.de\/es\/wp-json\/wp\/v2\/comments?post=3492"}],"version-history":[{"count":7,"href":"https:\/\/www.sprachschule-aktiv-bonn.de\/es\/wp-json\/wp\/v2\/pages\/3492\/revisions"}],"predecessor-version":[{"id":7622,"href":"https:\/\/www.sprachschule-aktiv-bonn.de\/es\/wp-json\/wp\/v2\/pages\/3492\/revisions\/7622"}],"wp:attachment":[{"href":"https:\/\/www.sprachschule-aktiv-bonn.de\/es\/wp-json\/wp\/v2\/media?parent=3492"}],"curies":[{"name":"wp","href":"https:\/\/api.w.org\/{rel}","templated":true}]}}