{"id":3450,"date":"2022-06-04T06:47:09","date_gmt":"2022-06-04T04:47:09","guid":{"rendered":"https:\/\/www.sprachschule-aktiv-bonn.de\/deutschkurse-mit-unterkunft\/"},"modified":"2026-03-24T21:31:49","modified_gmt":"2026-03-24T20:31:49","slug":"cursos-de-aleman-con-alojamiento","status":"publish","type":"page","link":"https:\/\/www.sprachschule-aktiv-bonn.de\/es\/cursos-de-aleman-con-alojamiento\/","title":{"rendered":"Cursos de alem\u00e1n con alojamiento en Bonn"},"content":{"rendered":"\t\t<div data-elementor-type=\"wp-page\" data-elementor-id=\"3450\" class=\"elementor elementor-3450 elementor-444\">\n\t\t\t\t\t\t<section class=\"elementor-section elementor-top-section elementor-element elementor-element-b9cdc9e elementor-section-boxed elementor-section-height-default elementor-section-height-default\" data-id=\"b9cdc9e\" data-element_type=\"section\" data-e-type=\"section\">\n\t\t\t\t\t\t<div class=\"elementor-container elementor-column-gap-default\">\n\t\t\t\t\t<div class=\"elementor-column elementor-col-100 elementor-top-column elementor-element elementor-element-8bbf85f\" data-id=\"8bbf85f\" data-element_type=\"column\" data-e-type=\"column\">\n\t\t\t<div class=\"elementor-widget-wrap elementor-element-populated\">\n\t\t\t\t\t\t<div class=\"elementor-element elementor-element-dbab2a1 elementor-widget elementor-widget-text-editor\" data-id=\"dbab2a1\" data-element_type=\"widget\" data-e-type=\"widget\" data-widget_type=\"text-editor.default\">\n\t\t\t\t<div class=\"elementor-widget-container\">\n\t\t\t\t\t\t\t\t\t<p>Descubra la hermosa ciudad de Bonn y mejore sus conocimientos de alem\u00e1n al mismo tiempo con nuestros cursos de alem\u00e1n con alojamiento incluido. Nuestros experimentados y cualificados profesores le ayudar\u00e1n a mejorar sus conocimientos del idioma y a comunicarse con m\u00e1s confianza en la vida cotidiana.<\/p>\t\t\t\t\t\t\t\t<\/div>\n\t\t\t\t<\/div>\n\t\t\t\t\t<\/div>\n\t\t<\/div>\n\t\t\t\t\t<\/div>\n\t\t<\/section>\n\t\t\t\t<section class=\"elementor-section elementor-top-section elementor-element elementor-element-8f3711b elementor-section-content-middle elementor-section-boxed elementor-section-height-default elementor-section-height-default\" data-id=\"8f3711b\" data-element_type=\"section\" data-e-type=\"section\">\n\t\t\t\t\t\t<div class=\"elementor-container elementor-column-gap-default\">\n\t\t\t\t\t<div class=\"elementor-column elementor-col-50 elementor-top-column elementor-element elementor-element-2690fe2\" data-id=\"2690fe2\" data-element_type=\"column\" data-e-type=\"column\">\n\t\t\t<div class=\"elementor-widget-wrap elementor-element-populated\">\n\t\t\t\t\t\t<div class=\"elementor-element elementor-element-3813f65 elementor-widget elementor-widget-image\" data-id=\"3813f65\" data-element_type=\"widget\" data-e-type=\"widget\" data-widget_type=\"image.default\">\n\t\t\t\t<div class=\"elementor-widget-container\">\n\t\t\t\t\t\t\t\t\t\t\t\t\t\t\t<img fetchpriority=\"high\" decoding=\"async\" width=\"800\" height=\"533\" src=\"https:\/\/www.sprachschule-aktiv-bonn.de\/wp-content\/uploads\/2023\/04\/deutschkurse-mit-unterkunft-in-bonn-1.jpg\" class=\"attachment-large size-large wp-image-3360\" alt=\"Curso de alem\u00e1n con alojamiento en Bonn\" srcset=\"https:\/\/www.sprachschule-aktiv-bonn.de\/wp-content\/uploads\/2023\/04\/deutschkurse-mit-unterkunft-in-bonn-1.jpg 800w, https:\/\/www.sprachschule-aktiv-bonn.de\/wp-content\/uploads\/2023\/04\/deutschkurse-mit-unterkunft-in-bonn-1-300x200.jpg 300w, https:\/\/www.sprachschule-aktiv-bonn.de\/wp-content\/uploads\/2023\/04\/deutschkurse-mit-unterkunft-in-bonn-1-768x512.jpg 768w\" sizes=\"(max-width: 800px) 100vw, 800px\" \/>\t\t\t\t\t\t\t\t\t\t\t\t\t\t\t<\/div>\n\t\t\t\t<\/div>\n\t\t\t\t\t<\/div>\n\t\t<\/div>\n\t\t\t\t<div class=\"elementor-column elementor-col-50 elementor-top-column elementor-element elementor-element-ec1b7c6\" data-id=\"ec1b7c6\" data-element_type=\"column\" data-e-type=\"column\">\n\t\t\t<div class=\"elementor-widget-wrap elementor-element-populated\">\n\t\t\t\t\t\t<div class=\"elementor-element elementor-element-62354a0 elementor-widget elementor-widget-text-editor\" data-id=\"62354a0\" data-element_type=\"widget\" data-e-type=\"widget\" data-widget_type=\"text-editor.default\">\n\t\t\t\t<div class=\"elementor-widget-container\">\n\t\t\t\t\t\t\t\t\t<p>Nuestros socios en Bonn ofrecen alojamiento en las inmediaciones de la sede del curso de alem\u00e1n y un hogar acogedor durante su estancia. Podr\u00e1 concentrarse plenamente en el aprendizaje mientras conoce la cultura y la historia de la ciudad de Bonn.<\/p><p>Nuestros cursos de alem\u00e1n son adecuados para todos los niveles, desde principiantes hasta avanzados. Ofrecemos tanto clases en grupo como individuales para satisfacer sus necesidades individuales.<\/p><p>Reserve hoy mismo un curso de alem\u00e1n con alojamiento en Bonn y sum\u00e9rjase en la lengua y la cultura alemanas.<\/p>\t\t\t\t\t\t\t\t<\/div>\n\t\t\t\t<\/div>\n\t\t\t\t<div class=\"elementor-element elementor-element-0fb70e6 elementor-widget elementor-widget-text-editor\" data-id=\"0fb70e6\" data-element_type=\"widget\" data-e-type=\"widget\" data-widget_type=\"text-editor.default\">\n\t\t\t\t<div class=\"elementor-widget-container\">\n\t\t\t\t\t\t\t\t\t<a class=\"whyaweb-kontakt\" href=\"#\">\u00a1Solicitud r\u00e1pida!<\/a>\t\t\t\t\t\t\t\t<\/div>\n\t\t\t\t<\/div>\n\t\t\t\t\t<\/div>\n\t\t<\/div>\n\t\t\t\t\t<\/div>\n\t\t<\/section>\n\t\t\t\t<section class=\"elementor-section elementor-top-section elementor-element elementor-element-d6329f8 elementor-section-boxed elementor-section-height-default elementor-section-height-default\" data-id=\"d6329f8\" data-element_type=\"section\" data-e-type=\"section\">\n\t\t\t\t\t\t<div class=\"elementor-container elementor-column-gap-default\">\n\t\t\t\t\t<div class=\"elementor-column elementor-col-100 elementor-top-column elementor-element elementor-element-c5e5f83\" data-id=\"c5e5f83\" data-element_type=\"column\" data-e-type=\"column\">\n\t\t\t<div class=\"elementor-widget-wrap elementor-element-populated\">\n\t\t\t\t\t\t<div class=\"elementor-element elementor-element-ba502d5 elementor-widget elementor-widget-heading\" data-id=\"ba502d5\" data-element_type=\"widget\" data-e-type=\"widget\" data-widget_type=\"heading.default\">\n\t\t\t\t<div class=\"elementor-widget-container\">\n\t\t\t\t\t<h2 class=\"elementor-heading-title elementor-size-default\">Estos son los costes que tienes que esperar<\/h2>\t\t\t\t<\/div>\n\t\t\t\t<\/div>\n\t\t\t\t<div class=\"elementor-element elementor-element-d063701 elementor-widget elementor-widget-text-editor\" data-id=\"d063701\" data-element_type=\"widget\" data-e-type=\"widget\" data-widget_type=\"text-editor.default\">\n\t\t\t\t<div class=\"elementor-widget-container\">\n\t\t\t\t\t\t\t\t\t<p>El requisito para el alojamiento es un per\u00edodo m\u00ednimo de reserva de cuatro semanas. Las clases tienen lugar siempre por la ma\u00f1ana de lunes a viernes. Puede participar en los cursos de alem\u00e1n como estudiante principiante o avanzado. Los cursos de Bonn se basan en el Marco Com\u00fan de Referencia para las Lenguas Extranjeras. Dependiendo de su formaci\u00f3n previa, puede empezar con un curso de nivel A1, A2, B1, B2, C1 o C2.<\/p><p>Coste de un curso intensivo de alem\u00e1n de cuatro semanas: 399 euros<\/p><p>Gastos de alojamiento: Entre 400 y 600 euros al mes, dependiendo del tipo de alojamiento.<\/p>\t\t\t\t\t\t\t\t<\/div>\n\t\t\t\t<\/div>\n\t\t\t\t<div class=\"elementor-element elementor-element-5119dbf elementor-widget elementor-widget-text-editor\" data-id=\"5119dbf\" data-element_type=\"widget\" data-e-type=\"widget\" data-widget_type=\"text-editor.default\">\n\t\t\t\t<div class=\"elementor-widget-container\">\n\t\t\t\t\t\t\t\t\t<a class=\"whyaweb-anmeldung\" href=\"#\">Solicita un curso de idiomas en Bonn<\/a>\t\t\t\t\t\t\t\t<\/div>\n\t\t\t\t<\/div>\n\t\t\t\t\t<\/div>\n\t\t<\/div>\n\t\t\t\t\t<\/div>\n\t\t<\/section>\n\t\t\t\t<section class=\"elementor-section elementor-top-section elementor-element elementor-element-c45fb69 elementor-section-boxed elementor-section-height-default elementor-section-height-default\" data-id=\"c45fb69\" data-element_type=\"section\" data-e-type=\"section\">\n\t\t\t\t\t\t<div class=\"elementor-container elementor-column-gap-default\">\n\t\t\t\t\t<div class=\"elementor-column elementor-col-100 elementor-top-column elementor-element elementor-element-97bfffd\" data-id=\"97bfffd\" data-element_type=\"column\" data-e-type=\"column\">\n\t\t\t<div class=\"elementor-widget-wrap elementor-element-populated\">\n\t\t\t\t\t\t<div class=\"elementor-element elementor-element-9b4006e elementor-widget elementor-widget-heading\" data-id=\"9b4006e\" data-element_type=\"widget\" data-e-type=\"widget\" data-widget_type=\"heading.default\">\n\t\t\t\t<div class=\"elementor-widget-container\">\n\t\t\t\t\t<h2 class=\"elementor-heading-title elementor-size-default\">Vivir con una familia en Bonn<\/h2>\t\t\t\t<\/div>\n\t\t\t\t<\/div>\n\t\t\t\t<div class=\"elementor-element elementor-element-689df3a elementor-widget elementor-widget-text-editor\" data-id=\"689df3a\" data-element_type=\"widget\" data-e-type=\"widget\" data-widget_type=\"text-editor.default\">\n\t\t\t\t<div class=\"elementor-widget-container\">\n\t\t\t\t\t\t\t\t\t<p>Para tener \u00e9xito r\u00e1pidamente en el aprendizaje del alem\u00e1n, lo ideal es que viva con una familia de acogida. Tendr\u00e1 contacto familiar, conocer\u00e1 a los miembros de la familia en las comidas y realizar\u00e1n excursiones juntos. A menudo tendr\u00e1 la oportunidad de practicar la lengua alemana.<\/p>\t\t\t\t\t\t\t\t<\/div>\n\t\t\t\t<\/div>\n\t\t\t\t<div class=\"elementor-element elementor-element-1d23d68 elementor-widget elementor-widget-heading\" data-id=\"1d23d68\" data-element_type=\"widget\" data-e-type=\"widget\" data-widget_type=\"heading.default\">\n\t\t\t\t<div class=\"elementor-widget-container\">\n\t\t\t\t\t<h2 class=\"elementor-heading-title elementor-size-default\">Vivir en un piso compartido en Bonn<\/h2>\t\t\t\t<\/div>\n\t\t\t\t<\/div>\n\t\t\t\t<div class=\"elementor-element elementor-element-e3c9db4 elementor-widget elementor-widget-text-editor\" data-id=\"e3c9db4\" data-element_type=\"widget\" data-e-type=\"widget\" data-widget_type=\"text-editor.default\">\n\t\t\t\t<div class=\"elementor-widget-container\">\n\t\t\t\t\t\t\t\t\t<p>En un piso compartido, la cohesi\u00f3n no es tan estrecha como en una familia de acogida. No obstante, tendr\u00e1 contacto frecuente con los dem\u00e1s compa\u00f1eros de piso. Te encontrar\u00e1s con ellos en la cocina o en la sala com\u00fan.<\/p>\t\t\t\t\t\t\t\t<\/div>\n\t\t\t\t<\/div>\n\t\t\t\t<div class=\"elementor-element elementor-element-86cdad6 elementor-widget elementor-widget-heading\" data-id=\"86cdad6\" data-element_type=\"widget\" data-e-type=\"widget\" data-widget_type=\"heading.default\">\n\t\t\t\t<div class=\"elementor-widget-container\">\n\t\t\t\t\t<h2 class=\"elementor-heading-title elementor-size-default\">Vivir en un piso de estudiantes en Bonn<\/h2>\t\t\t\t<\/div>\n\t\t\t\t<\/div>\n\t\t\t\t<div class=\"elementor-element elementor-element-428b0c7 elementor-widget elementor-widget-text-editor\" data-id=\"428b0c7\" data-element_type=\"widget\" data-e-type=\"widget\" data-widget_type=\"text-editor.default\">\n\t\t\t\t<div class=\"elementor-widget-container\">\n\t\t\t\t\t\t\t\t\t<p>Durante las vacaciones semestrales, a los estudiantes les gusta alquilar sus pisos a estudiantes de idiomas. En una residencia de estudiantes, t\u00fa decides si quieres conocer a otros residentes. Es recomendable, porque s\u00f3lo se aprende alem\u00e1n en contacto con otras personas.<\/p>\t\t\t\t\t\t\t\t<\/div>\n\t\t\t\t<\/div>\n\t\t\t\t<div class=\"elementor-element elementor-element-094f20b elementor-widget elementor-widget-heading\" data-id=\"094f20b\" data-element_type=\"widget\" data-e-type=\"widget\" data-widget_type=\"heading.default\">\n\t\t\t\t<div class=\"elementor-widget-container\">\n\t\t\t\t\t<h2 class=\"elementor-heading-title elementor-size-default\">Vivir en un hotel o pensi\u00f3n<\/h2>\t\t\t\t<\/div>\n\t\t\t\t<\/div>\n\t\t\t\t<div class=\"elementor-element elementor-element-8914149 elementor-widget elementor-widget-text-editor\" data-id=\"8914149\" data-element_type=\"widget\" data-e-type=\"widget\" data-widget_type=\"text-editor.default\">\n\t\t\t\t<div class=\"elementor-widget-container\">\n\t\t\t\t\t\t\t\t\t<p>Este tipo de alojamiento no s\u00f3lo es muy caro, sino que no es recomendable. Apenas conocer\u00e1 a otros alemanes y, por tanto, tendr\u00e1 pocas oportunidades de practicar la lengua alemana.<\/p>\t\t\t\t\t\t\t\t<\/div>\n\t\t\t\t<\/div>\n\t\t\t\t<div class=\"elementor-element elementor-element-2565df5 elementor-widget elementor-widget-heading\" data-id=\"2565df5\" data-element_type=\"widget\" data-e-type=\"widget\" data-widget_type=\"heading.default\">\n\t\t\t\t<div class=\"elementor-widget-container\">\n\t\t\t\t\t<h2 class=\"elementor-heading-title elementor-size-default\">C\u00f3mo hacer que su viaje de estudios a Bonn sea un \u00e9xito<\/h2>\t\t\t\t<\/div>\n\t\t\t\t<\/div>\n\t\t\t\t<div class=\"elementor-element elementor-element-490c005 elementor-widget elementor-widget-text-editor\" data-id=\"490c005\" data-element_type=\"widget\" data-e-type=\"widget\" data-widget_type=\"text-editor.default\">\n\t\t\t\t<div class=\"elementor-widget-container\">\n\t\t\t\t\t\t\t\t\t<p>En primer lugar, determine su nivel de idioma. Para ello, utilice la prueba de nivel de nuestra p\u00e1gina web. A continuaci\u00f3n, inscr\u00edbase en el curso intensivo correspondiente. P\u00f3ngase en contacto con nosotros y d\u00edganos qu\u00e9 alojamiento desea. No espere demasiado, porque el mercado de la vivienda en Bonn no siempre es f\u00e1cil y puede llevar alg\u00fan tiempo encontrar un alojamiento adecuado. Por supuesto, siempre le mantendremos informado de los progresos.<\/p><p>No s\u00f3lo estamos a su disposici\u00f3n cuando busque alojamiento, sino tambi\u00e9n para cualquier otra cuesti\u00f3n relacionada con su curso y su estancia en Bonn. Nuestro personal le atender\u00e1 intensamente para que su estancia sea una experiencia memorable.<\/p>\t\t\t\t\t\t\t\t<\/div>\n\t\t\t\t<\/div>\n\t\t\t\t<div class=\"elementor-element elementor-element-d79ad16 elementor-widget elementor-widget-heading\" data-id=\"d79ad16\" data-element_type=\"widget\" data-e-type=\"widget\" data-widget_type=\"heading.default\">\n\t\t\t\t<div class=\"elementor-widget-container\">\n\t\t\t\t\t<h2 class=\"elementor-heading-title elementor-size-default\">Decida su estancia ling\u00fc\u00edstica en Bonn<\/h2>\t\t\t\t<\/div>\n\t\t\t\t<\/div>\n\t\t\t\t<section class=\"elementor-section elementor-inner-section elementor-element elementor-element-a2e1852 elementor-section-boxed elementor-section-height-default elementor-section-height-default\" data-id=\"a2e1852\" data-element_type=\"section\" data-e-type=\"section\">\n\t\t\t\t\t\t<div class=\"elementor-container elementor-column-gap-default\">\n\t\t\t\t\t<div class=\"elementor-column elementor-col-50 elementor-inner-column elementor-element elementor-element-553459c\" data-id=\"553459c\" data-element_type=\"column\" data-e-type=\"column\">\n\t\t\t<div class=\"elementor-widget-wrap elementor-element-populated\">\n\t\t\t\t\t\t<div class=\"elementor-element elementor-element-40a8b25 elementor-widget elementor-widget-video\" data-id=\"40a8b25\" data-element_type=\"widget\" data-e-type=\"widget\" data-settings=\"{&quot;youtube_url&quot;:&quot;https:\\\/\\\/www.youtube.com\\\/watch?v=JOvJI8b4z_E&quot;,&quot;video_type&quot;:&quot;youtube&quot;,&quot;controls&quot;:&quot;yes&quot;}\" data-widget_type=\"video.default\">\n\t\t\t\t<div class=\"elementor-widget-container\">\n\t\t\t\t\t\t\t<div class=\"elementor-wrapper elementor-open-inline\">\n\t\t\t<div class=\"elementor-video\"><\/div>\t\t<\/div>\n\t\t\t\t\t\t<\/div>\n\t\t\t\t<\/div>\n\t\t\t\t\t<\/div>\n\t\t<\/div>\n\t\t\t\t<div class=\"elementor-column elementor-col-50 elementor-inner-column elementor-element elementor-element-08ab45d\" data-id=\"08ab45d\" data-element_type=\"column\" data-e-type=\"column\">\n\t\t\t<div class=\"elementor-widget-wrap elementor-element-populated\">\n\t\t\t\t\t\t<div class=\"elementor-element elementor-element-936df67 elementor-widget elementor-widget-text-editor\" data-id=\"936df67\" data-element_type=\"widget\" data-e-type=\"widget\" data-widget_type=\"text-editor.default\">\n\t\t\t\t<div class=\"elementor-widget-container\">\n\t\t\t\t\t\t\t\t\t<p>Si desea participar en un curso intensivo en Bonn, pero a\u00fan no vive en la ciudad, necesitar\u00e1 un alojamiento adecuado para ese periodo. La escuela de idiomas Aktiv de Bonn estar\u00e1 encantada de ayudarle a encontrar un piso adecuado. Le encontraremos alojamiento en familias de acogida, residencias de estudiantes y pisos compartidos. Un servicio especial que ofrece Sprachschule Aktiv es vivir con tu profesor. No s\u00f3lo estar\u00e1s con el profesor durante las clases, sino que tambi\u00e9n pasar\u00e1s parte de tu tiempo libre con \u00e9l. Incluso el viaje m\u00e1s largo comienza con el primer paso. Si a\u00fan tiene preguntas sobre los cursos de idiomas y la b\u00fasqueda de alojamiento en Bonn, p\u00f3ngase en contacto con nosotros. Puede llamarnos o ponerse en contacto con nosotros a trav\u00e9s del formulario de nuestra p\u00e1gina web. Estaremos encantados de atenderle.<\/p>\t\t\t\t\t\t\t\t<\/div>\n\t\t\t\t<\/div>\n\t\t\t\t\t<\/div>\n\t\t<\/div>\n\t\t\t\t\t<\/div>\n\t\t<\/section>\n\t\t\t\t\t<\/div>\n\t\t<\/div>\n\t\t\t\t\t<\/div>\n\t\t<\/section>\n\t\t\t\t<\/div>\n\t\t","protected":false},"excerpt":{"rendered":"<p>Descubra la hermosa ciudad de Bonn y mejore sus conocimientos de alem\u00e1n al mismo tiempo con nuestros cursos de alem\u00e1n con alojamiento incluido. Nuestros experimentados y cualificados profesores le ayudar\u00e1n a mejorar sus conocimientos del idioma y a comunicarse con m\u00e1s confianza en la vida cotidiana. Nuestros socios en Bonn ofrecen alojamiento en las inmediaciones&hellip; <a class=\"read-more\" href=\"https:\/\/www.sprachschule-aktiv-bonn.de\/es\/cursos-de-aleman-con-alojamiento\/\" title=\"Read Cursos de alem\u00e1n con alojamiento en Bonn\">Read more &raquo;<\/a><\/p>\n","protected":false},"author":2,"featured_media":0,"parent":0,"menu_order":0,"comment_status":"closed","ping_status":"closed","template":"","meta":{"footnotes":""},"class_list":["post-3450","page","type-page","status-publish","hentry"],"yoast_head":"<!-- This site is optimized with the Yoast SEO plugin v27.2 - https:\/\/yoast.com\/product\/yoast-seo-wordpress\/ -->\n<title>Cursos de alem\u00e1n con alojamiento en Bonn<\/title>\n<meta name=\"description\" content=\"\u00bfLe gustar\u00eda asistir a un curso de alem\u00e1n en Bonn y est\u00e1 buscando alojamiento? Sprachschule Aktiv le ofrece alojamiento.\" \/>\n<meta name=\"robots\" content=\"index, follow, max-snippet:-1, max-image-preview:large, max-video-preview:-1\" \/>\n<link rel=\"canonical\" href=\"https:\/\/www.sprachschule-aktiv-bonn.de\/es\/cursos-de-aleman-con-alojamiento\/\" \/>\n<meta property=\"og:locale\" content=\"es_ES\" \/>\n<meta property=\"og:type\" content=\"article\" \/>\n<meta property=\"og:title\" content=\"Cursos de alem\u00e1n con alojamiento en Bonn\" \/>\n<meta property=\"og:description\" content=\"\u00bfLe gustar\u00eda asistir a un curso de alem\u00e1n en Bonn y est\u00e1 buscando alojamiento? Sprachschule Aktiv le ofrece alojamiento.\" \/>\n<meta property=\"og:url\" content=\"https:\/\/www.sprachschule-aktiv-bonn.de\/es\/cursos-de-aleman-con-alojamiento\/\" \/>\n<meta property=\"og:site_name\" content=\"Sprachschule Aktiv Bonn\" \/>\n<meta property=\"article:modified_time\" content=\"2026-03-24T20:31:49+00:00\" \/>\n<meta property=\"og:image\" content=\"https:\/\/www.sprachschule-aktiv-bonn.de\/wp-content\/uploads\/2023\/04\/deutschkurse-mit-unterkunft-in-bonn-1.jpg\" \/>\n\t<meta property=\"og:image:width\" content=\"800\" \/>\n\t<meta property=\"og:image:height\" content=\"533\" \/>\n\t<meta property=\"og:image:type\" content=\"image\/jpeg\" \/>\n<meta name=\"twitter:card\" content=\"summary_large_image\" \/>\n<meta name=\"twitter:label1\" content=\"Tiempo de lectura\" \/>\n\t<meta name=\"twitter:data1\" content=\"4 minutos\" \/>\n<script type=\"application\/ld+json\" class=\"yoast-schema-graph\">{\"@context\":\"https:\/\/schema.org\",\"@graph\":[{\"@type\":\"WebPage\",\"@id\":\"https:\/\/www.sprachschule-aktiv-bonn.de\/es\/cursos-de-aleman-con-alojamiento\/\",\"url\":\"https:\/\/www.sprachschule-aktiv-bonn.de\/es\/cursos-de-aleman-con-alojamiento\/\",\"name\":\"Cursos de alem\u00e1n con alojamiento en Bonn\",\"isPartOf\":{\"@id\":\"https:\/\/www.sprachschule-aktiv-bonn.de\/#website\"},\"primaryImageOfPage\":{\"@id\":\"https:\/\/www.sprachschule-aktiv-bonn.de\/es\/cursos-de-aleman-con-alojamiento\/#primaryimage\"},\"image\":{\"@id\":\"https:\/\/www.sprachschule-aktiv-bonn.de\/es\/cursos-de-aleman-con-alojamiento\/#primaryimage\"},\"thumbnailUrl\":\"https:\/\/www.sprachschule-aktiv-bonn.de\/wp-content\/uploads\/2023\/04\/deutschkurse-mit-unterkunft-in-bonn-1.jpg\",\"datePublished\":\"2022-06-04T04:47:09+00:00\",\"dateModified\":\"2026-03-24T20:31:49+00:00\",\"description\":\"\u00bfLe gustar\u00eda asistir a un curso de alem\u00e1n en Bonn y est\u00e1 buscando alojamiento? Sprachschule Aktiv le ofrece alojamiento.\",\"breadcrumb\":{\"@id\":\"https:\/\/www.sprachschule-aktiv-bonn.de\/es\/cursos-de-aleman-con-alojamiento\/#breadcrumb\"},\"inLanguage\":\"es\",\"potentialAction\":[{\"@type\":\"ReadAction\",\"target\":[\"https:\/\/www.sprachschule-aktiv-bonn.de\/es\/cursos-de-aleman-con-alojamiento\/\"]}]},{\"@type\":\"ImageObject\",\"inLanguage\":\"es\",\"@id\":\"https:\/\/www.sprachschule-aktiv-bonn.de\/es\/cursos-de-aleman-con-alojamiento\/#primaryimage\",\"url\":\"https:\/\/www.sprachschule-aktiv-bonn.de\/wp-content\/uploads\/2023\/04\/deutschkurse-mit-unterkunft-in-bonn-1.jpg\",\"contentUrl\":\"https:\/\/www.sprachschule-aktiv-bonn.de\/wp-content\/uploads\/2023\/04\/deutschkurse-mit-unterkunft-in-bonn-1.jpg\"},{\"@type\":\"BreadcrumbList\",\"@id\":\"https:\/\/www.sprachschule-aktiv-bonn.de\/es\/cursos-de-aleman-con-alojamiento\/#breadcrumb\",\"itemListElement\":[{\"@type\":\"ListItem\",\"position\":1,\"name\":\"Startseite\",\"item\":\"https:\/\/www.sprachschule-aktiv-bonn.de\/es\/\"},{\"@type\":\"ListItem\",\"position\":2,\"name\":\"Cursos de alem\u00e1n con alojamiento en Bonn\"}]},{\"@type\":\"WebSite\",\"@id\":\"https:\/\/www.sprachschule-aktiv-bonn.de\/#website\",\"url\":\"https:\/\/www.sprachschule-aktiv-bonn.de\/\",\"name\":\"Sprachschule Aktiv Bonn\",\"description\":\"\",\"potentialAction\":[{\"@type\":\"SearchAction\",\"target\":{\"@type\":\"EntryPoint\",\"urlTemplate\":\"https:\/\/www.sprachschule-aktiv-bonn.de\/?s={search_term_string}\"},\"query-input\":{\"@type\":\"PropertyValueSpecification\",\"valueRequired\":true,\"valueName\":\"search_term_string\"}}],\"inLanguage\":\"es\"}]}<\/script>\n<!-- \/ Yoast SEO plugin. -->","yoast_head_json":{"title":"Cursos de alem\u00e1n con alojamiento en Bonn","description":"\u00bfLe gustar\u00eda asistir a un curso de alem\u00e1n en Bonn y est\u00e1 buscando alojamiento? Sprachschule Aktiv le ofrece alojamiento.","robots":{"index":"index","follow":"follow","max-snippet":"max-snippet:-1","max-image-preview":"max-image-preview:large","max-video-preview":"max-video-preview:-1"},"canonical":"https:\/\/www.sprachschule-aktiv-bonn.de\/es\/cursos-de-aleman-con-alojamiento\/","og_locale":"es_ES","og_type":"article","og_title":"Cursos de alem\u00e1n con alojamiento en Bonn","og_description":"\u00bfLe gustar\u00eda asistir a un curso de alem\u00e1n en Bonn y est\u00e1 buscando alojamiento? Sprachschule Aktiv le ofrece alojamiento.","og_url":"https:\/\/www.sprachschule-aktiv-bonn.de\/es\/cursos-de-aleman-con-alojamiento\/","og_site_name":"Sprachschule Aktiv Bonn","article_modified_time":"2026-03-24T20:31:49+00:00","og_image":[{"width":800,"height":533,"url":"https:\/\/www.sprachschule-aktiv-bonn.de\/wp-content\/uploads\/2023\/04\/deutschkurse-mit-unterkunft-in-bonn-1.jpg","type":"image\/jpeg"}],"twitter_card":"summary_large_image","twitter_misc":{"Tiempo de lectura":"4 minutos"},"schema":{"@context":"https:\/\/schema.org","@graph":[{"@type":"WebPage","@id":"https:\/\/www.sprachschule-aktiv-bonn.de\/es\/cursos-de-aleman-con-alojamiento\/","url":"https:\/\/www.sprachschule-aktiv-bonn.de\/es\/cursos-de-aleman-con-alojamiento\/","name":"Cursos de alem\u00e1n con alojamiento en Bonn","isPartOf":{"@id":"https:\/\/www.sprachschule-aktiv-bonn.de\/#website"},"primaryImageOfPage":{"@id":"https:\/\/www.sprachschule-aktiv-bonn.de\/es\/cursos-de-aleman-con-alojamiento\/#primaryimage"},"image":{"@id":"https:\/\/www.sprachschule-aktiv-bonn.de\/es\/cursos-de-aleman-con-alojamiento\/#primaryimage"},"thumbnailUrl":"https:\/\/www.sprachschule-aktiv-bonn.de\/wp-content\/uploads\/2023\/04\/deutschkurse-mit-unterkunft-in-bonn-1.jpg","datePublished":"2022-06-04T04:47:09+00:00","dateModified":"2026-03-24T20:31:49+00:00","description":"\u00bfLe gustar\u00eda asistir a un curso de alem\u00e1n en Bonn y est\u00e1 buscando alojamiento? Sprachschule Aktiv le ofrece alojamiento.","breadcrumb":{"@id":"https:\/\/www.sprachschule-aktiv-bonn.de\/es\/cursos-de-aleman-con-alojamiento\/#breadcrumb"},"inLanguage":"es","potentialAction":[{"@type":"ReadAction","target":["https:\/\/www.sprachschule-aktiv-bonn.de\/es\/cursos-de-aleman-con-alojamiento\/"]}]},{"@type":"ImageObject","inLanguage":"es","@id":"https:\/\/www.sprachschule-aktiv-bonn.de\/es\/cursos-de-aleman-con-alojamiento\/#primaryimage","url":"https:\/\/www.sprachschule-aktiv-bonn.de\/wp-content\/uploads\/2023\/04\/deutschkurse-mit-unterkunft-in-bonn-1.jpg","contentUrl":"https:\/\/www.sprachschule-aktiv-bonn.de\/wp-content\/uploads\/2023\/04\/deutschkurse-mit-unterkunft-in-bonn-1.jpg"},{"@type":"BreadcrumbList","@id":"https:\/\/www.sprachschule-aktiv-bonn.de\/es\/cursos-de-aleman-con-alojamiento\/#breadcrumb","itemListElement":[{"@type":"ListItem","position":1,"name":"Startseite","item":"https:\/\/www.sprachschule-aktiv-bonn.de\/es\/"},{"@type":"ListItem","position":2,"name":"Cursos de alem\u00e1n con alojamiento en Bonn"}]},{"@type":"WebSite","@id":"https:\/\/www.sprachschule-aktiv-bonn.de\/#website","url":"https:\/\/www.sprachschule-aktiv-bonn.de\/","name":"Sprachschule Aktiv Bonn","description":"","potentialAction":[{"@type":"SearchAction","target":{"@type":"EntryPoint","urlTemplate":"https:\/\/www.sprachschule-aktiv-bonn.de\/?s={search_term_string}"},"query-input":{"@type":"PropertyValueSpecification","valueRequired":true,"valueName":"search_term_string"}}],"inLanguage":"es"}]}},"_links":{"self":[{"href":"https:\/\/www.sprachschule-aktiv-bonn.de\/es\/wp-json\/wp\/v2\/pages\/3450","targetHints":{"allow":["GET"]}}],"collection":[{"href":"https:\/\/www.sprachschule-aktiv-bonn.de\/es\/wp-json\/wp\/v2\/pages"}],"about":[{"href":"https:\/\/www.sprachschule-aktiv-bonn.de\/es\/wp-json\/wp\/v2\/types\/page"}],"author":[{"embeddable":true,"href":"https:\/\/www.sprachschule-aktiv-bonn.de\/es\/wp-json\/wp\/v2\/users\/2"}],"replies":[{"embeddable":true,"href":"https:\/\/www.sprachschule-aktiv-bonn.de\/es\/wp-json\/wp\/v2\/comments?post=3450"}],"version-history":[{"count":7,"href":"https:\/\/www.sprachschule-aktiv-bonn.de\/es\/wp-json\/wp\/v2\/pages\/3450\/revisions"}],"predecessor-version":[{"id":7637,"href":"https:\/\/www.sprachschule-aktiv-bonn.de\/es\/wp-json\/wp\/v2\/pages\/3450\/revisions\/7637"}],"wp:attachment":[{"href":"https:\/\/www.sprachschule-aktiv-bonn.de\/es\/wp-json\/wp\/v2\/media?parent=3450"}],"curies":[{"name":"wp","href":"https:\/\/api.w.org\/{rel}","templated":true}]}}